{"id":574902,"date":"2022-01-12T15:23:00","date_gmt":"2022-01-12T15:23:00","guid":{"rendered":"https:\/\/aukinkochile.com\/web\/producto\/encaje-formas-cajas-con-llave\/"},"modified":"2024-11-11T21:20:29","modified_gmt":"2024-11-11T21:20:29","slug":"encaje-formas-cajas-con-llave","status":"publish","type":"product","link":"https:\/\/aukinkochile.com\/web\/producto\/encaje-formas-cajas-con-llave\/","title":{"rendered":"Encaje Apilar Formas Cajas con Llave"},"content":{"rendered":"<p>Juego apilable y de encaje de 10 cajas cuadradas. Las cajas m\u00e1s grandes tienen tapa transparente y llave, y presentan figuras para encajar. Adem\u00e1s, incluye 7 cajas m\u00e1s peque\u00f1as de colores que se encajan y apilan. El juego contiene 4 formas para encajar, 4 figuras de animales para encajar y 3 llaves. La caja grande mide 14 x 14 x 15 cm, mientras que la caja m\u00e1s peque\u00f1a mide 2,5 x 2,5 x 2,8 cm. La forma de encaje circular tiene un di\u00e1metro de 4 cm y una altura de 2,5 cm. La figura de encaje, un conejo, mide 7 x 4 x 2,5 cm. La presentaci\u00f3n del juguete es una caja dentro de otra.<\/p>\n<p><p><strong>Material : <\/strong> Pl\u00e1stico<\/p>\n<p><strong>C\u00f3digo Aukinko : <\/strong> 05-545328<\/p>\n<p><strong>C\u00f3digo Convenio Marco : <\/strong> x<\/p>\n","protected":false},"excerpt":{"rendered":"<p>Juego apilable y de encaje de 10 cajas cuadradas. Las cajas m\u00e1s grandes tienen tapa transparente y llave, y presentan figuras para encajar. Adem\u00e1s, incluye 7 cajas m\u00e1s peque\u00f1as de colores que se encajan y apilan. El juego contiene 4 formas para encajar, 4 figuras de animales para encajar y 3 llaves. La caja grande [&hellip;]<\/p>\n","protected":false},"featured_media":623347,"comment_status":"open","ping_status":"closed","template":"","meta":{"_et_pb_use_builder":"","_et_pb_old_content":"","_et_gb_content_width":""},"product_brand":[],"product_cat":[91,20,23],"product_tag":[],"class_list":{"0":"post-574902","1":"product","2":"type-product","3":"status-publish","4":"has-post-thumbnail","6":"product_cat-accesorios-sala","7":"product_cat-motricidad-fina","8":"product_cat-primeros-anos","9":"pa_edad-1-a-2-anos","10":"pa_edad-2-a-3-anos","11":"pa_edad-3-a-4-anos","12":"pa_marca-gowi","13":"pa_medidas-5-x-14-x-14-cm-apilable-armado-con-film","14":"pa_medidas-4328","16":"first","17":"instock","18":"shipping-taxable","19":"purchasable","20":"product-type-simple"},"aioseo_notices":[],"_links":{"self":[{"href":"https:\/\/aukinkochile.com\/web\/wp-json\/wp\/v2\/product\/574902","targetHints":{"allow":["GET"]}}],"collection":[{"href":"https:\/\/aukinkochile.com\/web\/wp-json\/wp\/v2\/product"}],"about":[{"href":"https:\/\/aukinkochile.com\/web\/wp-json\/wp\/v2\/types\/product"}],"replies":[{"embeddable":true,"href":"https:\/\/aukinkochile.com\/web\/wp-json\/wp\/v2\/comments?post=574902"}],"wp:featuredmedia":[{"embeddable":true,"href":"https:\/\/aukinkochile.com\/web\/wp-json\/wp\/v2\/media\/623347"}],"wp:attachment":[{"href":"https:\/\/aukinkochile.com\/web\/wp-json\/wp\/v2\/media?parent=574902"}],"wp:term":[{"taxonomy":"product_brand","embeddable":true,"href":"https:\/\/aukinkochile.com\/web\/wp-json\/wp\/v2\/product_brand?post=574902"},{"taxonomy":"product_cat","embeddable":true,"href":"https:\/\/aukinkochile.com\/web\/wp-json\/wp\/v2\/product_cat?post=574902"},{"taxonomy":"product_tag","embeddable":true,"href":"https:\/\/aukinkochile.com\/web\/wp-json\/wp\/v2\/product_tag?post=574902"}],"curies":[{"name":"wp","href":"https:\/\/api.w.org\/{rel}","templated":true}]}}