{"id":574863,"date":"2021-12-28T14:18:01","date_gmt":"2021-12-28T14:18:01","guid":{"rendered":"https:\/\/aukinkochile.com\/web\/producto\/juego-patio-mesa-de-agua-y-arena\/"},"modified":"2026-03-27T17:05:29","modified_gmt":"2026-03-27T17:05:29","slug":"juego-patio-mesa-de-agua-y-arena","status":"publish","type":"product","link":"https:\/\/aukinkochile.com\/web\/producto\/juego-patio-mesa-de-agua-y-arena\/","title":{"rendered":"Mesa de Agua y Arena"},"content":{"rendered":"<p>Sencillo juego de agua y arena. El juego incluye soporte, malla y recipiente de pl\u00e1stico resistente para jugar con arena y agua, volumen para 27 litros. Material pl\u00e1stico, irrompible, seguro y de color fuerte y brillante. Los bordes son suaves y redondeados sin filos, por lo que son seguros para p\u00e1rvulos. De gran calidad y dise\u00f1o. Asegura horas de diversi\u00f3n. Colores surtidos (rojo, verde amarillo y azul) (no incluye ni arena ni juguetes)<\/p>\n<p><p><strong>Material : <\/strong> Pl\u00e1stico<\/p>\n<p><strong>C\u00f3digo Aukinko : <\/strong> 18-5700001<\/p>\n<p><strong>C\u00f3digo Convenio Marco : <\/strong> x<\/p>\n","protected":false},"excerpt":{"rendered":"<p>Sencillo juego de agua y arena. El juego incluye soporte, malla y recipiente de pl\u00e1stico resistente para jugar con arena y agua, volumen para 27 litros. Material pl\u00e1stico, irrompible, seguro y de color fuerte y brillante. Los bordes son suaves y redondeados sin filos, por lo que son seguros para p\u00e1rvulos. De gran calidad y [&hellip;]<\/p>\n","protected":false},"featured_media":624502,"comment_status":"open","ping_status":"closed","template":"","meta":{"_et_pb_use_builder":"","_et_pb_old_content":"","_et_gb_content_width":""},"product_brand":[],"product_cat":[1005],"product_tag":[],"class_list":{"0":"post-574863","1":"product","2":"type-product","3":"status-publish","4":"has-post-thumbnail","6":"product_cat-accesorios-patio","7":"pa_edad-2-a-3-anos","8":"pa_edad-3-a-4-anos","9":"pa_edad-4-a-5-anos","10":"pa_edad-5-a-6-anos","11":"pa_edad-6-a-8-anos","12":"pa_marca-edushape","13":"pa_medidas-medida-tina-70-x-50-x-16-cm","15":"first","16":"instock","17":"shipping-taxable","18":"purchasable","19":"product-type-simple"},"aioseo_notices":[],"_links":{"self":[{"href":"https:\/\/aukinkochile.com\/web\/wp-json\/wp\/v2\/product\/574863","targetHints":{"allow":["GET"]}}],"collection":[{"href":"https:\/\/aukinkochile.com\/web\/wp-json\/wp\/v2\/product"}],"about":[{"href":"https:\/\/aukinkochile.com\/web\/wp-json\/wp\/v2\/types\/product"}],"replies":[{"embeddable":true,"href":"https:\/\/aukinkochile.com\/web\/wp-json\/wp\/v2\/comments?post=574863"}],"wp:featuredmedia":[{"embeddable":true,"href":"https:\/\/aukinkochile.com\/web\/wp-json\/wp\/v2\/media\/624502"}],"wp:attachment":[{"href":"https:\/\/aukinkochile.com\/web\/wp-json\/wp\/v2\/media?parent=574863"}],"wp:term":[{"taxonomy":"product_brand","embeddable":true,"href":"https:\/\/aukinkochile.com\/web\/wp-json\/wp\/v2\/product_brand?post=574863"},{"taxonomy":"product_cat","embeddable":true,"href":"https:\/\/aukinkochile.com\/web\/wp-json\/wp\/v2\/product_cat?post=574863"},{"taxonomy":"product_tag","embeddable":true,"href":"https:\/\/aukinkochile.com\/web\/wp-json\/wp\/v2\/product_tag?post=574863"}],"curies":[{"name":"wp","href":"https:\/\/api.w.org\/{rel}","templated":true}]}}