{"id":574526,"date":"2021-12-14T18:17:54","date_gmt":"2021-12-14T18:17:54","guid":{"rendered":"https:\/\/aukinkochile.com\/web\/producto\/casita-munecas-amoblada-madera\/"},"modified":"2023-12-13T15:42:40","modified_gmt":"2023-12-13T15:42:40","slug":"casita-munecas-amoblada-madera","status":"publish","type":"product","link":"https:\/\/aukinkochile.com\/web\/producto\/casita-munecas-amoblada-madera\/","title":{"rendered":"Casita Mu\u00f1ecas Amoblada Madera"},"content":{"rendered":"<p>Hermosa casa de mu\u00f1ecas de madera. En la planta baja, tiene una hermosa cocina con comedor y una c\u00f3moda sala de estar desde la que se puede subir al segundo piso, donde se encuentran el dormitorio y el ba\u00f1o. La puerta de entrada y las ventanas de la planta baja se pueden abrir para jugar m\u00e1s c\u00f3modamente. Decorada con pinturas no t\u00f3xicas y resistentes, cumpliendo con las m\u00e1s estrictas normas de seguridad vigentes. Incluye mobiliario y dos personajes. Estos juegos de rol estimulan la imaginaci\u00f3n y el lenguaje en la primera infancia. Fabricado en material de primera calidad, con el m\u00e1ximo cuidado en cada peque\u00f1o detalle.<\/p>\n<p><p><strong>Material : <\/strong> MADERA<\/p>\n<p><strong>C\u00f3digo Aukinko : <\/strong> 11-783045<\/p>\n<p><strong>C\u00f3digo Convenio Marco : <\/strong> <\/p>\n","protected":false},"excerpt":{"rendered":"<p>Hermosa casa de mu\u00f1ecas de madera. En la planta baja, tiene una hermosa cocina con comedor y una c\u00f3moda sala de estar desde la que se puede subir al segundo piso, donde se encuentran el dormitorio y el ba\u00f1o. La puerta de entrada y las ventanas de la planta baja se pueden abrir para jugar [&hellip;]<\/p>\n","protected":false},"featured_media":626346,"comment_status":"open","ping_status":"closed","template":"","meta":{"_et_pb_use_builder":"","_et_pb_old_content":"","_et_gb_content_width":""},"product_brand":[],"product_cat":[17],"product_tag":[],"class_list":{"0":"post-574526","1":"product","2":"type-product","3":"status-publish","4":"has-post-thumbnail","6":"product_cat-juegos-de-rol","7":"pa_edad-3-a-4-anos","8":"pa_edad-4-a-5-anos","9":"pa_edad-5-a-6-anos","10":"pa_marca-trudi","11":"pa_medidas-42-x-47-x-30-cm","13":"first","14":"instock","15":"shipping-taxable","16":"purchasable","17":"product-type-simple"},"aioseo_notices":[],"_links":{"self":[{"href":"https:\/\/aukinkochile.com\/web\/wp-json\/wp\/v2\/product\/574526","targetHints":{"allow":["GET"]}}],"collection":[{"href":"https:\/\/aukinkochile.com\/web\/wp-json\/wp\/v2\/product"}],"about":[{"href":"https:\/\/aukinkochile.com\/web\/wp-json\/wp\/v2\/types\/product"}],"replies":[{"embeddable":true,"href":"https:\/\/aukinkochile.com\/web\/wp-json\/wp\/v2\/comments?post=574526"}],"wp:featuredmedia":[{"embeddable":true,"href":"https:\/\/aukinkochile.com\/web\/wp-json\/wp\/v2\/media\/626346"}],"wp:attachment":[{"href":"https:\/\/aukinkochile.com\/web\/wp-json\/wp\/v2\/media?parent=574526"}],"wp:term":[{"taxonomy":"product_brand","embeddable":true,"href":"https:\/\/aukinkochile.com\/web\/wp-json\/wp\/v2\/product_brand?post=574526"},{"taxonomy":"product_cat","embeddable":true,"href":"https:\/\/aukinkochile.com\/web\/wp-json\/wp\/v2\/product_cat?post=574526"},{"taxonomy":"product_tag","embeddable":true,"href":"https:\/\/aukinkochile.com\/web\/wp-json\/wp\/v2\/product_tag?post=574526"}],"curies":[{"name":"wp","href":"https:\/\/api.w.org\/{rel}","templated":true}]}}