{"id":574358,"date":"2021-12-14T18:09:50","date_gmt":"2021-12-14T18:09:50","guid":{"rendered":"https:\/\/aukinkochile.com\/web\/producto\/peluche-labrador-34-cm\/"},"modified":"2023-12-13T15:40:06","modified_gmt":"2023-12-13T15:40:06","slug":"peluche-labrador-34-cm","status":"publish","type":"product","link":"https:\/\/aukinkochile.com\/web\/producto\/peluche-labrador-34-cm\/","title":{"rendered":"Peluche Perro Labrador 34 cm"},"content":{"rendered":"<p>Peluche suave y blando de material de alta calidad. Repleto de detalles preciosos y realistas, ha sido desarrollado de acuerdo a los m\u00e1s estrictos est\u00e1ndares de seguridad. Lavable en lavadora.<\/p>\n<p><p><strong>Material : <\/strong> FELPA<\/p>\n<p><strong>C\u00f3digo Aukinko : <\/strong> 11-722874<\/p>\n<p><strong>C\u00f3digo Convenio Marco : <\/strong> <\/p>\n","protected":false},"excerpt":{"rendered":"<p>Peluche suave y blando de material de alta calidad. Repleto de detalles preciosos y realistas, ha sido desarrollado de acuerdo a los m\u00e1s estrictos est\u00e1ndares de seguridad. Lavable en lavadora. Material : FELPA C\u00f3digo Aukinko : 11-722874 C\u00f3digo Convenio Marco :<\/p>\n","protected":false},"featured_media":626268,"comment_status":"open","ping_status":"closed","template":"","meta":{"_et_pb_use_builder":"","_et_pb_old_content":"","_et_gb_content_width":""},"product_brand":[],"product_cat":[212],"product_tag":[],"class_list":{"0":"post-574358","1":"product","2":"type-product","3":"status-publish","4":"has-post-thumbnail","6":"product_cat-munecos-y-figuras","7":"pa_edad-10-anos","8":"pa_edad-2-a-3-anos","9":"pa_edad-3-a-4-anos","10":"pa_edad-4-a-5-anos","11":"pa_edad-5-a-6-anos","12":"pa_edad-6-a-8-anos","13":"pa_edad-8-a-10-anos","14":"pa_marca-trudi","15":"pa_medidas-34-cm","17":"first","18":"instock","19":"shipping-taxable","20":"purchasable","21":"product-type-simple"},"aioseo_notices":[],"_links":{"self":[{"href":"https:\/\/aukinkochile.com\/web\/wp-json\/wp\/v2\/product\/574358","targetHints":{"allow":["GET"]}}],"collection":[{"href":"https:\/\/aukinkochile.com\/web\/wp-json\/wp\/v2\/product"}],"about":[{"href":"https:\/\/aukinkochile.com\/web\/wp-json\/wp\/v2\/types\/product"}],"replies":[{"embeddable":true,"href":"https:\/\/aukinkochile.com\/web\/wp-json\/wp\/v2\/comments?post=574358"}],"wp:featuredmedia":[{"embeddable":true,"href":"https:\/\/aukinkochile.com\/web\/wp-json\/wp\/v2\/media\/626268"}],"wp:attachment":[{"href":"https:\/\/aukinkochile.com\/web\/wp-json\/wp\/v2\/media?parent=574358"}],"wp:term":[{"taxonomy":"product_brand","embeddable":true,"href":"https:\/\/aukinkochile.com\/web\/wp-json\/wp\/v2\/product_brand?post=574358"},{"taxonomy":"product_cat","embeddable":true,"href":"https:\/\/aukinkochile.com\/web\/wp-json\/wp\/v2\/product_cat?post=574358"},{"taxonomy":"product_tag","embeddable":true,"href":"https:\/\/aukinkochile.com\/web\/wp-json\/wp\/v2\/product_tag?post=574358"}],"curies":[{"name":"wp","href":"https:\/\/api.w.org\/{rel}","templated":true}]}}