{"id":574157,"date":"2021-12-02T21:02:59","date_gmt":"2021-12-02T21:02:59","guid":{"rendered":"https:\/\/aukinkochile.com\/web\/producto\/balancin-set-2-pz\/"},"modified":"2025-06-26T16:13:05","modified_gmt":"2025-06-26T16:13:05","slug":"balancin-set-2-pz","status":"publish","type":"product","link":"https:\/\/aukinkochile.com\/web\/producto\/balancin-set-2-pz\/","title":{"rendered":"Balanc\u00edn set 2 pz"},"content":{"rendered":"<p>Set de 2 piezas, 1 tabl\u00f3n r\u00edgido y resistente con 1 puente curvo para formar un balanc\u00edn. seguro, resistente, liviano, higi\u00e9nico y f\u00e1cil de ensamblar puente curvo color amarillo. (Stock limitado, preguntar por si necesita mas de una unidad)<\/p>\n<p><p><strong>Material : <\/strong> Pl\u00e1stico suave Polipropileno<\/p>\n<p><strong>C\u00f3digo Aukinko : <\/strong> 08-7104703<\/p>\n<p><strong>C\u00f3digo Convenio Marco : <\/strong> x<\/p>\n","protected":false},"excerpt":{"rendered":"<p>Set de 2 piezas, 1 tabl\u00f3n r\u00edgido y resistente con 1 puente curvo para formar un balanc\u00edn. seguro, resistente, liviano, higi\u00e9nico y f\u00e1cil de ensamblar puente curvo color amarillo. (Stock limitado, preguntar por si necesita mas de una unidad) Material : Pl\u00e1stico suave Polipropileno C\u00f3digo Aukinko : 08-7104703 C\u00f3digo Convenio Marco : x<\/p>\n","protected":false},"featured_media":574156,"comment_status":"open","ping_status":"closed","template":"","meta":{"_et_pb_use_builder":"","_et_pb_old_content":"","_et_gb_content_width":""},"product_brand":[],"product_cat":[148,7385,18],"product_tag":[],"class_list":{"0":"post-574157","1":"product","2":"type-product","3":"status-publish","4":"has-post-thumbnail","6":"product_cat-deportes","7":"product_cat-estimulacion-cognitiva-y-motora-para-adultos-mayores","8":"product_cat-motricidad-gruesa","9":"pa_edad-3-a-4-anos","10":"pa_edad-4-a-5-anos","11":"pa_edad-5-a-6-anos","12":"pa_edad-6-a-8-anos","13":"pa_marca-wesco","14":"pa_medidas-120-x-30-x-15-cm-tablon","15":"pa_medidas-40-x-30-x-30-cm-puente","17":"first","18":"instock","19":"shipping-taxable","20":"purchasable","21":"product-type-simple"},"aioseo_notices":[],"_links":{"self":[{"href":"https:\/\/aukinkochile.com\/web\/wp-json\/wp\/v2\/product\/574157","targetHints":{"allow":["GET"]}}],"collection":[{"href":"https:\/\/aukinkochile.com\/web\/wp-json\/wp\/v2\/product"}],"about":[{"href":"https:\/\/aukinkochile.com\/web\/wp-json\/wp\/v2\/types\/product"}],"replies":[{"embeddable":true,"href":"https:\/\/aukinkochile.com\/web\/wp-json\/wp\/v2\/comments?post=574157"}],"wp:featuredmedia":[{"embeddable":true,"href":"https:\/\/aukinkochile.com\/web\/wp-json\/wp\/v2\/media\/574156"}],"wp:attachment":[{"href":"https:\/\/aukinkochile.com\/web\/wp-json\/wp\/v2\/media?parent=574157"}],"wp:term":[{"taxonomy":"product_brand","embeddable":true,"href":"https:\/\/aukinkochile.com\/web\/wp-json\/wp\/v2\/product_brand?post=574157"},{"taxonomy":"product_cat","embeddable":true,"href":"https:\/\/aukinkochile.com\/web\/wp-json\/wp\/v2\/product_cat?post=574157"},{"taxonomy":"product_tag","embeddable":true,"href":"https:\/\/aukinkochile.com\/web\/wp-json\/wp\/v2\/product_tag?post=574157"}],"curies":[{"name":"wp","href":"https:\/\/api.w.org\/{rel}","templated":true}]}}