{"id":574032,"date":"2021-11-15T16:45:12","date_gmt":"2021-11-15T16:45:12","guid":{"rendered":"https:\/\/aukinkochile.com\/web\/producto\/juego-mesa-acrobatas-madera\/"},"modified":"2024-01-03T19:20:34","modified_gmt":"2024-01-03T19:20:34","slug":"juego-mesa-acrobatas-madera","status":"publish","type":"product","link":"https:\/\/aukinkochile.com\/web\/producto\/juego-mesa-acrobatas-madera\/","title":{"rendered":"Juego Mesa Acr\u00f3batas Madera"},"content":{"rendered":"<p>Juego de equilibrio con 12 acr\u00f3batas de madera pintados a mano con simp\u00e1ticos dise\u00f1os. Ideal para crear impresionantes figuras acrob\u00e1ticas. Presta atenci\u00f3n, porque el jugador que hace que se caigan los acr\u00f3batas pierde.<\/p>\n<p><p><strong>Material : <\/strong> MADERA<\/p>\n<p><strong>C\u00f3digo Aukinko : <\/strong> 10-27710<\/p>\n<p><strong>C\u00f3digo Convenio Marco : <\/strong> <\/p>\n","protected":false},"excerpt":{"rendered":"<p>Juego de equilibrio con 12 acr\u00f3batas de madera pintados a mano con simp\u00e1ticos dise\u00f1os. Ideal para crear impresionantes figuras acrob\u00e1ticas. Presta atenci\u00f3n, porque el jugador que hace que se caigan los acr\u00f3batas pierde. Material : MADERA C\u00f3digo Aukinko : 10-27710 C\u00f3digo Convenio Marco :<\/p>\n","protected":false},"featured_media":626936,"comment_status":"open","ping_status":"closed","template":"","meta":{"_et_pb_use_builder":"","_et_pb_old_content":"","_et_gb_content_width":""},"product_brand":[],"product_cat":[149],"product_tag":[],"class_list":{"0":"post-574032","1":"product","2":"type-product","3":"status-publish","4":"has-post-thumbnail","6":"product_cat-juegos-de-mesa","7":"pa_edad-3-a-4-anos","8":"pa_edad-4-a-5-anos","9":"pa_edad-5-a-6-anos","10":"pa_edad-6-a-8-anos","11":"pa_marca-vilac","12":"pa_medidas-32-x-22-x-3-cm","14":"first","15":"instock","16":"shipping-taxable","17":"purchasable","18":"product-type-simple"},"aioseo_notices":[],"_links":{"self":[{"href":"https:\/\/aukinkochile.com\/web\/wp-json\/wp\/v2\/product\/574032","targetHints":{"allow":["GET"]}}],"collection":[{"href":"https:\/\/aukinkochile.com\/web\/wp-json\/wp\/v2\/product"}],"about":[{"href":"https:\/\/aukinkochile.com\/web\/wp-json\/wp\/v2\/types\/product"}],"replies":[{"embeddable":true,"href":"https:\/\/aukinkochile.com\/web\/wp-json\/wp\/v2\/comments?post=574032"}],"wp:featuredmedia":[{"embeddable":true,"href":"https:\/\/aukinkochile.com\/web\/wp-json\/wp\/v2\/media\/626936"}],"wp:attachment":[{"href":"https:\/\/aukinkochile.com\/web\/wp-json\/wp\/v2\/media?parent=574032"}],"wp:term":[{"taxonomy":"product_brand","embeddable":true,"href":"https:\/\/aukinkochile.com\/web\/wp-json\/wp\/v2\/product_brand?post=574032"},{"taxonomy":"product_cat","embeddable":true,"href":"https:\/\/aukinkochile.com\/web\/wp-json\/wp\/v2\/product_cat?post=574032"},{"taxonomy":"product_tag","embeddable":true,"href":"https:\/\/aukinkochile.com\/web\/wp-json\/wp\/v2\/product_tag?post=574032"}],"curies":[{"name":"wp","href":"https:\/\/api.w.org\/{rel}","templated":true}]}}