{"id":573997,"date":"2021-11-15T16:35:25","date_gmt":"2021-11-15T16:35:25","guid":{"rendered":"https:\/\/aukinkochile.com\/web\/producto\/ropa-polera-a-rayas-36-cm\/"},"modified":"2025-11-26T21:59:13","modified_gmt":"2025-11-26T21:59:13","slug":"ropa-polera-a-rayas-36-cm","status":"publish","type":"product","link":"https:\/\/aukinkochile.com\/web\/producto\/ropa-polera-a-rayas-36-cm\/","title":{"rendered":"Ropa Mu\u00f1eca Polera a Rayas 36 cm"},"content":{"rendered":"<p>Hermosa ropa para mu\u00f1ecas de 36 cm. De excelente calidad y hermosos dise\u00f1os. dise\u00f1adas para que los m\u00e1s peque\u00f1os puedan pon\u00e9rsela y sac\u00e1rsela f\u00e1cilmente a las mu\u00f1ecas. Mu\u00f1eca se vende por separado.<\/p>\n<p><p><strong>Material : <\/strong> Genero<\/p>\n<p><strong>C\u00f3digo Aukinko : <\/strong> 14-6210790<\/p>\n<p><strong>C\u00f3digo Convenio Marco : <\/strong> x<\/p>\n","protected":false},"excerpt":{"rendered":"<p>Hermosa ropa para mu\u00f1ecas de 36 cm. De excelente calidad y hermosos dise\u00f1os. dise\u00f1adas para que los m\u00e1s peque\u00f1os puedan pon\u00e9rsela y sac\u00e1rsela f\u00e1cilmente a las mu\u00f1ecas. Mu\u00f1eca se vende por separado. Material : Genero C\u00f3digo Aukinko : 14-6210790 C\u00f3digo Convenio Marco : x<\/p>\n","protected":false},"featured_media":625513,"comment_status":"open","ping_status":"closed","template":"","meta":{"_et_pb_use_builder":"","_et_pb_old_content":"","_et_gb_content_width":""},"product_brand":[],"product_cat":[17,212],"product_tag":[],"class_list":{"0":"post-573997","1":"product","2":"type-product","3":"status-publish","4":"has-post-thumbnail","6":"product_cat-juegos-de-rol","7":"product_cat-munecos-y-figuras","8":"pa_edad-2-a-3-anos","9":"pa_edad-3-a-4-anos","10":"pa_edad-4-a-5-anos","11":"pa_edad-5-a-6-anos","12":"pa_edad-6-a-8-anos","13":"pa_marca-corolle","14":"pa_medidas-para-munecas-de-36-cm","16":"first","17":"instock","18":"shipping-taxable","19":"purchasable","20":"product-type-simple"},"aioseo_notices":[],"_links":{"self":[{"href":"https:\/\/aukinkochile.com\/web\/wp-json\/wp\/v2\/product\/573997","targetHints":{"allow":["GET"]}}],"collection":[{"href":"https:\/\/aukinkochile.com\/web\/wp-json\/wp\/v2\/product"}],"about":[{"href":"https:\/\/aukinkochile.com\/web\/wp-json\/wp\/v2\/types\/product"}],"replies":[{"embeddable":true,"href":"https:\/\/aukinkochile.com\/web\/wp-json\/wp\/v2\/comments?post=573997"}],"wp:featuredmedia":[{"embeddable":true,"href":"https:\/\/aukinkochile.com\/web\/wp-json\/wp\/v2\/media\/625513"}],"wp:attachment":[{"href":"https:\/\/aukinkochile.com\/web\/wp-json\/wp\/v2\/media?parent=573997"}],"wp:term":[{"taxonomy":"product_brand","embeddable":true,"href":"https:\/\/aukinkochile.com\/web\/wp-json\/wp\/v2\/product_brand?post=573997"},{"taxonomy":"product_cat","embeddable":true,"href":"https:\/\/aukinkochile.com\/web\/wp-json\/wp\/v2\/product_cat?post=573997"},{"taxonomy":"product_tag","embeddable":true,"href":"https:\/\/aukinkochile.com\/web\/wp-json\/wp\/v2\/product_tag?post=573997"}],"curies":[{"name":"wp","href":"https:\/\/api.w.org\/{rel}","templated":true}]}}