{"id":573961,"date":"2021-11-15T16:34:51","date_gmt":"2021-11-15T16:34:51","guid":{"rendered":"https:\/\/aukinkochile.com\/web\/producto\/campana-bicicleta-surtido-c-u\/"},"modified":"2024-01-03T19:20:48","modified_gmt":"2024-01-03T19:20:48","slug":"campana-bicicleta-surtido-c-u","status":"publish","type":"product","link":"https:\/\/aukinkochile.com\/web\/producto\/campana-bicicleta-surtido-c-u\/","title":{"rendered":"Campana Bicicleta c\/u"},"content":{"rendered":"<p>Estas hermosas campanas ser\u00e1n el accesorio ideal para la bicicleta de los m\u00e1s peque\u00f1os y las m\u00e1s peque\u00f1as. Fabricado en metal, de material suave y resistente, con hermosas y originales ilustraciones realizadas por Suzy Ultman en un universo kawaii-chic suave y brillante. Hay 4 modelos disponibles: leopardo, p\u00e1jaro, flor y arco\u00edris. Precio por unidad.<\/p>\n<p><p><strong>Material : <\/strong> METAL<\/p>\n<p><strong>C\u00f3digo Aukinko : <\/strong> 10-28907<\/p>\n<p><strong>C\u00f3digo Convenio Marco : <\/strong> <\/p>\n","protected":false},"excerpt":{"rendered":"<p>Estas hermosas campanas ser\u00e1n el accesorio ideal para la bicicleta de los m\u00e1s peque\u00f1os y las m\u00e1s peque\u00f1as. Fabricado en metal, de material suave y resistente, con hermosas y originales ilustraciones realizadas por Suzy Ultman en un universo kawaii-chic suave y brillante. Hay 4 modelos disponibles: leopardo, p\u00e1jaro, flor y arco\u00edris. Precio por unidad. Material [&hellip;]<\/p>\n","protected":false},"featured_media":626959,"comment_status":"open","ping_status":"closed","template":"","meta":{"_et_pb_use_builder":"","_et_pb_old_content":"","_et_gb_content_width":""},"product_brand":[],"product_cat":[21,148],"product_tag":[],"class_list":{"0":"post-573961","1":"product","2":"type-product","3":"status-publish","4":"has-post-thumbnail","6":"product_cat-arte-y-manipulacion","7":"product_cat-deportes","8":"pa_edad-10-anos","9":"pa_edad-4-a-5-anos","10":"pa_edad-5-a-6-anos","11":"pa_edad-6-a-8-anos","12":"pa_edad-8-a-10-anos","13":"pa_marca-vilac","14":"pa_medidas-6-x-5-x-6-cm","16":"first","17":"instock","18":"shipping-taxable","19":"purchasable","20":"product-type-simple"},"aioseo_notices":[],"_links":{"self":[{"href":"https:\/\/aukinkochile.com\/web\/wp-json\/wp\/v2\/product\/573961","targetHints":{"allow":["GET"]}}],"collection":[{"href":"https:\/\/aukinkochile.com\/web\/wp-json\/wp\/v2\/product"}],"about":[{"href":"https:\/\/aukinkochile.com\/web\/wp-json\/wp\/v2\/types\/product"}],"replies":[{"embeddable":true,"href":"https:\/\/aukinkochile.com\/web\/wp-json\/wp\/v2\/comments?post=573961"}],"wp:featuredmedia":[{"embeddable":true,"href":"https:\/\/aukinkochile.com\/web\/wp-json\/wp\/v2\/media\/626959"}],"wp:attachment":[{"href":"https:\/\/aukinkochile.com\/web\/wp-json\/wp\/v2\/media?parent=573961"}],"wp:term":[{"taxonomy":"product_brand","embeddable":true,"href":"https:\/\/aukinkochile.com\/web\/wp-json\/wp\/v2\/product_brand?post=573961"},{"taxonomy":"product_cat","embeddable":true,"href":"https:\/\/aukinkochile.com\/web\/wp-json\/wp\/v2\/product_cat?post=573961"},{"taxonomy":"product_tag","embeddable":true,"href":"https:\/\/aukinkochile.com\/web\/wp-json\/wp\/v2\/product_tag?post=573961"}],"curies":[{"name":"wp","href":"https:\/\/api.w.org\/{rel}","templated":true}]}}