{"id":573884,"date":"2021-11-15T16:34:05","date_gmt":"2021-11-15T16:34:05","guid":{"rendered":"https:\/\/aukinkochile.com\/web\/producto\/carro-madera-juguetes\/"},"modified":"2024-01-03T19:20:13","modified_gmt":"2024-01-03T19:20:13","slug":"carro-madera-juguetes","status":"publish","type":"product","link":"https:\/\/aukinkochile.com\/web\/producto\/carro-madera-juguetes\/","title":{"rendered":"Carro Madera Juguetes"},"content":{"rendered":"<p>Este hermoso carro de madera con las delicadas ilustraciones de Vilac ser\u00e1 el veh\u00edculo ideal para que los m\u00e1s peque\u00f1os puedan transportar sus juguetes por toda la casa. Con sus cuatro ruedas y su cuerda con dos pelotas de madera para un f\u00e1cil agarre de manos peque\u00f1as, ser\u00e1 muy divertido llevarlo a todas partes. Fabricado en madera, un material resistente y suave.<\/p>\n<p><p><strong>Material : <\/strong> MADERA<\/p>\n<p><strong>C\u00f3digo Aukinko : <\/strong> 10-21201<\/p>\n<p><strong>C\u00f3digo Convenio Marco : <\/strong> <\/p>\n","protected":false},"excerpt":{"rendered":"<p>Este hermoso carro de madera con las delicadas ilustraciones de Vilac ser\u00e1 el veh\u00edculo ideal para que los m\u00e1s peque\u00f1os puedan transportar sus juguetes por toda la casa. Con sus cuatro ruedas y su cuerda con dos pelotas de madera para un f\u00e1cil agarre de manos peque\u00f1as, ser\u00e1 muy divertido llevarlo a todas partes. Fabricado [&hellip;]<\/p>\n","protected":false},"featured_media":626902,"comment_status":"open","ping_status":"closed","template":"","meta":{"_et_pb_use_builder":"","_et_pb_old_content":"","_et_gb_content_width":""},"product_brand":[],"product_cat":[18],"product_tag":[],"class_list":{"0":"post-573884","1":"product","2":"type-product","3":"status-publish","4":"has-post-thumbnail","6":"product_cat-motricidad-gruesa","7":"pa_edad-2-a-3-anos","8":"pa_edad-3-a-4-anos","9":"pa_edad-4-a-5-anos","10":"pa_marca-vilac","11":"pa_medidas-5-cm","12":"pa_medidas-5-x-33","13":"pa_medidas-50-x-34","15":"first","16":"instock","17":"shipping-taxable","18":"purchasable","19":"product-type-simple"},"aioseo_notices":[],"_links":{"self":[{"href":"https:\/\/aukinkochile.com\/web\/wp-json\/wp\/v2\/product\/573884","targetHints":{"allow":["GET"]}}],"collection":[{"href":"https:\/\/aukinkochile.com\/web\/wp-json\/wp\/v2\/product"}],"about":[{"href":"https:\/\/aukinkochile.com\/web\/wp-json\/wp\/v2\/types\/product"}],"replies":[{"embeddable":true,"href":"https:\/\/aukinkochile.com\/web\/wp-json\/wp\/v2\/comments?post=573884"}],"wp:featuredmedia":[{"embeddable":true,"href":"https:\/\/aukinkochile.com\/web\/wp-json\/wp\/v2\/media\/626902"}],"wp:attachment":[{"href":"https:\/\/aukinkochile.com\/web\/wp-json\/wp\/v2\/media?parent=573884"}],"wp:term":[{"taxonomy":"product_brand","embeddable":true,"href":"https:\/\/aukinkochile.com\/web\/wp-json\/wp\/v2\/product_brand?post=573884"},{"taxonomy":"product_cat","embeddable":true,"href":"https:\/\/aukinkochile.com\/web\/wp-json\/wp\/v2\/product_cat?post=573884"},{"taxonomy":"product_tag","embeddable":true,"href":"https:\/\/aukinkochile.com\/web\/wp-json\/wp\/v2\/product_tag?post=573884"}],"curies":[{"name":"wp","href":"https:\/\/api.w.org\/{rel}","templated":true}]}}