{"id":573851,"date":"2021-11-15T16:33:49","date_gmt":"2021-11-15T16:33:49","guid":{"rendered":"https:\/\/aukinkochile.com\/web\/producto\/moldes-playa-set-4-pz\/"},"modified":"2024-11-11T21:20:49","modified_gmt":"2024-11-11T21:20:49","slug":"moldes-playa-set-4-pz","status":"publish","type":"product","link":"https:\/\/aukinkochile.com\/web\/producto\/moldes-playa-set-4-pz\/","title":{"rendered":"Molde Arena set 4 pz"},"content":{"rendered":"<p>Set de 4 moldes resistentes para arena. 1 pato, 1 rana, 1 oso y un molde flan, en colores surtidos. De colores brillantes.<\/p>\n<p><p><strong>Material : <\/strong> Pl\u00e1stico<\/p>\n<p><strong>C\u00f3digo Aukinko : <\/strong> 05-555851<\/p>\n<p><strong>C\u00f3digo Convenio Marco : <\/strong> x<\/p>\n","protected":false},"excerpt":{"rendered":"<p>Set de 4 moldes resistentes para arena. 1 pato, 1 rana, 1 oso y un molde flan, en colores surtidos. De colores brillantes. Material : Pl\u00e1stico C\u00f3digo Aukinko : 05-555851 C\u00f3digo Convenio Marco : x<\/p>\n","protected":false},"featured_media":623380,"comment_status":"open","ping_status":"closed","template":"","meta":{"_et_pb_use_builder":"","_et_pb_old_content":"","_et_gb_content_width":""},"product_brand":[],"product_cat":[1005,17],"product_tag":[],"class_list":{"0":"post-573851","1":"product","2":"type-product","3":"status-publish","4":"has-post-thumbnail","6":"product_cat-accesorios-patio","7":"product_cat-juegos-de-rol","8":"pa_edad-1-a-2-anos","9":"pa_edad-2-a-3-anos","10":"pa_edad-3-a-4-anos","11":"pa_edad-4-a-5-anos","12":"pa_edad-5-a-6-anos","13":"pa_edad-6-a-8-anos","14":"pa_marca-gowi","15":"pa_medidas-4356","16":"pa_medidas-5-cm","17":"pa_medidas-5-x-12","18":"pa_medidas-5-x-13","20":"first","21":"instock","22":"shipping-taxable","23":"purchasable","24":"product-type-simple"},"aioseo_notices":[],"_links":{"self":[{"href":"https:\/\/aukinkochile.com\/web\/wp-json\/wp\/v2\/product\/573851","targetHints":{"allow":["GET"]}}],"collection":[{"href":"https:\/\/aukinkochile.com\/web\/wp-json\/wp\/v2\/product"}],"about":[{"href":"https:\/\/aukinkochile.com\/web\/wp-json\/wp\/v2\/types\/product"}],"replies":[{"embeddable":true,"href":"https:\/\/aukinkochile.com\/web\/wp-json\/wp\/v2\/comments?post=573851"}],"wp:featuredmedia":[{"embeddable":true,"href":"https:\/\/aukinkochile.com\/web\/wp-json\/wp\/v2\/media\/623380"}],"wp:attachment":[{"href":"https:\/\/aukinkochile.com\/web\/wp-json\/wp\/v2\/media?parent=573851"}],"wp:term":[{"taxonomy":"product_brand","embeddable":true,"href":"https:\/\/aukinkochile.com\/web\/wp-json\/wp\/v2\/product_brand?post=573851"},{"taxonomy":"product_cat","embeddable":true,"href":"https:\/\/aukinkochile.com\/web\/wp-json\/wp\/v2\/product_cat?post=573851"},{"taxonomy":"product_tag","embeddable":true,"href":"https:\/\/aukinkochile.com\/web\/wp-json\/wp\/v2\/product_tag?post=573851"}],"curies":[{"name":"wp","href":"https:\/\/api.w.org\/{rel}","templated":true}]}}