{"id":573833,"date":"2021-11-15T16:33:38","date_gmt":"2021-11-15T16:33:38","guid":{"rendered":"https:\/\/aukinkochile.com\/web\/producto\/comida-frutas-set\/"},"modified":"2024-11-11T21:20:37","modified_gmt":"2024-11-11T21:20:37","slug":"comida-frutas-set","status":"publish","type":"product","link":"https:\/\/aukinkochile.com\/web\/producto\/comida-frutas-set\/","title":{"rendered":"Comida Frutas set 21 pz"},"content":{"rendered":"<p>Set de 21 piezas de frutas pl\u00e1sticas. Livianas, de tama\u00f1o adecuado para la mano del ni\u00f1o. 2 tomates, 2 naranjas, uvas (3 colores), pl\u00e1tano, 2 limones, 2 trozos de pi\u00f1a, 2 frutillas, 3 trozos de sand\u00eda, 1 pera, 1 manzana verde, 1 manzana roja, 1 man\u00ed, 1 pi\u00f1a entera. De gran calidad y dise\u00f1o. Manzana 5 cm de di\u00e1metro x 6 cm.<\/p>\n<p><p><strong>Material : <\/strong> Pl\u00e1stico<\/p>\n<p><strong>C\u00f3digo Aukinko : <\/strong> 05-545601<\/p>\n<p><strong>C\u00f3digo Convenio Marco : <\/strong> x<\/p>\n","protected":false},"excerpt":{"rendered":"<p>Set de 21 piezas de frutas pl\u00e1sticas. Livianas, de tama\u00f1o adecuado para la mano del ni\u00f1o. 2 tomates, 2 naranjas, uvas (3 colores), pl\u00e1tano, 2 limones, 2 trozos de pi\u00f1a, 2 frutillas, 3 trozos de sand\u00eda, 1 pera, 1 manzana verde, 1 manzana roja, 1 man\u00ed, 1 pi\u00f1a entera. De gran calidad y dise\u00f1o. Manzana [&hellip;]<\/p>\n","protected":false},"featured_media":623361,"comment_status":"open","ping_status":"closed","template":"","meta":{"_et_pb_use_builder":"","_et_pb_old_content":"","_et_gb_content_width":""},"product_brand":[],"product_cat":[91,17],"product_tag":[],"class_list":{"0":"post-573833","1":"product","2":"type-product","3":"status-publish","4":"has-post-thumbnail","6":"product_cat-accesorios-sala","7":"product_cat-juegos-de-rol","8":"pa_edad-2-a-3-anos","9":"pa_edad-3-a-4-anos","10":"pa_edad-4-a-5-anos","11":"pa_edad-5-a-6-anos","12":"pa_edad-6-a-8-anos","13":"pa_marca-gowi","14":"pa_medidas-15-x-46-x-7-cm-display","16":"first","17":"instock","18":"shipping-taxable","19":"purchasable","20":"product-type-simple"},"aioseo_notices":[],"_links":{"self":[{"href":"https:\/\/aukinkochile.com\/web\/wp-json\/wp\/v2\/product\/573833","targetHints":{"allow":["GET"]}}],"collection":[{"href":"https:\/\/aukinkochile.com\/web\/wp-json\/wp\/v2\/product"}],"about":[{"href":"https:\/\/aukinkochile.com\/web\/wp-json\/wp\/v2\/types\/product"}],"replies":[{"embeddable":true,"href":"https:\/\/aukinkochile.com\/web\/wp-json\/wp\/v2\/comments?post=573833"}],"wp:featuredmedia":[{"embeddable":true,"href":"https:\/\/aukinkochile.com\/web\/wp-json\/wp\/v2\/media\/623361"}],"wp:attachment":[{"href":"https:\/\/aukinkochile.com\/web\/wp-json\/wp\/v2\/media?parent=573833"}],"wp:term":[{"taxonomy":"product_brand","embeddable":true,"href":"https:\/\/aukinkochile.com\/web\/wp-json\/wp\/v2\/product_brand?post=573833"},{"taxonomy":"product_cat","embeddable":true,"href":"https:\/\/aukinkochile.com\/web\/wp-json\/wp\/v2\/product_cat?post=573833"},{"taxonomy":"product_tag","embeddable":true,"href":"https:\/\/aukinkochile.com\/web\/wp-json\/wp\/v2\/product_tag?post=573833"}],"curies":[{"name":"wp","href":"https:\/\/api.w.org\/{rel}","templated":true}]}}