{"id":573831,"date":"2021-11-15T16:33:37","date_gmt":"2021-11-15T16:33:37","guid":{"rendered":"https:\/\/aukinkochile.com\/web\/producto\/cocina-set-pasteleria-con-bandeja\/"},"modified":"2026-03-27T17:09:22","modified_gmt":"2026-03-27T17:09:22","slug":"cocina-set-pasteleria-con-bandeja","status":"publish","type":"product","link":"https:\/\/aukinkochile.com\/web\/producto\/cocina-set-pasteleria-con-bandeja\/","title":{"rendered":"Cocina set Pasteler\u00eda con Bandeja"},"content":{"rendered":"<p>Juego de pasteler\u00eda de 17 piezas. Bandeja, bol, moldes, batidor, decorador, uslero, etc., para aprender y jugar a ser un gran pastelero. De alegres colores y excelente calidad.<\/p>\n<p><p><strong>Material : <\/strong> Pl\u00e1stico<\/p>\n<p><strong>C\u00f3digo Aukinko : <\/strong> 05-545463<\/p>\n<p><strong>C\u00f3digo Convenio Marco : <\/strong> x<\/p>\n","protected":false},"excerpt":{"rendered":"<p>Juego de pasteler\u00eda de 17 piezas. Bandeja, bol, moldes, batidor, decorador, uslero, etc., para aprender y jugar a ser un gran pastelero. De alegres colores y excelente calidad. Material : Pl\u00e1stico C\u00f3digo Aukinko : 05-545463 C\u00f3digo Convenio Marco : x<\/p>\n","protected":false},"featured_media":623357,"comment_status":"open","ping_status":"closed","template":"","meta":{"_et_pb_use_builder":"","_et_pb_old_content":"","_et_gb_content_width":""},"product_brand":[],"product_cat":[91,17],"product_tag":[],"class_list":{"0":"post-573831","1":"product","2":"type-product","3":"status-publish","4":"has-post-thumbnail","6":"product_cat-accesorios-sala","7":"product_cat-juegos-de-rol","8":"pa_edad-1-a-2-anos","9":"pa_edad-2-a-3-anos","10":"pa_edad-3-a-4-anos","11":"pa_edad-4-a-5-anos","12":"pa_edad-5-a-6-anos","13":"pa_edad-6-a-8-anos","14":"pa_marca-gowi","15":"pa_medidas-26-x-16-cm","17":"first","18":"instock","19":"sale","20":"shipping-taxable","21":"purchasable","22":"product-type-simple"},"aioseo_notices":[],"_links":{"self":[{"href":"https:\/\/aukinkochile.com\/web\/wp-json\/wp\/v2\/product\/573831","targetHints":{"allow":["GET"]}}],"collection":[{"href":"https:\/\/aukinkochile.com\/web\/wp-json\/wp\/v2\/product"}],"about":[{"href":"https:\/\/aukinkochile.com\/web\/wp-json\/wp\/v2\/types\/product"}],"replies":[{"embeddable":true,"href":"https:\/\/aukinkochile.com\/web\/wp-json\/wp\/v2\/comments?post=573831"}],"wp:featuredmedia":[{"embeddable":true,"href":"https:\/\/aukinkochile.com\/web\/wp-json\/wp\/v2\/media\/623357"}],"wp:attachment":[{"href":"https:\/\/aukinkochile.com\/web\/wp-json\/wp\/v2\/media?parent=573831"}],"wp:term":[{"taxonomy":"product_brand","embeddable":true,"href":"https:\/\/aukinkochile.com\/web\/wp-json\/wp\/v2\/product_brand?post=573831"},{"taxonomy":"product_cat","embeddable":true,"href":"https:\/\/aukinkochile.com\/web\/wp-json\/wp\/v2\/product_cat?post=573831"},{"taxonomy":"product_tag","embeddable":true,"href":"https:\/\/aukinkochile.com\/web\/wp-json\/wp\/v2\/product_tag?post=573831"}],"curies":[{"name":"wp","href":"https:\/\/api.w.org\/{rel}","templated":true}]}}