{"id":573827,"date":"2021-11-15T16:33:36","date_gmt":"2021-11-15T16:33:36","guid":{"rendered":"https:\/\/aukinkochile.com\/web\/producto\/apilar-con-numeros-10-pz\/"},"modified":"2024-11-11T21:20:30","modified_gmt":"2024-11-11T21:20:30","slug":"apilar-con-numeros-10-pz","status":"publish","type":"product","link":"https:\/\/aukinkochile.com\/web\/producto\/apilar-con-numeros-10-pz\/","title":{"rendered":"Encaje Apilar Baldes N\u00fameros 10 pz"},"content":{"rendered":"<p>10 piezas de apilable con n\u00fameros. Desarrolla la habilidad manual y fomenta el aprendizaje de los n\u00fameros, los tama\u00f1os y los colores. 13 cm de di\u00e1metro el m\u00e1s grande, 4 cm de di\u00e1metro el m\u00e1s chico. De gran dise\u00f1o y calidad.<\/p>\n<p><p><strong>Material : <\/strong> Pl\u00e1stico<\/p>\n<p><strong>C\u00f3digo Aukinko : <\/strong> 05-545331<\/p>\n<p><strong>C\u00f3digo Convenio Marco : <\/strong> x<\/p>\n","protected":false},"excerpt":{"rendered":"<p>10 piezas de apilable con n\u00fameros. Desarrolla la habilidad manual y fomenta el aprendizaje de los n\u00fameros, los tama\u00f1os y los colores. 13 cm de di\u00e1metro el m\u00e1s grande, 4 cm de di\u00e1metro el m\u00e1s chico. De gran dise\u00f1o y calidad. Material : Pl\u00e1stico C\u00f3digo Aukinko : 05-545331 C\u00f3digo Convenio Marco : x<\/p>\n","protected":false},"featured_media":623348,"comment_status":"open","ping_status":"closed","template":"","meta":{"_et_pb_use_builder":"","_et_pb_old_content":"","_et_gb_content_width":""},"product_brand":[],"product_cat":[91,20],"product_tag":[],"class_list":{"0":"post-573827","1":"product","2":"type-product","3":"status-publish","4":"has-post-thumbnail","6":"product_cat-accesorios-sala","7":"product_cat-motricidad-fina","8":"pa_edad-1-a-2-anos","9":"pa_edad-2-a-3-anos","10":"pa_edad-3-a-4-anos","11":"pa_marca-gowi","12":"pa_medidas-torre-armada-73-x-13-cm-diametro","14":"first","15":"instock","16":"shipping-taxable","17":"purchasable","18":"product-type-simple"},"aioseo_notices":[],"_links":{"self":[{"href":"https:\/\/aukinkochile.com\/web\/wp-json\/wp\/v2\/product\/573827","targetHints":{"allow":["GET"]}}],"collection":[{"href":"https:\/\/aukinkochile.com\/web\/wp-json\/wp\/v2\/product"}],"about":[{"href":"https:\/\/aukinkochile.com\/web\/wp-json\/wp\/v2\/types\/product"}],"replies":[{"embeddable":true,"href":"https:\/\/aukinkochile.com\/web\/wp-json\/wp\/v2\/comments?post=573827"}],"wp:featuredmedia":[{"embeddable":true,"href":"https:\/\/aukinkochile.com\/web\/wp-json\/wp\/v2\/media\/623348"}],"wp:attachment":[{"href":"https:\/\/aukinkochile.com\/web\/wp-json\/wp\/v2\/media?parent=573827"}],"wp:term":[{"taxonomy":"product_brand","embeddable":true,"href":"https:\/\/aukinkochile.com\/web\/wp-json\/wp\/v2\/product_brand?post=573827"},{"taxonomy":"product_cat","embeddable":true,"href":"https:\/\/aukinkochile.com\/web\/wp-json\/wp\/v2\/product_cat?post=573827"},{"taxonomy":"product_tag","embeddable":true,"href":"https:\/\/aukinkochile.com\/web\/wp-json\/wp\/v2\/product_tag?post=573827"}],"curies":[{"name":"wp","href":"https:\/\/api.w.org\/{rel}","templated":true}]}}