{"id":573688,"date":"2021-10-28T15:55:27","date_gmt":"2021-10-28T15:55:27","guid":{"rendered":"https:\/\/aukinkochile.com\/web\/producto\/cometa-tribal-loop\/"},"modified":"2023-10-20T16:00:38","modified_gmt":"2023-10-20T16:00:38","slug":"cometa-tribal-loop","status":"publish","type":"product","link":"https:\/\/aukinkochile.com\/web\/producto\/cometa-tribal-loop\/","title":{"rendered":"Cometa Tribal Loop"},"content":{"rendered":"<p>Cometas desarrolladas en conjunto con profesionales, son de material de alta calidad. Varillas hechas de fibra de vidrio resistente, velas hechas de poli\u00e9ster resistente al desgarro y cordones de alta calidad con ruedas.<\/p>\n<p><p><strong>Material : <\/strong> POLIESTER<\/p>\n<p><strong>C\u00f3digo Aukinko : <\/strong> 05-1090<\/p>\n<p><strong>C\u00f3digo Convenio Marco : <\/strong> <\/p>\n","protected":false},"excerpt":{"rendered":"<p>Cometas desarrolladas en conjunto con profesionales, son de material de alta calidad. Varillas hechas de fibra de vidrio resistente, velas hechas de poli\u00e9ster resistente al desgarro y cordones de alta calidad con ruedas. Material : POLIESTER C\u00f3digo Aukinko : 05-1090 C\u00f3digo Convenio Marco :<\/p>\n","protected":false},"featured_media":623313,"comment_status":"open","ping_status":"closed","template":"","meta":{"_et_pb_use_builder":"","_et_pb_old_content":"","_et_gb_content_width":""},"product_brand":[],"product_cat":[1005,18],"product_tag":[],"class_list":{"0":"post-573688","1":"product","2":"type-product","3":"status-publish","4":"has-post-thumbnail","6":"product_cat-accesorios-patio","7":"product_cat-motricidad-gruesa","8":"pa_edad-10-anos","9":"pa_edad-8-a-10-anos","10":"pa_marca-gunther","11":"pa_medidas-114-x-16-x-3-cm","13":"first","14":"instock","15":"shipping-taxable","16":"purchasable","17":"product-type-simple"},"aioseo_notices":[],"_links":{"self":[{"href":"https:\/\/aukinkochile.com\/web\/wp-json\/wp\/v2\/product\/573688","targetHints":{"allow":["GET"]}}],"collection":[{"href":"https:\/\/aukinkochile.com\/web\/wp-json\/wp\/v2\/product"}],"about":[{"href":"https:\/\/aukinkochile.com\/web\/wp-json\/wp\/v2\/types\/product"}],"replies":[{"embeddable":true,"href":"https:\/\/aukinkochile.com\/web\/wp-json\/wp\/v2\/comments?post=573688"}],"wp:featuredmedia":[{"embeddable":true,"href":"https:\/\/aukinkochile.com\/web\/wp-json\/wp\/v2\/media\/623313"}],"wp:attachment":[{"href":"https:\/\/aukinkochile.com\/web\/wp-json\/wp\/v2\/media?parent=573688"}],"wp:term":[{"taxonomy":"product_brand","embeddable":true,"href":"https:\/\/aukinkochile.com\/web\/wp-json\/wp\/v2\/product_brand?post=573688"},{"taxonomy":"product_cat","embeddable":true,"href":"https:\/\/aukinkochile.com\/web\/wp-json\/wp\/v2\/product_cat?post=573688"},{"taxonomy":"product_tag","embeddable":true,"href":"https:\/\/aukinkochile.com\/web\/wp-json\/wp\/v2\/product_tag?post=573688"}],"curies":[{"name":"wp","href":"https:\/\/api.w.org\/{rel}","templated":true}]}}