{"id":573435,"date":"2021-09-22T14:50:51","date_gmt":"2021-09-22T14:50:51","guid":{"rendered":"https:\/\/aukinkochile.com\/web\/producto\/letras-del-alfabeto-c-u\/"},"modified":"2025-07-15T16:40:00","modified_gmt":"2025-07-15T16:40:00","slug":"letras-del-alfabeto-c-u","status":"publish","type":"product","link":"https:\/\/aukinkochile.com\/web\/producto\/letras-del-alfabeto-c-u\/","title":{"rendered":"Letra Madera c\/u"},"content":{"rendered":"<p>Letras de madera con adornos de payasos, ideales para decorar la habitaci\u00f3n o como una forma divertida de ense\u00f1ar el alfabeto. Pintadas por ambos lados y decoradas a mano con pinturas no t\u00f3xicas y resistentes. Consulta el stock disponible para cada letra (Agotadas las letras A, I, M, N, S). Precio por unidad.<\/p>\n<p><strong>Material : <\/strong> MADERA<\/p>\n<p><strong>C\u00f3digo Aukinko : <\/strong> 11-781736<\/p>\n<p><strong>C\u00f3digo Convenio Marco : <\/strong><\/p>\n","protected":false},"excerpt":{"rendered":"<p>Letras de madera con adornos de payasos, ideales para decorar la habitaci\u00f3n o como una forma divertida de ense\u00f1ar el alfabeto. Pintadas por ambos lados y decoradas a mano con pinturas no t\u00f3xicas y resistentes. Consulta el stock disponible para cada letra (Agotadas las letras A, I, M, N, S). Precio por unidad. Material : [&hellip;]<\/p>\n","protected":false},"featured_media":626336,"comment_status":"open","ping_status":"closed","template":"","meta":{"_et_pb_use_builder":"","_et_pb_old_content":"","_et_gb_content_width":""},"product_brand":[],"product_cat":[21],"product_tag":[],"class_list":{"0":"post-573435","1":"product","2":"type-product","3":"status-publish","4":"has-post-thumbnail","6":"product_cat-arte-y-manipulacion","7":"pa_edad-0-a-1-ano","8":"pa_edad-1-a-2-anos","9":"pa_edad-2-a-3-anos","10":"pa_edad-3-a-4-anos","11":"pa_edad-4-a-5-anos","12":"pa_edad-5-a-6-anos","13":"pa_edad-6-a-8-anos","14":"pa_edad-8-a-10-anos","15":"pa_marca-trudi","16":"pa_medidas-10-cm","18":"first","19":"instock","20":"shipping-taxable","21":"purchasable","22":"product-type-simple"},"aioseo_notices":[],"_links":{"self":[{"href":"https:\/\/aukinkochile.com\/web\/wp-json\/wp\/v2\/product\/573435","targetHints":{"allow":["GET"]}}],"collection":[{"href":"https:\/\/aukinkochile.com\/web\/wp-json\/wp\/v2\/product"}],"about":[{"href":"https:\/\/aukinkochile.com\/web\/wp-json\/wp\/v2\/types\/product"}],"replies":[{"embeddable":true,"href":"https:\/\/aukinkochile.com\/web\/wp-json\/wp\/v2\/comments?post=573435"}],"wp:featuredmedia":[{"embeddable":true,"href":"https:\/\/aukinkochile.com\/web\/wp-json\/wp\/v2\/media\/626336"}],"wp:attachment":[{"href":"https:\/\/aukinkochile.com\/web\/wp-json\/wp\/v2\/media?parent=573435"}],"wp:term":[{"taxonomy":"product_brand","embeddable":true,"href":"https:\/\/aukinkochile.com\/web\/wp-json\/wp\/v2\/product_brand?post=573435"},{"taxonomy":"product_cat","embeddable":true,"href":"https:\/\/aukinkochile.com\/web\/wp-json\/wp\/v2\/product_cat?post=573435"},{"taxonomy":"product_tag","embeddable":true,"href":"https:\/\/aukinkochile.com\/web\/wp-json\/wp\/v2\/product_tag?post=573435"}],"curies":[{"name":"wp","href":"https:\/\/api.w.org\/{rel}","templated":true}]}}