{"id":573329,"date":"2021-09-22T04:47:33","date_gmt":"2021-09-22T04:47:33","guid":{"rendered":"https:\/\/aukinkochile.com\/web\/producto\/laminas-sonidos-exterior\/"},"modified":"2023-10-19T17:25:19","modified_gmt":"2023-10-19T17:25:19","slug":"laminas-sonidos-exterior","status":"publish","type":"product","link":"https:\/\/aukinkochile.com\/web\/producto\/laminas-sonidos-exterior\/","title":{"rendered":"Laminas Sonidos Exterior"},"content":{"rendered":"<p>Ayude a los ni\u00f1os a aprender a escuchar con atenci\u00f3n y hacer conexiones entre los sonidos y las cosas que hacen esos sonidos. Para jugar, los estudiantes escuchan los sonidos en el CD y coloca las fichas en las im\u00e1genes de sus tarjetas que coincida con lo que escucha. Cada conjunto incluye 12 cartas de juego, con 8 fotograf\u00edas por tarjeta, 120 fichas de juego, un CD de audio, y direcciones en ingles, espa\u00f1ol y franc\u00e9s.<\/p>\n<p><p><strong>Material : <\/strong> CARTON PLASTIFICADO<\/p>\n<p><strong>C\u00f3digo Aukinko : <\/strong> 19-2846008<\/p>\n<p><strong>C\u00f3digo Convenio Marco : <\/strong> <\/p>\n","protected":false},"excerpt":{"rendered":"<p>Ayude a los ni\u00f1os a aprender a escuchar con atenci\u00f3n y hacer conexiones entre los sonidos y las cosas que hacen esos sonidos. Para jugar, los estudiantes escuchan los sonidos en el CD y coloca las fichas en las im\u00e1genes de sus tarjetas que coincida con lo que escucha. Cada conjunto incluye 12 cartas de [&hellip;]<\/p>\n","protected":false},"featured_media":624558,"comment_status":"open","ping_status":"closed","template":"","meta":{"_et_pb_use_builder":"","_et_pb_old_content":"","_et_gb_content_width":""},"product_brand":[],"product_cat":[91,150,151],"product_tag":[],"class_list":{"0":"post-573329","1":"product","2":"type-product","3":"status-publish","4":"has-post-thumbnail","6":"product_cat-accesorios-sala","7":"product_cat-asociacion-y-logica","8":"product_cat-lenguaje","9":"pa_edad-4-a-5-anos","10":"pa_edad-5-a-6-anos","11":"pa_edad-6-a-8-anos","12":"pa_marca-carson","13":"pa_medidas-4314","14":"pa_medidas-3-x-3","15":"pa_medidas-7-x-22","16":"pa_medidas-8-cm","18":"first","19":"instock","20":"sale","21":"shipping-taxable","22":"purchasable","23":"product-type-simple"},"aioseo_notices":[],"_links":{"self":[{"href":"https:\/\/aukinkochile.com\/web\/wp-json\/wp\/v2\/product\/573329","targetHints":{"allow":["GET"]}}],"collection":[{"href":"https:\/\/aukinkochile.com\/web\/wp-json\/wp\/v2\/product"}],"about":[{"href":"https:\/\/aukinkochile.com\/web\/wp-json\/wp\/v2\/types\/product"}],"replies":[{"embeddable":true,"href":"https:\/\/aukinkochile.com\/web\/wp-json\/wp\/v2\/comments?post=573329"}],"wp:featuredmedia":[{"embeddable":true,"href":"https:\/\/aukinkochile.com\/web\/wp-json\/wp\/v2\/media\/624558"}],"wp:attachment":[{"href":"https:\/\/aukinkochile.com\/web\/wp-json\/wp\/v2\/media?parent=573329"}],"wp:term":[{"taxonomy":"product_brand","embeddable":true,"href":"https:\/\/aukinkochile.com\/web\/wp-json\/wp\/v2\/product_brand?post=573329"},{"taxonomy":"product_cat","embeddable":true,"href":"https:\/\/aukinkochile.com\/web\/wp-json\/wp\/v2\/product_cat?post=573329"},{"taxonomy":"product_tag","embeddable":true,"href":"https:\/\/aukinkochile.com\/web\/wp-json\/wp\/v2\/product_tag?post=573329"}],"curies":[{"name":"wp","href":"https:\/\/api.w.org\/{rel}","templated":true}]}}