{"id":573321,"date":"2021-09-22T04:47:31","date_gmt":"2021-09-22T04:47:31","guid":{"rendered":"https:\/\/aukinkochile.com\/web\/producto\/laminas-ninos-aprendiendo\/"},"modified":"2023-10-19T17:25:15","modified_gmt":"2023-10-19T17:25:15","slug":"laminas-ninos-aprendiendo","status":"publish","type":"product","link":"https:\/\/aukinkochile.com\/web\/producto\/laminas-ninos-aprendiendo\/","title":{"rendered":"Laminas  Ni\u00f1os Aprendiendo"},"content":{"rendered":"<p>Las tarjetas de aprendizaje son una maravillosa manera de reforzar los principios b\u00e1sicos, las lecciones y habilidades. 24 tarjetas que  incluyen fotograf\u00edas de ni\u00f1os de diversas capacidades, genero, etnia y origen, as\u00ed como una gu\u00eda de recursos con listas de palabras e ideas de actividades en ingles y espa\u00f1ol.<\/p>\n<p><p><strong>Material : <\/strong> CARTON PLASTIFICADO<\/p>\n<p><strong>C\u00f3digo Aukinko : <\/strong> 19-2845013<\/p>\n<p><strong>C\u00f3digo Convenio Marco : <\/strong> <\/p>\n","protected":false},"excerpt":{"rendered":"<p>Las tarjetas de aprendizaje son una maravillosa manera de reforzar los principios b\u00e1sicos, las lecciones y habilidades. 24 tarjetas que incluyen fotograf\u00edas de ni\u00f1os de diversas capacidades, genero, etnia y origen, as\u00ed como una gu\u00eda de recursos con listas de palabras e ideas de actividades en ingles y espa\u00f1ol. Material : CARTON PLASTIFICADO C\u00f3digo Aukinko [&hellip;]<\/p>\n","protected":false},"featured_media":624554,"comment_status":"open","ping_status":"closed","template":"","meta":{"_et_pb_use_builder":"","_et_pb_old_content":"","_et_gb_content_width":""},"product_brand":[],"product_cat":[91,151],"product_tag":[],"class_list":{"0":"post-573321","1":"product","2":"type-product","3":"status-publish","4":"has-post-thumbnail","6":"product_cat-accesorios-sala","7":"product_cat-lenguaje","8":"pa_edad-4-a-5-anos","9":"pa_edad-5-a-6-anos","10":"pa_edad-6-a-8-anos","11":"pa_marca-carson","12":"pa_medidas-5040","13":"pa_medidas-6-x-22","14":"pa_medidas-9-x-1-cm","16":"first","17":"instock","18":"sale","19":"shipping-taxable","20":"purchasable","21":"product-type-simple"},"aioseo_notices":[],"_links":{"self":[{"href":"https:\/\/aukinkochile.com\/web\/wp-json\/wp\/v2\/product\/573321","targetHints":{"allow":["GET"]}}],"collection":[{"href":"https:\/\/aukinkochile.com\/web\/wp-json\/wp\/v2\/product"}],"about":[{"href":"https:\/\/aukinkochile.com\/web\/wp-json\/wp\/v2\/types\/product"}],"replies":[{"embeddable":true,"href":"https:\/\/aukinkochile.com\/web\/wp-json\/wp\/v2\/comments?post=573321"}],"wp:featuredmedia":[{"embeddable":true,"href":"https:\/\/aukinkochile.com\/web\/wp-json\/wp\/v2\/media\/624554"}],"wp:attachment":[{"href":"https:\/\/aukinkochile.com\/web\/wp-json\/wp\/v2\/media?parent=573321"}],"wp:term":[{"taxonomy":"product_brand","embeddable":true,"href":"https:\/\/aukinkochile.com\/web\/wp-json\/wp\/v2\/product_brand?post=573321"},{"taxonomy":"product_cat","embeddable":true,"href":"https:\/\/aukinkochile.com\/web\/wp-json\/wp\/v2\/product_cat?post=573321"},{"taxonomy":"product_tag","embeddable":true,"href":"https:\/\/aukinkochile.com\/web\/wp-json\/wp\/v2\/product_tag?post=573321"}],"curies":[{"name":"wp","href":"https:\/\/api.w.org\/{rel}","templated":true}]}}