{"id":573317,"date":"2021-09-22T04:47:30","date_gmt":"2021-09-22T04:47:30","guid":{"rendered":"https:\/\/aukinkochile.com\/web\/producto\/laminas-escuchar-y-reconocer-animales\/"},"modified":"2023-10-19T17:25:14","modified_gmt":"2023-10-19T17:25:14","slug":"laminas-escuchar-y-reconocer-animales","status":"publish","type":"product","link":"https:\/\/aukinkochile.com\/web\/producto\/laminas-escuchar-y-reconocer-animales\/","title":{"rendered":"Laminas Escuchar y  Reconocer Animales"},"content":{"rendered":"<p>Manera divertida y f\u00e1cil para que los j\u00f3venes aprendan habilidades importantes de alfabetizaci\u00f3n y comprensi\u00f3n temprana. Los jugadores escuchan cuidadosamente cada palabra que se habla en el cd para determinar si rima con una palabra que se muestra en su tarjeta de juego. El juego cuenta con un CD con 36 sonidos familiares de animales, 12 diferentes cartones de juego con 9 im\u00e1genes cada uno, 120 fichas de juego y direcciones en ingles, espa\u00f1ol y franc\u00e9s.<\/p>\n<p><p><strong>Material : <\/strong> CARTON PLASTIFICADO<\/p>\n<p><strong>C\u00f3digo Aukinko : <\/strong> 19-28235456<\/p>\n<p><strong>C\u00f3digo Convenio Marco : <\/strong> <\/p>\n","protected":false},"excerpt":{"rendered":"<p>Manera divertida y f\u00e1cil para que los j\u00f3venes aprendan habilidades importantes de alfabetizaci\u00f3n y comprensi\u00f3n temprana. Los jugadores escuchan cuidadosamente cada palabra que se habla en el cd para determinar si rima con una palabra que se muestra en su tarjeta de juego. El juego cuenta con un CD con 36 sonidos familiares de animales, [&hellip;]<\/p>\n","protected":false},"featured_media":624552,"comment_status":"open","ping_status":"closed","template":"","meta":{"_et_pb_use_builder":"","_et_pb_old_content":"","_et_gb_content_width":""},"product_brand":[],"product_cat":[91,150,151],"product_tag":[],"class_list":{"0":"post-573317","1":"product","2":"type-product","3":"status-publish","4":"has-post-thumbnail","6":"product_cat-accesorios-sala","7":"product_cat-asociacion-y-logica","8":"product_cat-lenguaje","9":"pa_edad-3-a-4-anos","10":"pa_edad-4-a-5-anos","11":"pa_edad-5-a-6-anos","12":"pa_marca-carson","13":"pa_medidas-1-cm","14":"pa_medidas-4453","15":"pa_medidas-5-x-5","16":"pa_medidas-6-x-21","18":"first","19":"instock","20":"sale","21":"shipping-taxable","22":"purchasable","23":"product-type-simple"},"aioseo_notices":[],"_links":{"self":[{"href":"https:\/\/aukinkochile.com\/web\/wp-json\/wp\/v2\/product\/573317","targetHints":{"allow":["GET"]}}],"collection":[{"href":"https:\/\/aukinkochile.com\/web\/wp-json\/wp\/v2\/product"}],"about":[{"href":"https:\/\/aukinkochile.com\/web\/wp-json\/wp\/v2\/types\/product"}],"replies":[{"embeddable":true,"href":"https:\/\/aukinkochile.com\/web\/wp-json\/wp\/v2\/comments?post=573317"}],"wp:featuredmedia":[{"embeddable":true,"href":"https:\/\/aukinkochile.com\/web\/wp-json\/wp\/v2\/media\/624552"}],"wp:attachment":[{"href":"https:\/\/aukinkochile.com\/web\/wp-json\/wp\/v2\/media?parent=573317"}],"wp:term":[{"taxonomy":"product_brand","embeddable":true,"href":"https:\/\/aukinkochile.com\/web\/wp-json\/wp\/v2\/product_brand?post=573317"},{"taxonomy":"product_cat","embeddable":true,"href":"https:\/\/aukinkochile.com\/web\/wp-json\/wp\/v2\/product_cat?post=573317"},{"taxonomy":"product_tag","embeddable":true,"href":"https:\/\/aukinkochile.com\/web\/wp-json\/wp\/v2\/product_tag?post=573317"}],"curies":[{"name":"wp","href":"https:\/\/api.w.org\/{rel}","templated":true}]}}