{"id":573309,"date":"2021-09-22T04:47:27","date_gmt":"2021-09-22T04:47:27","guid":{"rendered":"https:\/\/aukinkochile.com\/web\/producto\/laminas-gigantes-distintos-temas\/"},"modified":"2023-10-19T17:25:12","modified_gmt":"2023-10-19T17:25:12","slug":"laminas-gigantes-distintos-temas","status":"publish","type":"product","link":"https:\/\/aukinkochile.com\/web\/producto\/laminas-gigantes-distintos-temas\/","title":{"rendered":"Laminas  Gigantes Distintos Temas"},"content":{"rendered":"<p>Set de cartas en ingles y espa\u00f1ol. 6 cartas que incluyen el alfabeto espa\u00f1ol, palabras de n\u00fameros, d\u00edas de la semana, meses del a\u00f1o, los colores, las formas y las frases comunes. 24 paginas de actividades reproducibles. Incluye una gu\u00eda de recursos.<\/p>\n<p><p><strong>Material : <\/strong> CARTON DURO<\/p>\n<p><strong>C\u00f3digo Aukinko : <\/strong> 19-23288<\/p>\n<p><strong>C\u00f3digo Convenio Marco : <\/strong> <\/p>\n","protected":false},"excerpt":{"rendered":"<p>Set de cartas en ingles y espa\u00f1ol. 6 cartas que incluyen el alfabeto espa\u00f1ol, palabras de n\u00fameros, d\u00edas de la semana, meses del a\u00f1o, los colores, las formas y las frases comunes. 24 paginas de actividades reproducibles. Incluye una gu\u00eda de recursos. Material : CARTON DURO C\u00f3digo Aukinko : 19-23288 C\u00f3digo Convenio Marco :<\/p>\n","protected":false},"featured_media":624549,"comment_status":"open","ping_status":"closed","template":"","meta":{"_et_pb_use_builder":"","_et_pb_old_content":"","_et_gb_content_width":""},"product_brand":[],"product_cat":[91,151],"product_tag":[],"class_list":{"0":"post-573309","1":"product","2":"type-product","3":"status-publish","4":"has-post-thumbnail","6":"product_cat-accesorios-sala","7":"product_cat-lenguaje","8":"pa_edad-10-anos","9":"pa_edad-4-a-5-anos","10":"pa_edad-5-a-6-anos","11":"pa_edad-6-a-8-anos","12":"pa_edad-8-a-10-anos","13":"pa_marca-carson","14":"pa_medidas-55-x-43-cm","16":"first","17":"instock","18":"sale","19":"shipping-taxable","20":"purchasable","21":"product-type-simple"},"aioseo_notices":[],"_links":{"self":[{"href":"https:\/\/aukinkochile.com\/web\/wp-json\/wp\/v2\/product\/573309","targetHints":{"allow":["GET"]}}],"collection":[{"href":"https:\/\/aukinkochile.com\/web\/wp-json\/wp\/v2\/product"}],"about":[{"href":"https:\/\/aukinkochile.com\/web\/wp-json\/wp\/v2\/types\/product"}],"replies":[{"embeddable":true,"href":"https:\/\/aukinkochile.com\/web\/wp-json\/wp\/v2\/comments?post=573309"}],"wp:featuredmedia":[{"embeddable":true,"href":"https:\/\/aukinkochile.com\/web\/wp-json\/wp\/v2\/media\/624549"}],"wp:attachment":[{"href":"https:\/\/aukinkochile.com\/web\/wp-json\/wp\/v2\/media?parent=573309"}],"wp:term":[{"taxonomy":"product_brand","embeddable":true,"href":"https:\/\/aukinkochile.com\/web\/wp-json\/wp\/v2\/product_brand?post=573309"},{"taxonomy":"product_cat","embeddable":true,"href":"https:\/\/aukinkochile.com\/web\/wp-json\/wp\/v2\/product_cat?post=573309"},{"taxonomy":"product_tag","embeddable":true,"href":"https:\/\/aukinkochile.com\/web\/wp-json\/wp\/v2\/product_tag?post=573309"}],"curies":[{"name":"wp","href":"https:\/\/api.w.org\/{rel}","templated":true}]}}