{"id":573269,"date":"2021-09-22T04:47:19","date_gmt":"2021-09-22T04:47:19","guid":{"rendered":"https:\/\/aukinkochile.com\/web\/producto\/cd-canciones-de-cuna-latinas\/"},"modified":"2023-10-19T17:25:08","modified_gmt":"2023-10-19T17:25:08","slug":"cd-canciones-de-cuna-latinas","status":"publish","type":"product","link":"https:\/\/aukinkochile.com\/web\/producto\/cd-canciones-de-cuna-latinas\/","title":{"rendered":"CD Canciones De Cuna Latinas"},"content":{"rendered":"<p>Haga este recorrido musical de Am\u00e9rica latina con estas canciones calmantes para la relajaci\u00f3n y la hora de acostarse. 10 melod\u00edas calmantes de toda Am\u00e9rica latina que dar\u00e1 un viaje colorido por Am\u00e9rica latina.<\/p>\n<p><p><strong>Material : <\/strong> PLASTICO<\/p>\n<p><strong>C\u00f3digo Aukinko : <\/strong> 18-73292<\/p>\n<p><strong>C\u00f3digo Convenio Marco : <\/strong> <\/p>\n","protected":false},"excerpt":{"rendered":"<p>Haga este recorrido musical de Am\u00e9rica latina con estas canciones calmantes para la relajaci\u00f3n y la hora de acostarse. 10 melod\u00edas calmantes de toda Am\u00e9rica latina que dar\u00e1 un viaje colorido por Am\u00e9rica latina. Material : PLASTICO C\u00f3digo Aukinko : 18-73292 C\u00f3digo Convenio Marco :<\/p>\n","protected":false},"featured_media":624541,"comment_status":"open","ping_status":"closed","template":"","meta":{"_et_pb_use_builder":"","_et_pb_old_content":"","_et_gb_content_width":""},"product_brand":[],"product_cat":[392],"product_tag":[],"class_list":{"0":"post-573269","1":"product","2":"type-product","3":"status-publish","4":"has-post-thumbnail","6":"product_cat-musica","7":"pa_edad-0-a-1-ano","8":"pa_edad-1-a-2-anos","9":"pa_edad-2-a-3-anos","10":"pa_edad-3-a-4-anos","11":"pa_edad-4-a-5-anos","12":"pa_edad-5-a-6-anos","13":"pa_marca-putumayo","14":"pa_medidas-14-x-12-cm","16":"first","17":"instock","18":"shipping-taxable","19":"purchasable","20":"product-type-simple"},"aioseo_notices":[],"_links":{"self":[{"href":"https:\/\/aukinkochile.com\/web\/wp-json\/wp\/v2\/product\/573269","targetHints":{"allow":["GET"]}}],"collection":[{"href":"https:\/\/aukinkochile.com\/web\/wp-json\/wp\/v2\/product"}],"about":[{"href":"https:\/\/aukinkochile.com\/web\/wp-json\/wp\/v2\/types\/product"}],"replies":[{"embeddable":true,"href":"https:\/\/aukinkochile.com\/web\/wp-json\/wp\/v2\/comments?post=573269"}],"wp:featuredmedia":[{"embeddable":true,"href":"https:\/\/aukinkochile.com\/web\/wp-json\/wp\/v2\/media\/624541"}],"wp:attachment":[{"href":"https:\/\/aukinkochile.com\/web\/wp-json\/wp\/v2\/media?parent=573269"}],"wp:term":[{"taxonomy":"product_brand","embeddable":true,"href":"https:\/\/aukinkochile.com\/web\/wp-json\/wp\/v2\/product_brand?post=573269"},{"taxonomy":"product_cat","embeddable":true,"href":"https:\/\/aukinkochile.com\/web\/wp-json\/wp\/v2\/product_cat?post=573269"},{"taxonomy":"product_tag","embeddable":true,"href":"https:\/\/aukinkochile.com\/web\/wp-json\/wp\/v2\/product_tag?post=573269"}],"curies":[{"name":"wp","href":"https:\/\/api.w.org\/{rel}","templated":true}]}}