{"id":573263,"date":"2021-09-22T04:47:18","date_gmt":"2021-09-22T04:47:18","guid":{"rendered":"https:\/\/aukinkochile.com\/web\/producto\/cd-canciones-infantiles-francesas\/"},"modified":"2023-10-19T17:25:06","modified_gmt":"2023-10-19T17:25:06","slug":"cd-canciones-infantiles-francesas","status":"publish","type":"product","link":"https:\/\/aukinkochile.com\/web\/producto\/cd-canciones-infantiles-francesas\/","title":{"rendered":"CD Canciones Infantiles Francesas"},"content":{"rendered":"<p>Una colecci\u00f3n de canciones francesas que traer\u00e1n alegr\u00eda a gente de todas las edades. 12 canciones donde las familias biling\u00fces y los ni\u00f1@s podr\u00e1n disfrutar de estas canciones.<\/p>\n<p><p><strong>Material : <\/strong> PLASTICO<\/p>\n<p><strong>C\u00f3digo Aukinko : <\/strong> 18-72422<\/p>\n<p><strong>C\u00f3digo Convenio Marco : <\/strong> <\/p>\n","protected":false},"excerpt":{"rendered":"<p>Una colecci\u00f3n de canciones francesas que traer\u00e1n alegr\u00eda a gente de todas las edades. 12 canciones donde las familias biling\u00fces y los ni\u00f1@s podr\u00e1n disfrutar de estas canciones. Material : PLASTICO C\u00f3digo Aukinko : 18-72422 C\u00f3digo Convenio Marco :<\/p>\n","protected":false},"featured_media":624538,"comment_status":"open","ping_status":"closed","template":"","meta":{"_et_pb_use_builder":"","_et_pb_old_content":"","_et_gb_content_width":""},"product_brand":[],"product_cat":[392],"product_tag":[],"class_list":{"0":"post-573263","1":"product","2":"type-product","3":"status-publish","4":"has-post-thumbnail","6":"product_cat-musica","7":"pa_edad-0-a-1-ano","8":"pa_edad-1-a-2-anos","9":"pa_edad-10-anos","10":"pa_edad-2-a-3-anos","11":"pa_edad-3-a-4-anos","12":"pa_edad-4-a-5-anos","13":"pa_edad-5-a-6-anos","14":"pa_edad-6-a-8-anos","15":"pa_edad-8-a-10-anos","16":"pa_marca-putumayo","17":"pa_medidas-14-x-12-cm","19":"first","20":"instock","21":"shipping-taxable","22":"purchasable","23":"product-type-simple"},"aioseo_notices":[],"_links":{"self":[{"href":"https:\/\/aukinkochile.com\/web\/wp-json\/wp\/v2\/product\/573263","targetHints":{"allow":["GET"]}}],"collection":[{"href":"https:\/\/aukinkochile.com\/web\/wp-json\/wp\/v2\/product"}],"about":[{"href":"https:\/\/aukinkochile.com\/web\/wp-json\/wp\/v2\/types\/product"}],"replies":[{"embeddable":true,"href":"https:\/\/aukinkochile.com\/web\/wp-json\/wp\/v2\/comments?post=573263"}],"wp:featuredmedia":[{"embeddable":true,"href":"https:\/\/aukinkochile.com\/web\/wp-json\/wp\/v2\/media\/624538"}],"wp:attachment":[{"href":"https:\/\/aukinkochile.com\/web\/wp-json\/wp\/v2\/media?parent=573263"}],"wp:term":[{"taxonomy":"product_brand","embeddable":true,"href":"https:\/\/aukinkochile.com\/web\/wp-json\/wp\/v2\/product_brand?post=573263"},{"taxonomy":"product_cat","embeddable":true,"href":"https:\/\/aukinkochile.com\/web\/wp-json\/wp\/v2\/product_cat?post=573263"},{"taxonomy":"product_tag","embeddable":true,"href":"https:\/\/aukinkochile.com\/web\/wp-json\/wp\/v2\/product_tag?post=573263"}],"curies":[{"name":"wp","href":"https:\/\/api.w.org\/{rel}","templated":true}]}}