{"id":573255,"date":"2021-09-22T04:47:15","date_gmt":"2021-09-22T04:47:15","guid":{"rendered":"https:\/\/aukinkochile.com\/web\/producto\/cd-canciones-infantiles-del-mundo\/"},"modified":"2023-10-19T17:25:04","modified_gmt":"2023-10-19T17:25:04","slug":"cd-canciones-infantiles-del-mundo","status":"publish","type":"product","link":"https:\/\/aukinkochile.com\/web\/producto\/cd-canciones-infantiles-del-mundo\/","title":{"rendered":"CD Canciones Infantiles Del Mundo"},"content":{"rendered":"<p>Una colecci\u00f3n de m\u00fasica de el mundo para ni\u00f1@s. Una colecci\u00f3n de grandes canciones que transportan a los ni\u00f1os y familia a un viaje musical, cultural e  inspirador.<\/p>\n<p><p><strong>Material : <\/strong> PLASTICO<\/p>\n<p><strong>C\u00f3digo Aukinko : <\/strong> 18-71542<\/p>\n<p><strong>C\u00f3digo Convenio Marco : <\/strong> <\/p>\n","protected":false},"excerpt":{"rendered":"<p>Una colecci\u00f3n de m\u00fasica de el mundo para ni\u00f1@s. Una colecci\u00f3n de grandes canciones que transportan a los ni\u00f1os y familia a un viaje musical, cultural e inspirador. Material : PLASTICO C\u00f3digo Aukinko : 18-71542 C\u00f3digo Convenio Marco :<\/p>\n","protected":false},"featured_media":624534,"comment_status":"open","ping_status":"closed","template":"","meta":{"_et_pb_use_builder":"","_et_pb_old_content":"","_et_gb_content_width":""},"product_brand":[],"product_cat":[392],"product_tag":[],"class_list":{"0":"post-573255","1":"product","2":"type-product","3":"status-publish","4":"has-post-thumbnail","6":"product_cat-musica","7":"pa_edad-0-a-1-ano","8":"pa_edad-1-a-2-anos","9":"pa_edad-10-anos","10":"pa_edad-2-a-3-anos","11":"pa_edad-3-a-4-anos","12":"pa_edad-4-a-5-anos","13":"pa_edad-5-a-6-anos","14":"pa_edad-6-a-8-anos","15":"pa_edad-8-a-10-anos","16":"pa_marca-putumayo","17":"pa_medidas-14-x-12-cm","19":"first","20":"instock","21":"shipping-taxable","22":"purchasable","23":"product-type-simple"},"aioseo_notices":[],"_links":{"self":[{"href":"https:\/\/aukinkochile.com\/web\/wp-json\/wp\/v2\/product\/573255","targetHints":{"allow":["GET"]}}],"collection":[{"href":"https:\/\/aukinkochile.com\/web\/wp-json\/wp\/v2\/product"}],"about":[{"href":"https:\/\/aukinkochile.com\/web\/wp-json\/wp\/v2\/types\/product"}],"replies":[{"embeddable":true,"href":"https:\/\/aukinkochile.com\/web\/wp-json\/wp\/v2\/comments?post=573255"}],"wp:featuredmedia":[{"embeddable":true,"href":"https:\/\/aukinkochile.com\/web\/wp-json\/wp\/v2\/media\/624534"}],"wp:attachment":[{"href":"https:\/\/aukinkochile.com\/web\/wp-json\/wp\/v2\/media?parent=573255"}],"wp:term":[{"taxonomy":"product_brand","embeddable":true,"href":"https:\/\/aukinkochile.com\/web\/wp-json\/wp\/v2\/product_brand?post=573255"},{"taxonomy":"product_cat","embeddable":true,"href":"https:\/\/aukinkochile.com\/web\/wp-json\/wp\/v2\/product_cat?post=573255"},{"taxonomy":"product_tag","embeddable":true,"href":"https:\/\/aukinkochile.com\/web\/wp-json\/wp\/v2\/product_tag?post=573255"}],"curies":[{"name":"wp","href":"https:\/\/api.w.org\/{rel}","templated":true}]}}