{"id":573202,"date":"2021-09-22T04:47:04","date_gmt":"2021-09-22T04:47:04","guid":{"rendered":"https:\/\/aukinkochile.com\/web\/producto\/pelota-exploracion-set-3\/"},"modified":"2024-12-26T14:57:23","modified_gmt":"2024-12-26T14:57:23","slug":"pelota-exploracion-set-3","status":"publish","type":"product","link":"https:\/\/aukinkochile.com\/web\/producto\/pelota-exploracion-set-3\/","title":{"rendered":"Pelota Exploraci\u00f3n set 3"},"content":{"rendered":"<p>Set de pelotas sensoriales \u00fanicas, cada una de ellas con caracter\u00edsticas diferentes que promueven la exploraci\u00f3n y el juego sensorial. Introducen la l\u00f3gica desde el juego a edades tempranas.<\/p>\n<p><p><strong>Material : <\/strong> Pl\u00e1stico<\/p>\n<p><strong>C\u00f3digo Aukinko : <\/strong> 18-5705393<\/p>\n<p><strong>C\u00f3digo Convenio Marco : <\/strong> x<\/p>\n","protected":false},"excerpt":{"rendered":"<p>Set de pelotas sensoriales \u00fanicas, cada una de ellas con caracter\u00edsticas diferentes que promueven la exploraci\u00f3n y el juego sensorial. Introducen la l\u00f3gica desde el juego a edades tempranas. Material : Pl\u00e1stico C\u00f3digo Aukinko : 18-5705393 C\u00f3digo Convenio Marco : x<\/p>\n","protected":false},"featured_media":624509,"comment_status":"open","ping_status":"closed","template":"","meta":{"_et_pb_use_builder":"","_et_pb_old_content":"","_et_gb_content_width":""},"product_brand":[],"product_cat":[91,18,23],"product_tag":[],"class_list":{"0":"post-573202","1":"product","2":"type-product","3":"status-publish","4":"has-post-thumbnail","6":"product_cat-accesorios-sala","7":"product_cat-motricidad-gruesa","8":"product_cat-primeros-anos","9":"pa_edad-0-a-1-ano","10":"pa_edad-1-a-2-anos","11":"pa_edad-2-a-3-anos","12":"pa_edad-3-a-4-anos","13":"pa_edad-4-a-5-anos","14":"pa_edad-5-a-6-anos","15":"pa_edad-6-a-8-anos","16":"pa_edad-8-a-10-anos","17":"pa_marca-edushape","18":"pa_medidas-caja-32-x-10-x-26-cm","20":"first","21":"instock","22":"shipping-taxable","23":"purchasable","24":"product-type-simple"},"aioseo_notices":[],"_links":{"self":[{"href":"https:\/\/aukinkochile.com\/web\/wp-json\/wp\/v2\/product\/573202","targetHints":{"allow":["GET"]}}],"collection":[{"href":"https:\/\/aukinkochile.com\/web\/wp-json\/wp\/v2\/product"}],"about":[{"href":"https:\/\/aukinkochile.com\/web\/wp-json\/wp\/v2\/types\/product"}],"replies":[{"embeddable":true,"href":"https:\/\/aukinkochile.com\/web\/wp-json\/wp\/v2\/comments?post=573202"}],"wp:featuredmedia":[{"embeddable":true,"href":"https:\/\/aukinkochile.com\/web\/wp-json\/wp\/v2\/media\/624509"}],"wp:attachment":[{"href":"https:\/\/aukinkochile.com\/web\/wp-json\/wp\/v2\/media?parent=573202"}],"wp:term":[{"taxonomy":"product_brand","embeddable":true,"href":"https:\/\/aukinkochile.com\/web\/wp-json\/wp\/v2\/product_brand?post=573202"},{"taxonomy":"product_cat","embeddable":true,"href":"https:\/\/aukinkochile.com\/web\/wp-json\/wp\/v2\/product_cat?post=573202"},{"taxonomy":"product_tag","embeddable":true,"href":"https:\/\/aukinkochile.com\/web\/wp-json\/wp\/v2\/product_tag?post=573202"}],"curies":[{"name":"wp","href":"https:\/\/api.w.org\/{rel}","templated":true}]}}