{"id":573186,"date":"2021-09-22T04:46:58","date_gmt":"2021-09-22T04:46:58","guid":{"rendered":"https:\/\/aukinkochile.com\/web\/producto\/pelota-triangulo\/"},"modified":"2024-12-26T14:57:11","modified_gmt":"2024-12-26T14:57:11","slug":"pelota-triangulo","status":"publish","type":"product","link":"https:\/\/aukinkochile.com\/web\/producto\/pelota-triangulo\/","title":{"rendered":"Pelota Triangulo"},"content":{"rendered":"<p>Pelota grande con rebote impredecible para los ejercicios de habilidades motrices, para poner a prueba velocidad y reacci\u00f3n. Ultra resistente, estas pelotas se pueden usar con las dos manos y los pies. 13 cm di\u00e1metro<\/p>\n<p><p><strong>Material : <\/strong> Goma<\/p>\n<p><strong>C\u00f3digo Aukinko : <\/strong> 18-5705102<\/p>\n<p><strong>C\u00f3digo Convenio Marco : <\/strong> x<\/p>\n","protected":false},"excerpt":{"rendered":"<p>Pelota grande con rebote impredecible para los ejercicios de habilidades motrices, para poner a prueba velocidad y reacci\u00f3n. Ultra resistente, estas pelotas se pueden usar con las dos manos y los pies. 13 cm di\u00e1metro Material : Goma C\u00f3digo Aukinko : 18-5705102 C\u00f3digo Convenio Marco : x<\/p>\n","protected":false},"featured_media":624505,"comment_status":"open","ping_status":"closed","template":"","meta":{"_et_pb_use_builder":"","_et_pb_old_content":"","_et_gb_content_width":""},"product_brand":[],"product_cat":[91,18,23],"product_tag":[],"class_list":{"0":"post-573186","1":"product","2":"type-product","3":"status-publish","4":"has-post-thumbnail","6":"product_cat-accesorios-sala","7":"product_cat-motricidad-gruesa","8":"product_cat-primeros-anos","9":"pa_edad-0-a-1-ano","10":"pa_edad-1-a-2-anos","11":"pa_edad-2-a-3-anos","12":"pa_edad-3-a-4-anos","13":"pa_edad-4-a-5-anos","14":"pa_edad-5-a-6-anos","15":"pa_marca-edushape","16":"pa_medidas-4501","17":"pa_medidas-5-cm-caja","18":"pa_medidas-5-x-16-x-15","20":"first","21":"instock","22":"shipping-taxable","23":"purchasable","24":"product-type-simple"},"aioseo_notices":[],"_links":{"self":[{"href":"https:\/\/aukinkochile.com\/web\/wp-json\/wp\/v2\/product\/573186","targetHints":{"allow":["GET"]}}],"collection":[{"href":"https:\/\/aukinkochile.com\/web\/wp-json\/wp\/v2\/product"}],"about":[{"href":"https:\/\/aukinkochile.com\/web\/wp-json\/wp\/v2\/types\/product"}],"replies":[{"embeddable":true,"href":"https:\/\/aukinkochile.com\/web\/wp-json\/wp\/v2\/comments?post=573186"}],"wp:featuredmedia":[{"embeddable":true,"href":"https:\/\/aukinkochile.com\/web\/wp-json\/wp\/v2\/media\/624505"}],"wp:attachment":[{"href":"https:\/\/aukinkochile.com\/web\/wp-json\/wp\/v2\/media?parent=573186"}],"wp:term":[{"taxonomy":"product_brand","embeddable":true,"href":"https:\/\/aukinkochile.com\/web\/wp-json\/wp\/v2\/product_brand?post=573186"},{"taxonomy":"product_cat","embeddable":true,"href":"https:\/\/aukinkochile.com\/web\/wp-json\/wp\/v2\/product_cat?post=573186"},{"taxonomy":"product_tag","embeddable":true,"href":"https:\/\/aukinkochile.com\/web\/wp-json\/wp\/v2\/product_tag?post=573186"}],"curies":[{"name":"wp","href":"https:\/\/api.w.org\/{rel}","templated":true}]}}