{"id":573184,"date":"2021-09-22T04:46:58","date_gmt":"2021-09-22T04:46:58","guid":{"rendered":"https:\/\/aukinkochile.com\/web\/producto\/bloques-gigantes-16-pz\/"},"modified":"2024-12-26T14:57:11","modified_gmt":"2024-12-26T14:57:11","slug":"bloques-gigantes-16-pz","status":"publish","type":"product","link":"https:\/\/aukinkochile.com\/web\/producto\/bloques-gigantes-16-pz\/","title":{"rendered":"Bloques Gigantes 16 pz"},"content":{"rendered":"<p>16 bloques gigantes de espuma, suaves y livianos. De 11 cm de espesor cada uno. 2 cuadrados (20 x 20 x 11 cm) , 4 rect\u00e1ngulos, 2 rect\u00e1ngulos chicos, 2 tri\u00e1ngulos, 1 triangulo chico, 2 tri\u00e1ngulos escalenos, un trapecio, 1 puente y un medio circulo. En 4 colores (verde, azul, amarillo y rojo). Bloques gigantes y livianos para para armar y crear sin limites. De excelente calidad y dise\u00f1o. Presentaci\u00f3n en caja de cart\u00f3n.<\/p>\n<p><p><strong>Material : <\/strong> Espuma<\/p>\n<p><strong>C\u00f3digo Aukinko : <\/strong> 18-5700145<\/p>\n<p><strong>C\u00f3digo Convenio Marco : <\/strong> x<\/p>\n","protected":false},"excerpt":{"rendered":"<p>16 bloques gigantes de espuma, suaves y livianos. De 11 cm de espesor cada uno. 2 cuadrados (20 x 20 x 11 cm) , 4 rect\u00e1ngulos, 2 rect\u00e1ngulos chicos, 2 tri\u00e1ngulos, 1 triangulo chico, 2 tri\u00e1ngulos escalenos, un trapecio, 1 puente y un medio circulo. En 4 colores (verde, azul, amarillo y rojo). Bloques gigantes [&hellip;]<\/p>\n","protected":false},"featured_media":624504,"comment_status":"open","ping_status":"closed","template":"","meta":{"_et_pb_use_builder":"","_et_pb_old_content":"","_et_gb_content_width":""},"product_brand":[],"product_cat":[91,19,20],"product_tag":[],"class_list":{"0":"post-573184","1":"product","2":"type-product","3":"status-publish","4":"has-post-thumbnail","6":"product_cat-accesorios-sala","7":"product_cat-construccion","8":"product_cat-motricidad-fina","9":"pa_edad-1-a-2-anos","10":"pa_edad-2-a-3-anos","11":"pa_edad-3-a-4-anos","12":"pa_edad-4-a-5-anos","13":"pa_marca-edushape","14":"pa_medidas-52-x-52-x-23-cm","16":"first","17":"instock","18":"shipping-taxable","19":"purchasable","20":"product-type-simple"},"aioseo_notices":[],"_links":{"self":[{"href":"https:\/\/aukinkochile.com\/web\/wp-json\/wp\/v2\/product\/573184","targetHints":{"allow":["GET"]}}],"collection":[{"href":"https:\/\/aukinkochile.com\/web\/wp-json\/wp\/v2\/product"}],"about":[{"href":"https:\/\/aukinkochile.com\/web\/wp-json\/wp\/v2\/types\/product"}],"replies":[{"embeddable":true,"href":"https:\/\/aukinkochile.com\/web\/wp-json\/wp\/v2\/comments?post=573184"}],"wp:featuredmedia":[{"embeddable":true,"href":"https:\/\/aukinkochile.com\/web\/wp-json\/wp\/v2\/media\/624504"}],"wp:attachment":[{"href":"https:\/\/aukinkochile.com\/web\/wp-json\/wp\/v2\/media?parent=573184"}],"wp:term":[{"taxonomy":"product_brand","embeddable":true,"href":"https:\/\/aukinkochile.com\/web\/wp-json\/wp\/v2\/product_brand?post=573184"},{"taxonomy":"product_cat","embeddable":true,"href":"https:\/\/aukinkochile.com\/web\/wp-json\/wp\/v2\/product_cat?post=573184"},{"taxonomy":"product_tag","embeddable":true,"href":"https:\/\/aukinkochile.com\/web\/wp-json\/wp\/v2\/product_tag?post=573184"}],"curies":[{"name":"wp","href":"https:\/\/api.w.org\/{rel}","templated":true}]}}