{"id":573136,"date":"2021-09-22T04:46:47","date_gmt":"2021-09-22T04:46:47","guid":{"rendered":"https:\/\/aukinkochile.com\/web\/producto\/munecos-familia-etnica\/"},"modified":"2024-05-23T14:58:30","modified_gmt":"2024-05-23T14:58:30","slug":"munecos-familia-etnica","status":"publish","type":"product","link":"https:\/\/aukinkochile.com\/web\/producto\/munecos-familia-etnica\/","title":{"rendered":"Mu\u00f1ecos Familia \u00c9tnica Set 4"},"content":{"rendered":"<p>Set de 4 mu\u00f1ecos con cabeza y extremidades de madera y ropa de genero. De gran calidad y dise\u00f1o.<\/p>\n<p><p><strong>Material : <\/strong> MADERA Y GENERO<\/p>\n<p><strong>C\u00f3digo Aukinko : <\/strong> 18-386610<\/p>\n<p><strong>C\u00f3digo Convenio Marco : <\/strong> <\/p>\n","protected":false},"excerpt":{"rendered":"<p>Set de 4 mu\u00f1ecos con cabeza y extremidades de madera y ropa de genero. De gran calidad y dise\u00f1o. Material : MADERA Y GENERO C\u00f3digo Aukinko : 18-386610 C\u00f3digo Convenio Marco :<\/p>\n","protected":false},"featured_media":624572,"comment_status":"open","ping_status":"closed","template":"","meta":{"_et_pb_use_builder":"","_et_pb_old_content":"","_et_gb_content_width":""},"product_brand":[],"product_cat":[17,212],"product_tag":[],"class_list":{"0":"post-573136","1":"product","2":"type-product","3":"status-publish","4":"has-post-thumbnail","6":"product_cat-juegos-de-rol","7":"product_cat-munecos-y-figuras","8":"pa_edad-3-a-4-anos","9":"pa_edad-4-a-5-anos","10":"pa_edad-5-a-6-anos","11":"pa_edad-6-a-8-anos","12":"pa_edad-8-a-10-anos","13":"pa_marca-voila","14":"pa_medidas-4521","15":"pa_medidas-4-x-28-x-15-cm","17":"first","18":"instock","19":"sale","20":"shipping-taxable","21":"purchasable","22":"product-type-simple"},"aioseo_notices":[],"_links":{"self":[{"href":"https:\/\/aukinkochile.com\/web\/wp-json\/wp\/v2\/product\/573136","targetHints":{"allow":["GET"]}}],"collection":[{"href":"https:\/\/aukinkochile.com\/web\/wp-json\/wp\/v2\/product"}],"about":[{"href":"https:\/\/aukinkochile.com\/web\/wp-json\/wp\/v2\/types\/product"}],"replies":[{"embeddable":true,"href":"https:\/\/aukinkochile.com\/web\/wp-json\/wp\/v2\/comments?post=573136"}],"wp:featuredmedia":[{"embeddable":true,"href":"https:\/\/aukinkochile.com\/web\/wp-json\/wp\/v2\/media\/624572"}],"wp:attachment":[{"href":"https:\/\/aukinkochile.com\/web\/wp-json\/wp\/v2\/media?parent=573136"}],"wp:term":[{"taxonomy":"product_brand","embeddable":true,"href":"https:\/\/aukinkochile.com\/web\/wp-json\/wp\/v2\/product_brand?post=573136"},{"taxonomy":"product_cat","embeddable":true,"href":"https:\/\/aukinkochile.com\/web\/wp-json\/wp\/v2\/product_cat?post=573136"},{"taxonomy":"product_tag","embeddable":true,"href":"https:\/\/aukinkochile.com\/web\/wp-json\/wp\/v2\/product_tag?post=573136"}],"curies":[{"name":"wp","href":"https:\/\/api.w.org\/{rel}","templated":true}]}}