{"id":573128,"date":"2021-09-22T04:46:45","date_gmt":"2021-09-22T04:46:45","guid":{"rendered":"https:\/\/aukinkochile.com\/web\/producto\/matematicas-bandeja-con-numeros\/"},"modified":"2023-10-19T19:14:08","modified_gmt":"2023-10-19T19:14:08","slug":"matematicas-bandeja-con-numeros","status":"publish","type":"product","link":"https:\/\/aukinkochile.com\/web\/producto\/matematicas-bandeja-con-numeros\/","title":{"rendered":"Matem\u00e1ticas Bandeja Con N\u00fameros"},"content":{"rendered":"<p>Los ni\u00f1os disfrutaran aprendiendo los n\u00fameros, haciendo coincidir los insectos, las aves y los animales a los d\u00edgitos correctos. Las piezas del rompecabezas encajan perfectamente en una bandeja de madera.<\/p>\n<p><p><strong>Material : <\/strong> MADERA<\/p>\n<p><strong>C\u00f3digo Aukinko : <\/strong> 18-360700<\/p>\n<p><strong>C\u00f3digo Convenio Marco : <\/strong> <\/p>\n","protected":false},"excerpt":{"rendered":"<p>Los ni\u00f1os disfrutaran aprendiendo los n\u00fameros, haciendo coincidir los insectos, las aves y los animales a los d\u00edgitos correctos. Las piezas del rompecabezas encajan perfectamente en una bandeja de madera. Material : MADERA C\u00f3digo Aukinko : 18-360700 C\u00f3digo Convenio Marco :<\/p>\n","protected":false},"featured_media":624570,"comment_status":"open","ping_status":"closed","template":"","meta":{"_et_pb_use_builder":"","_et_pb_old_content":"","_et_gb_content_width":""},"product_brand":[],"product_cat":[91,90],"product_tag":[],"class_list":{"0":"post-573128","1":"product","2":"type-product","3":"status-publish","4":"has-post-thumbnail","6":"product_cat-accesorios-sala","7":"product_cat-matematicas","8":"pa_edad-3-a-4-anos","9":"pa_edad-4-a-5-anos","10":"pa_edad-5-a-6-anos","11":"pa_marca-voila","12":"pa_medidas-2-x-2","13":"pa_medidas-4415","14":"pa_medidas-5-x-28","15":"pa_medidas-7-cm","17":"first","18":"instock","19":"sale","20":"shipping-taxable","21":"purchasable","22":"product-type-simple"},"aioseo_notices":[],"_links":{"self":[{"href":"https:\/\/aukinkochile.com\/web\/wp-json\/wp\/v2\/product\/573128","targetHints":{"allow":["GET"]}}],"collection":[{"href":"https:\/\/aukinkochile.com\/web\/wp-json\/wp\/v2\/product"}],"about":[{"href":"https:\/\/aukinkochile.com\/web\/wp-json\/wp\/v2\/types\/product"}],"replies":[{"embeddable":true,"href":"https:\/\/aukinkochile.com\/web\/wp-json\/wp\/v2\/comments?post=573128"}],"wp:featuredmedia":[{"embeddable":true,"href":"https:\/\/aukinkochile.com\/web\/wp-json\/wp\/v2\/media\/624570"}],"wp:attachment":[{"href":"https:\/\/aukinkochile.com\/web\/wp-json\/wp\/v2\/media?parent=573128"}],"wp:term":[{"taxonomy":"product_brand","embeddable":true,"href":"https:\/\/aukinkochile.com\/web\/wp-json\/wp\/v2\/product_brand?post=573128"},{"taxonomy":"product_cat","embeddable":true,"href":"https:\/\/aukinkochile.com\/web\/wp-json\/wp\/v2\/product_cat?post=573128"},{"taxonomy":"product_tag","embeddable":true,"href":"https:\/\/aukinkochile.com\/web\/wp-json\/wp\/v2\/product_tag?post=573128"}],"curies":[{"name":"wp","href":"https:\/\/api.w.org\/{rel}","templated":true}]}}