{"id":573126,"date":"2021-09-22T04:46:45","date_gmt":"2021-09-22T04:46:45","guid":{"rendered":"https:\/\/aukinkochile.com\/web\/producto\/juego-de-mesa-domino-animales-marinos-28-pz\/"},"modified":"2023-10-19T19:14:07","modified_gmt":"2023-10-19T19:14:07","slug":"juego-de-mesa-domino-animales-marinos-28-pz","status":"publish","type":"product","link":"https:\/\/aukinkochile.com\/web\/producto\/juego-de-mesa-domino-animales-marinos-28-pz\/","title":{"rendered":"Juego De Mesa Domino Animales Marinos 28 Pza."},"content":{"rendered":"<p>Con simp\u00e1ticos animales marinos, este conjunto de 28 piezas curvas puede ser utilizado para reproducir muchas variaciones de domino. Incluido en la caja hay una bolsa de tela y una serie de patrones de cart\u00f3n con explicaciones de 3 entretenidos juegos educativos.<\/p>\n<p><p><strong>Material : <\/strong> MADERA<\/p>\n<p><strong>C\u00f3digo Aukinko : <\/strong> 18-360509<\/p>\n<p><strong>C\u00f3digo Convenio Marco : <\/strong> <\/p>\n","protected":false},"excerpt":{"rendered":"<p>Con simp\u00e1ticos animales marinos, este conjunto de 28 piezas curvas puede ser utilizado para reproducir muchas variaciones de domino. Incluido en la caja hay una bolsa de tela y una serie de patrones de cart\u00f3n con explicaciones de 3 entretenidos juegos educativos. Material : MADERA C\u00f3digo Aukinko : 18-360509 C\u00f3digo Convenio Marco :<\/p>\n","protected":false},"featured_media":624569,"comment_status":"open","ping_status":"closed","template":"","meta":{"_et_pb_use_builder":"","_et_pb_old_content":"","_et_gb_content_width":""},"product_brand":[],"product_cat":[149],"product_tag":[],"class_list":{"0":"post-573126","1":"product","2":"type-product","3":"status-publish","4":"has-post-thumbnail","6":"product_cat-juegos-de-mesa","7":"pa_edad-10-anos","8":"pa_edad-3-a-4-anos","9":"pa_edad-4-a-5-anos","10":"pa_edad-5-a-6-anos","11":"pa_edad-6-a-8-anos","12":"pa_edad-8-a-10-anos","13":"pa_marca-voila","14":"pa_medidas-4415","15":"pa_medidas-3-cm","16":"pa_medidas-5-x-38-x-3","18":"first","19":"instock","20":"sale","21":"shipping-taxable","22":"purchasable","23":"product-type-simple"},"aioseo_notices":[],"_links":{"self":[{"href":"https:\/\/aukinkochile.com\/web\/wp-json\/wp\/v2\/product\/573126","targetHints":{"allow":["GET"]}}],"collection":[{"href":"https:\/\/aukinkochile.com\/web\/wp-json\/wp\/v2\/product"}],"about":[{"href":"https:\/\/aukinkochile.com\/web\/wp-json\/wp\/v2\/types\/product"}],"replies":[{"embeddable":true,"href":"https:\/\/aukinkochile.com\/web\/wp-json\/wp\/v2\/comments?post=573126"}],"wp:featuredmedia":[{"embeddable":true,"href":"https:\/\/aukinkochile.com\/web\/wp-json\/wp\/v2\/media\/624569"}],"wp:attachment":[{"href":"https:\/\/aukinkochile.com\/web\/wp-json\/wp\/v2\/media?parent=573126"}],"wp:term":[{"taxonomy":"product_brand","embeddable":true,"href":"https:\/\/aukinkochile.com\/web\/wp-json\/wp\/v2\/product_brand?post=573126"},{"taxonomy":"product_cat","embeddable":true,"href":"https:\/\/aukinkochile.com\/web\/wp-json\/wp\/v2\/product_cat?post=573126"},{"taxonomy":"product_tag","embeddable":true,"href":"https:\/\/aukinkochile.com\/web\/wp-json\/wp\/v2\/product_tag?post=573126"}],"curies":[{"name":"wp","href":"https:\/\/api.w.org\/{rel}","templated":true}]}}