{"id":573118,"date":"2021-09-22T04:46:43","date_gmt":"2021-09-22T04:46:43","guid":{"rendered":"https:\/\/aukinkochile.com\/web\/producto\/silla-madera-c-u\/"},"modified":"2023-10-19T19:13:55","modified_gmt":"2023-10-19T19:13:55","slug":"silla-madera-c-u","status":"publish","type":"product","link":"https:\/\/aukinkochile.com\/web\/producto\/silla-madera-c-u\/","title":{"rendered":"Silla Madera c\/u"},"content":{"rendered":"<p>4 diferentes modelos de una peque\u00f1a silla con un asiento de color y con un lindo animal ( tortuga, gato, delf\u00edn, gallina) impreso en el respaldo. Patas curvas. Precio por unidad.<\/p>\n<p><p><strong>Material : <\/strong> MADERA<\/p>\n<p><strong>C\u00f3digo Aukinko : <\/strong> 18-301913<\/p>\n<p><strong>C\u00f3digo Convenio Marco : <\/strong> <\/p>\n","protected":false},"excerpt":{"rendered":"<p>4 diferentes modelos de una peque\u00f1a silla con un asiento de color y con un lindo animal ( tortuga, gato, delf\u00edn, gallina) impreso en el respaldo. Patas curvas. Precio por unidad. Material : MADERA C\u00f3digo Aukinko : 18-301913 C\u00f3digo Convenio Marco :<\/p>\n","protected":false},"featured_media":624567,"comment_status":"open","ping_status":"closed","template":"","meta":{"_et_pb_use_builder":"","_et_pb_old_content":"","_et_gb_content_width":""},"product_brand":[],"product_cat":[91],"product_tag":[],"class_list":{"0":"post-573118","1":"product","2":"type-product","3":"status-publish","4":"has-post-thumbnail","6":"product_cat-accesorios-sala","7":"pa_edad-1-a-2-anos","8":"pa_edad-2-a-3-anos","9":"pa_edad-3-a-4-anos","10":"pa_edad-4-a-5-anos","11":"pa_marca-voila","12":"pa_medidas-42-x-42-x-31-cm","14":"first","15":"instock","16":"sale","17":"shipping-taxable","18":"purchasable","19":"product-type-simple"},"aioseo_notices":[],"_links":{"self":[{"href":"https:\/\/aukinkochile.com\/web\/wp-json\/wp\/v2\/product\/573118","targetHints":{"allow":["GET"]}}],"collection":[{"href":"https:\/\/aukinkochile.com\/web\/wp-json\/wp\/v2\/product"}],"about":[{"href":"https:\/\/aukinkochile.com\/web\/wp-json\/wp\/v2\/types\/product"}],"replies":[{"embeddable":true,"href":"https:\/\/aukinkochile.com\/web\/wp-json\/wp\/v2\/comments?post=573118"}],"wp:featuredmedia":[{"embeddable":true,"href":"https:\/\/aukinkochile.com\/web\/wp-json\/wp\/v2\/media\/624567"}],"wp:attachment":[{"href":"https:\/\/aukinkochile.com\/web\/wp-json\/wp\/v2\/media?parent=573118"}],"wp:term":[{"taxonomy":"product_brand","embeddable":true,"href":"https:\/\/aukinkochile.com\/web\/wp-json\/wp\/v2\/product_brand?post=573118"},{"taxonomy":"product_cat","embeddable":true,"href":"https:\/\/aukinkochile.com\/web\/wp-json\/wp\/v2\/product_cat?post=573118"},{"taxonomy":"product_tag","embeddable":true,"href":"https:\/\/aukinkochile.com\/web\/wp-json\/wp\/v2\/product_tag?post=573118"}],"curies":[{"name":"wp","href":"https:\/\/api.w.org\/{rel}","templated":true}]}}