{"id":573114,"date":"2021-09-22T04:46:42","date_gmt":"2021-09-22T04:46:42","guid":{"rendered":"https:\/\/aukinkochile.com\/web\/producto\/magnetico-laberinto-madera-caracol\/"},"modified":"2025-11-06T20:13:09","modified_gmt":"2025-11-06T20:13:09","slug":"magnetico-laberinto-madera-caracol","status":"publish","type":"product","link":"https:\/\/aukinkochile.com\/web\/producto\/magnetico-laberinto-madera-caracol\/","title":{"rendered":"Magn\u00e9tico Laberinto Madera Caracol"},"content":{"rendered":"<p>Este divertido juego de madera magn\u00e9tico de Viga dar\u00e1 horas de diversi\u00f3n a los m\u00e1s peque\u00f1os. Estimula la coordinaci\u00f3n mano-ojo y ayuda al desarrollo de la conciencia del espacio de una forma muy divertida. Incluye un l\u00e1piz magn\u00e9tico que se utiliza para trazar los caminos y trasladar las bolitas de un lado a otro a trav\u00e9s de los caminos. Un juego ideal para estimular la motricidad fina y el agarre del l\u00e1piz. Fabricado en material suave y resistente.<\/p>\n<p><p><strong>Material : <\/strong> Madera<\/p>\n<p><strong>C\u00f3digo Aukinko : <\/strong> 18-259966<\/p>\n<p><strong>C\u00f3digo Convenio Marco : <\/strong> x<\/p>\n","protected":false},"excerpt":{"rendered":"<p>Este divertido juego de madera magn\u00e9tico de Viga dar\u00e1 horas de diversi\u00f3n a los m\u00e1s peque\u00f1os. Estimula la coordinaci\u00f3n mano-ojo y ayuda al desarrollo de la conciencia del espacio de una forma muy divertida. Incluye un l\u00e1piz magn\u00e9tico que se utiliza para trazar los caminos y trasladar las bolitas de un lado a otro a [&hellip;]<\/p>\n","protected":false},"featured_media":625175,"comment_status":"open","ping_status":"closed","template":"","meta":{"_et_pb_use_builder":"","_et_pb_old_content":"","_et_gb_content_width":""},"product_brand":[],"product_cat":[91,20],"product_tag":[],"class_list":{"0":"post-573114","1":"product","2":"type-product","3":"status-publish","4":"has-post-thumbnail","6":"product_cat-accesorios-sala","7":"product_cat-motricidad-fina","8":"pa_edad-3-a-4-anos","9":"pa_edad-4-a-5-anos","10":"pa_edad-5-a-6-anos","11":"pa_edad-6-a-8-anos","12":"pa_marca-viga","13":"pa_medidas-22-x-18-x-1","14":"pa_medidas-3-cm","16":"first","17":"instock","18":"shipping-taxable","19":"purchasable","20":"product-type-simple"},"aioseo_notices":[],"_links":{"self":[{"href":"https:\/\/aukinkochile.com\/web\/wp-json\/wp\/v2\/product\/573114","targetHints":{"allow":["GET"]}}],"collection":[{"href":"https:\/\/aukinkochile.com\/web\/wp-json\/wp\/v2\/product"}],"about":[{"href":"https:\/\/aukinkochile.com\/web\/wp-json\/wp\/v2\/types\/product"}],"replies":[{"embeddable":true,"href":"https:\/\/aukinkochile.com\/web\/wp-json\/wp\/v2\/comments?post=573114"}],"wp:featuredmedia":[{"embeddable":true,"href":"https:\/\/aukinkochile.com\/web\/wp-json\/wp\/v2\/media\/625175"}],"wp:attachment":[{"href":"https:\/\/aukinkochile.com\/web\/wp-json\/wp\/v2\/media?parent=573114"}],"wp:term":[{"taxonomy":"product_brand","embeddable":true,"href":"https:\/\/aukinkochile.com\/web\/wp-json\/wp\/v2\/product_brand?post=573114"},{"taxonomy":"product_cat","embeddable":true,"href":"https:\/\/aukinkochile.com\/web\/wp-json\/wp\/v2\/product_cat?post=573114"},{"taxonomy":"product_tag","embeddable":true,"href":"https:\/\/aukinkochile.com\/web\/wp-json\/wp\/v2\/product_tag?post=573114"}],"curies":[{"name":"wp","href":"https:\/\/api.w.org\/{rel}","templated":true}]}}