{"id":573066,"date":"2021-09-22T04:46:30","date_gmt":"2021-09-22T04:46:30","guid":{"rendered":"https:\/\/aukinkochile.com\/web\/producto\/auto-madera-c-u-3-modelos\/"},"modified":"2025-11-06T20:11:40","modified_gmt":"2025-11-06T20:11:40","slug":"auto-madera-c-u-3-modelos","status":"publish","type":"product","link":"https:\/\/aukinkochile.com\/web\/producto\/auto-madera-c-u-3-modelos\/","title":{"rendered":"Auto Madera c\/u"},"content":{"rendered":"<p>Hermoso auto de madera con detalles pintados, en 3 modelos diferentes. Precio por unidad. Fabricado en madera con detalles pintados. Los juegos de imitaci\u00f3n son ideales para estimular la imaginaci\u00f3n, desarrollar habilidades sociales y f\u00edsicas y mucho m\u00e1s, de una forma muy entretenida. Promueven la interacci\u00f3n entre ni\u00f1os y adultos. Fabricado en material suave y resistente.<\/p>\n<p><p><strong>Material : <\/strong> Madera<\/p>\n<p><strong>C\u00f3digo Aukinko : <\/strong> 18-259507<\/p>\n<p><strong>C\u00f3digo Convenio Marco : <\/strong> x<\/p>\n","protected":false},"excerpt":{"rendered":"<p>Hermoso auto de madera con detalles pintados, en 3 modelos diferentes. Precio por unidad. Fabricado en madera con detalles pintados. Los juegos de imitaci\u00f3n son ideales para estimular la imaginaci\u00f3n, desarrollar habilidades sociales y f\u00edsicas y mucho m\u00e1s, de una forma muy entretenida. Promueven la interacci\u00f3n entre ni\u00f1os y adultos. Fabricado en material suave y [&hellip;]<\/p>\n","protected":false},"featured_media":625151,"comment_status":"open","ping_status":"closed","template":"","meta":{"_et_pb_use_builder":"","_et_pb_old_content":"","_et_gb_content_width":""},"product_brand":[],"product_cat":[91,17],"product_tag":[],"class_list":{"0":"post-573066","1":"product","2":"type-product","3":"status-publish","4":"has-post-thumbnail","6":"product_cat-accesorios-sala","7":"product_cat-juegos-de-rol","8":"pa_edad-1-a-2-anos","9":"pa_edad-2-a-3-anos","10":"pa_edad-3-a-4-anos","11":"pa_edad-4-a-5-anos","12":"pa_marca-viga","13":"pa_medidas-8-cm-aprox","15":"first","16":"instock","17":"shipping-taxable","18":"purchasable","19":"product-type-simple"},"aioseo_notices":[],"_links":{"self":[{"href":"https:\/\/aukinkochile.com\/web\/wp-json\/wp\/v2\/product\/573066","targetHints":{"allow":["GET"]}}],"collection":[{"href":"https:\/\/aukinkochile.com\/web\/wp-json\/wp\/v2\/product"}],"about":[{"href":"https:\/\/aukinkochile.com\/web\/wp-json\/wp\/v2\/types\/product"}],"replies":[{"embeddable":true,"href":"https:\/\/aukinkochile.com\/web\/wp-json\/wp\/v2\/comments?post=573066"}],"wp:featuredmedia":[{"embeddable":true,"href":"https:\/\/aukinkochile.com\/web\/wp-json\/wp\/v2\/media\/625151"}],"wp:attachment":[{"href":"https:\/\/aukinkochile.com\/web\/wp-json\/wp\/v2\/media?parent=573066"}],"wp:term":[{"taxonomy":"product_brand","embeddable":true,"href":"https:\/\/aukinkochile.com\/web\/wp-json\/wp\/v2\/product_brand?post=573066"},{"taxonomy":"product_cat","embeddable":true,"href":"https:\/\/aukinkochile.com\/web\/wp-json\/wp\/v2\/product_cat?post=573066"},{"taxonomy":"product_tag","embeddable":true,"href":"https:\/\/aukinkochile.com\/web\/wp-json\/wp\/v2\/product_tag?post=573066"}],"curies":[{"name":"wp","href":"https:\/\/api.w.org\/{rel}","templated":true}]}}