{"id":573056,"date":"2021-09-22T04:46:28","date_gmt":"2021-09-22T04:46:28","guid":{"rendered":"https:\/\/aukinkochile.com\/web\/producto\/teatro-titeres-dedo-y-10-titeres\/"},"modified":"2025-11-06T20:11:21","modified_gmt":"2025-11-06T20:11:21","slug":"teatro-titeres-dedo-y-10-titeres","status":"publish","type":"product","link":"https:\/\/aukinkochile.com\/web\/producto\/teatro-titeres-dedo-y-10-titeres\/","title":{"rendered":"Teatro T\u00edteres Dedo y 10 T\u00edteres"},"content":{"rendered":"<p>Precioso teatro de t\u00edteres de dedo de madera pintado a mano. De tama\u00f1o adecuado para las manos de los ni\u00f1os. Incluye 10 t\u00edteres de dedo de genero con cabeza de madera pintados a mano y con pelo de lana (caperucita, duende, lobo, enano, chanchito, ni\u00f1a, conejo, hada, gato y mago cada uno de 15 cm aproximadamente) Los juegos de imitaci\u00f3n son ideales para estimular la imaginaci\u00f3n, desarrollar habilidades sociales y f\u00edsicas y mucho m\u00e1s, de una forma muy entretenida. Promueven la interacci\u00f3n entre ni\u00f1os y adultos. Fabricado en material suave y resistente.<\/p>\n<p><p><strong>Material : <\/strong> Madera y Genero<\/p>\n<p><strong>C\u00f3digo Aukinko : <\/strong> 18-259234<\/p>\n<p><strong>C\u00f3digo Convenio Marco : <\/strong> x<\/p>\n","protected":false},"excerpt":{"rendered":"<p>Precioso teatro de t\u00edteres de dedo de madera pintado a mano. De tama\u00f1o adecuado para las manos de los ni\u00f1os. Incluye 10 t\u00edteres de dedo de genero con cabeza de madera pintados a mano y con pelo de lana (caperucita, duende, lobo, enano, chanchito, ni\u00f1a, conejo, hada, gato y mago cada uno de 15 cm [&hellip;]<\/p>\n","protected":false},"featured_media":625146,"comment_status":"open","ping_status":"closed","template":"","meta":{"_et_pb_use_builder":"","_et_pb_old_content":"","_et_gb_content_width":""},"product_brand":[],"product_cat":[91,17],"product_tag":[],"class_list":{"0":"post-573056","1":"product","2":"type-product","3":"status-publish","4":"has-post-thumbnail","6":"product_cat-accesorios-sala","7":"product_cat-juegos-de-rol","8":"pa_edad-2-a-3-anos","9":"pa_edad-3-a-4-anos","10":"pa_edad-4-a-5-anos","11":"pa_edad-5-a-6-anos","12":"pa_edad-6-a-8-anos","13":"pa_marca-viga","14":"pa_medidas-5040","15":"pa_medidas-5-x-40-x-16-cm","16":"pa_medidas-titeres-de-15-cm-aprox","18":"first","19":"instock","20":"shipping-taxable","21":"purchasable","22":"product-type-simple"},"aioseo_notices":[],"_links":{"self":[{"href":"https:\/\/aukinkochile.com\/web\/wp-json\/wp\/v2\/product\/573056","targetHints":{"allow":["GET"]}}],"collection":[{"href":"https:\/\/aukinkochile.com\/web\/wp-json\/wp\/v2\/product"}],"about":[{"href":"https:\/\/aukinkochile.com\/web\/wp-json\/wp\/v2\/types\/product"}],"replies":[{"embeddable":true,"href":"https:\/\/aukinkochile.com\/web\/wp-json\/wp\/v2\/comments?post=573056"}],"wp:featuredmedia":[{"embeddable":true,"href":"https:\/\/aukinkochile.com\/web\/wp-json\/wp\/v2\/media\/625146"}],"wp:attachment":[{"href":"https:\/\/aukinkochile.com\/web\/wp-json\/wp\/v2\/media?parent=573056"}],"wp:term":[{"taxonomy":"product_brand","embeddable":true,"href":"https:\/\/aukinkochile.com\/web\/wp-json\/wp\/v2\/product_brand?post=573056"},{"taxonomy":"product_cat","embeddable":true,"href":"https:\/\/aukinkochile.com\/web\/wp-json\/wp\/v2\/product_cat?post=573056"},{"taxonomy":"product_tag","embeddable":true,"href":"https:\/\/aukinkochile.com\/web\/wp-json\/wp\/v2\/product_tag?post=573056"}],"curies":[{"name":"wp","href":"https:\/\/api.w.org\/{rel}","templated":true}]}}