{"id":573036,"date":"2021-09-22T04:46:23","date_gmt":"2021-09-22T04:46:23","guid":{"rendered":"https:\/\/aukinkochile.com\/web\/producto\/instrumento-xilofono-madera\/"},"modified":"2025-11-06T20:10:56","modified_gmt":"2025-11-06T20:10:56","slug":"instrumento-xilofono-madera","status":"publish","type":"product","link":"https:\/\/aukinkochile.com\/web\/producto\/instrumento-xilofono-madera\/","title":{"rendered":"Instrumento Xil\u00f3fono Madera"},"content":{"rendered":"<p>Hermoso xilof\u00f3n de madera y metal para encontrar los mas divertidos sonidos y estimular a los mas peque\u00f1os. Este tipo de instrumentos se pueden comenzar a utilizar desde la primera infancia estimulando a los mas peque\u00f1os a reconocer la causa y efecto mientras a su vez experimentan con la m\u00fasica. De material suave y resistente y colores vivos dar\u00e1 horas de diversi\u00f3n a ni\u00f1os y ni\u00f1as.<\/p>\n<p><p><strong>Material : <\/strong> Madera<\/p>\n<p><strong>C\u00f3digo Aukinko : <\/strong> 18-258771<\/p>\n<p><strong>C\u00f3digo Convenio Marco : <\/strong> x<\/p>\n","protected":false},"excerpt":{"rendered":"<p>Hermoso xilof\u00f3n de madera y metal para encontrar los mas divertidos sonidos y estimular a los mas peque\u00f1os. Este tipo de instrumentos se pueden comenzar a utilizar desde la primera infancia estimulando a los mas peque\u00f1os a reconocer la causa y efecto mientras a su vez experimentan con la m\u00fasica. De material suave y resistente [&hellip;]<\/p>\n","protected":false},"featured_media":625137,"comment_status":"open","ping_status":"closed","template":"","meta":{"_et_pb_use_builder":"","_et_pb_old_content":"","_et_gb_content_width":""},"product_brand":[],"product_cat":[91,392],"product_tag":[],"class_list":{"0":"post-573036","1":"product","2":"type-product","3":"status-publish","4":"has-post-thumbnail","6":"product_cat-accesorios-sala","7":"product_cat-musica","8":"pa_edad-1-a-2-anos","9":"pa_edad-2-a-3-anos","10":"pa_edad-3-a-4-anos","11":"pa_edad-4-a-5-anos","12":"pa_edad-5-a-6-anos","13":"pa_marca-viga","14":"pa_medidas-31-x-22","15":"pa_medidas-5-cm","16":"pa_medidas-5-x-4","18":"first","19":"instock","20":"shipping-taxable","21":"purchasable","22":"product-type-simple"},"aioseo_notices":[],"_links":{"self":[{"href":"https:\/\/aukinkochile.com\/web\/wp-json\/wp\/v2\/product\/573036","targetHints":{"allow":["GET"]}}],"collection":[{"href":"https:\/\/aukinkochile.com\/web\/wp-json\/wp\/v2\/product"}],"about":[{"href":"https:\/\/aukinkochile.com\/web\/wp-json\/wp\/v2\/types\/product"}],"replies":[{"embeddable":true,"href":"https:\/\/aukinkochile.com\/web\/wp-json\/wp\/v2\/comments?post=573036"}],"wp:featuredmedia":[{"embeddable":true,"href":"https:\/\/aukinkochile.com\/web\/wp-json\/wp\/v2\/media\/625137"}],"wp:attachment":[{"href":"https:\/\/aukinkochile.com\/web\/wp-json\/wp\/v2\/media?parent=573036"}],"wp:term":[{"taxonomy":"product_brand","embeddable":true,"href":"https:\/\/aukinkochile.com\/web\/wp-json\/wp\/v2\/product_brand?post=573036"},{"taxonomy":"product_cat","embeddable":true,"href":"https:\/\/aukinkochile.com\/web\/wp-json\/wp\/v2\/product_cat?post=573036"},{"taxonomy":"product_tag","embeddable":true,"href":"https:\/\/aukinkochile.com\/web\/wp-json\/wp\/v2\/product_tag?post=573036"}],"curies":[{"name":"wp","href":"https:\/\/api.w.org\/{rel}","templated":true}]}}