{"id":573020,"date":"2021-09-22T04:46:20","date_gmt":"2021-09-22T04:46:20","guid":{"rendered":"https:\/\/aukinkochile.com\/web\/producto\/enlazar-piezas-geometricas-30-pz\/"},"modified":"2025-11-06T20:10:36","modified_gmt":"2025-11-06T20:10:36","slug":"enlazar-piezas-geometricas-30-pz","status":"publish","type":"product","link":"https:\/\/aukinkochile.com\/web\/producto\/enlazar-piezas-geometricas-30-pz\/","title":{"rendered":"Enlazar Piezas Geom\u00e9tricas Madera 30 pz"},"content":{"rendered":"<p>Divertido juego de enlazar para pasar horas de diversi\u00f3n. Esta hermosa caja de madera con 30 piezas geom\u00e9tricas de madera diferentes con cordones incluidos. Un juego ideal para desarrollar las habilidades motoras fina. De excelente calidad y dise\u00f1o. Fabricado en material suave y resistente.<\/p>\n<p><p><strong>Material : <\/strong> Madera<\/p>\n<p><strong>C\u00f3digo Aukinko : <\/strong> 18-258505<\/p>\n<p><strong>C\u00f3digo Convenio Marco : <\/strong> x<\/p>\n","protected":false},"excerpt":{"rendered":"<p>Divertido juego de enlazar para pasar horas de diversi\u00f3n. Esta hermosa caja de madera con 30 piezas geom\u00e9tricas de madera diferentes con cordones incluidos. Un juego ideal para desarrollar las habilidades motoras fina. De excelente calidad y dise\u00f1o. Fabricado en material suave y resistente. Material : Madera C\u00f3digo Aukinko : 18-258505 C\u00f3digo Convenio Marco : [&hellip;]<\/p>\n","protected":false},"featured_media":625128,"comment_status":"open","ping_status":"closed","template":"","meta":{"_et_pb_use_builder":"","_et_pb_old_content":"","_et_gb_content_width":""},"product_brand":[],"product_cat":[91,21,19,20],"product_tag":[],"class_list":{"0":"post-573020","1":"product","2":"type-product","3":"status-publish","4":"has-post-thumbnail","6":"product_cat-accesorios-sala","7":"product_cat-arte-y-manipulacion","8":"product_cat-construccion","9":"product_cat-motricidad-fina","10":"pa_edad-3-a-4-anos","11":"pa_edad-4-a-5-anos","12":"pa_edad-5-a-6-anos","13":"pa_marca-viga","14":"pa_medidas-19-x-5-x-25-cm","16":"first","17":"instock","18":"shipping-taxable","19":"purchasable","20":"product-type-simple"},"aioseo_notices":[],"_links":{"self":[{"href":"https:\/\/aukinkochile.com\/web\/wp-json\/wp\/v2\/product\/573020","targetHints":{"allow":["GET"]}}],"collection":[{"href":"https:\/\/aukinkochile.com\/web\/wp-json\/wp\/v2\/product"}],"about":[{"href":"https:\/\/aukinkochile.com\/web\/wp-json\/wp\/v2\/types\/product"}],"replies":[{"embeddable":true,"href":"https:\/\/aukinkochile.com\/web\/wp-json\/wp\/v2\/comments?post=573020"}],"wp:featuredmedia":[{"embeddable":true,"href":"https:\/\/aukinkochile.com\/web\/wp-json\/wp\/v2\/media\/625128"}],"wp:attachment":[{"href":"https:\/\/aukinkochile.com\/web\/wp-json\/wp\/v2\/media?parent=573020"}],"wp:term":[{"taxonomy":"product_brand","embeddable":true,"href":"https:\/\/aukinkochile.com\/web\/wp-json\/wp\/v2\/product_brand?post=573020"},{"taxonomy":"product_cat","embeddable":true,"href":"https:\/\/aukinkochile.com\/web\/wp-json\/wp\/v2\/product_cat?post=573020"},{"taxonomy":"product_tag","embeddable":true,"href":"https:\/\/aukinkochile.com\/web\/wp-json\/wp\/v2\/product_tag?post=573020"}],"curies":[{"name":"wp","href":"https:\/\/api.w.org\/{rel}","templated":true}]}}