{"id":572958,"date":"2021-09-22T04:46:03","date_gmt":"2021-09-22T04:46:03","guid":{"rendered":"https:\/\/aukinkochile.com\/web\/producto\/bloques-construccion-madera-natural-75-pz\/"},"modified":"2025-11-06T20:08:35","modified_gmt":"2025-11-06T20:08:35","slug":"bloques-construccion-madera-natural-75-pz","status":"publish","type":"product","link":"https:\/\/aukinkochile.com\/web\/producto\/bloques-construccion-madera-natural-75-pz\/","title":{"rendered":"Bloques Madera Natural 75 pz"},"content":{"rendered":"<p>Estos bloques de madera color natural de Viga dar\u00e1n a los mas peque\u00f1os horas de diversi\u00f3n. Los juegos de construcci\u00f3n estimulan el reconocimiento del espacio y el desarrollo de la creatividad y la imaginaci\u00f3n. Con este juego los ni\u00f1os y ni\u00f1as podr\u00e1n crear todos los mundos que se imaginen con infinitas posibilidades, creando a su vez historias y juegos variados. De material suave y resistente este juego es ideal para estimular el desarrollo de las habilidades cognitivas y la motricidad fina de ni\u00f1os y ni\u00f1as. Viene en un contenedor pl\u00e1stico f\u00e1cil de transportar. 75 piezas de 3,5 cm aprox c\/u. Fabricado en material suave y resistente.<\/p>\n<p><p><strong>Material : <\/strong> Madera<\/p>\n<p><strong>C\u00f3digo Aukinko : <\/strong> 18-251624<\/p>\n<p><strong>C\u00f3digo Convenio Marco : <\/strong> x<\/p>\n","protected":false},"excerpt":{"rendered":"<p>Estos bloques de madera color natural de Viga dar\u00e1n a los mas peque\u00f1os horas de diversi\u00f3n. Los juegos de construcci\u00f3n estimulan el reconocimiento del espacio y el desarrollo de la creatividad y la imaginaci\u00f3n. Con este juego los ni\u00f1os y ni\u00f1as podr\u00e1n crear todos los mundos que se imaginen con infinitas posibilidades, creando a su [&hellip;]<\/p>\n","protected":false},"featured_media":625084,"comment_status":"open","ping_status":"closed","template":"","meta":{"_et_pb_use_builder":"","_et_pb_old_content":"","_et_gb_content_width":""},"product_brand":[],"product_cat":[91,19,20],"product_tag":[],"class_list":{"0":"post-572958","1":"product","2":"type-product","3":"status-publish","4":"has-post-thumbnail","6":"product_cat-accesorios-sala","7":"product_cat-construccion","8":"product_cat-motricidad-fina","9":"pa_edad-3-a-4-anos","10":"pa_edad-4-a-5-anos","11":"pa_edad-5-a-6-anos","12":"pa_edad-6-a-8-anos","13":"pa_marca-viga","14":"pa_medidas-4359","15":"pa_medidas-5-cm-c-pz","17":"first","18":"instock","19":"shipping-taxable","20":"purchasable","21":"product-type-simple"},"aioseo_notices":[],"_links":{"self":[{"href":"https:\/\/aukinkochile.com\/web\/wp-json\/wp\/v2\/product\/572958","targetHints":{"allow":["GET"]}}],"collection":[{"href":"https:\/\/aukinkochile.com\/web\/wp-json\/wp\/v2\/product"}],"about":[{"href":"https:\/\/aukinkochile.com\/web\/wp-json\/wp\/v2\/types\/product"}],"replies":[{"embeddable":true,"href":"https:\/\/aukinkochile.com\/web\/wp-json\/wp\/v2\/comments?post=572958"}],"wp:featuredmedia":[{"embeddable":true,"href":"https:\/\/aukinkochile.com\/web\/wp-json\/wp\/v2\/media\/625084"}],"wp:attachment":[{"href":"https:\/\/aukinkochile.com\/web\/wp-json\/wp\/v2\/media?parent=572958"}],"wp:term":[{"taxonomy":"product_brand","embeddable":true,"href":"https:\/\/aukinkochile.com\/web\/wp-json\/wp\/v2\/product_brand?post=572958"},{"taxonomy":"product_cat","embeddable":true,"href":"https:\/\/aukinkochile.com\/web\/wp-json\/wp\/v2\/product_cat?post=572958"},{"taxonomy":"product_tag","embeddable":true,"href":"https:\/\/aukinkochile.com\/web\/wp-json\/wp\/v2\/product_tag?post=572958"}],"curies":[{"name":"wp","href":"https:\/\/api.w.org\/{rel}","templated":true}]}}