{"id":572938,"date":"2021-09-22T04:45:55","date_gmt":"2021-09-22T04:45:55","guid":{"rendered":"https:\/\/aukinkochile.com\/web\/producto\/comida-juego-ensalada\/"},"modified":"2025-11-06T20:08:33","modified_gmt":"2025-11-06T20:08:33","slug":"comida-juego-ensalada","status":"publish","type":"product","link":"https:\/\/aukinkochile.com\/web\/producto\/comida-juego-ensalada\/","title":{"rendered":"Comida Juego Ensalada Madera"},"content":{"rendered":"<p>Entretenido conjunto de madera de 36 piezas para jugar a hacer ensaladas y pasar horas de diversi\u00f3n. Contiene hojas de ensaladas de fieltro (4 lechugas 10 cm di\u00e1metro y 4 rodajas de piment\u00f3n rojo) un bowl para servir, verduras de madera (4 zanahorias, 4 tomates, 4 pepinos, 4 cebollas  y 4 paltas), prote\u00ednas (3 huevos) vajilla (cuchillo y tenedor) y una receta de ensalada saludable. Y para el toque final 2 botellas de ali\u00f1o para ensaladas de 24 cm aprox. Fabricado en material suave y resistente.<\/p>\n<p><p><strong>Material : <\/strong> Madera y Fieltro<\/p>\n<p><strong>C\u00f3digo Aukinko : <\/strong> 18-251605<\/p>\n<p><strong>C\u00f3digo Convenio Marco : <\/strong> x<\/p>\n","protected":false},"excerpt":{"rendered":"<p>Entretenido conjunto de madera de 36 piezas para jugar a hacer ensaladas y pasar horas de diversi\u00f3n. Contiene hojas de ensaladas de fieltro (4 lechugas 10 cm di\u00e1metro y 4 rodajas de piment\u00f3n rojo) un bowl para servir, verduras de madera (4 zanahorias, 4 tomates, 4 pepinos, 4 cebollas y 4 paltas), prote\u00ednas (3 huevos) [&hellip;]<\/p>\n","protected":false},"featured_media":625072,"comment_status":"open","ping_status":"closed","template":"","meta":{"_et_pb_use_builder":"","_et_pb_old_content":"","_et_gb_content_width":""},"product_brand":[],"product_cat":[91,17],"product_tag":[],"class_list":{"0":"post-572938","1":"product","2":"type-product","3":"status-publish","4":"has-post-thumbnail","6":"product_cat-accesorios-sala","7":"product_cat-juegos-de-rol","8":"pa_edad-2-a-3-anos","9":"pa_edad-3-a-4-anos","10":"pa_edad-4-a-5-anos","11":"pa_edad-5-a-6-anos","12":"pa_edad-6-a-8-anos","13":"pa_marca-viga","14":"pa_medidas-2-x-24","15":"pa_medidas-2-x-6","16":"pa_medidas-4678","17":"pa_medidas-5-cm-caja","19":"first","20":"instock","21":"shipping-taxable","22":"purchasable","23":"product-type-simple"},"aioseo_notices":[],"_links":{"self":[{"href":"https:\/\/aukinkochile.com\/web\/wp-json\/wp\/v2\/product\/572938","targetHints":{"allow":["GET"]}}],"collection":[{"href":"https:\/\/aukinkochile.com\/web\/wp-json\/wp\/v2\/product"}],"about":[{"href":"https:\/\/aukinkochile.com\/web\/wp-json\/wp\/v2\/types\/product"}],"replies":[{"embeddable":true,"href":"https:\/\/aukinkochile.com\/web\/wp-json\/wp\/v2\/comments?post=572938"}],"wp:featuredmedia":[{"embeddable":true,"href":"https:\/\/aukinkochile.com\/web\/wp-json\/wp\/v2\/media\/625072"}],"wp:attachment":[{"href":"https:\/\/aukinkochile.com\/web\/wp-json\/wp\/v2\/media?parent=572938"}],"wp:term":[{"taxonomy":"product_brand","embeddable":true,"href":"https:\/\/aukinkochile.com\/web\/wp-json\/wp\/v2\/product_brand?post=572938"},{"taxonomy":"product_cat","embeddable":true,"href":"https:\/\/aukinkochile.com\/web\/wp-json\/wp\/v2\/product_cat?post=572938"},{"taxonomy":"product_tag","embeddable":true,"href":"https:\/\/aukinkochile.com\/web\/wp-json\/wp\/v2\/product_tag?post=572938"}],"curies":[{"name":"wp","href":"https:\/\/api.w.org\/{rel}","templated":true}]}}