{"id":572884,"date":"2021-09-22T04:45:43","date_gmt":"2021-09-22T04:45:43","guid":{"rendered":"https:\/\/aukinkochile.com\/web\/producto\/vehiculo-multiplay-pista-de-trenes-con-accesorios\/"},"modified":"2025-11-06T20:08:31","modified_gmt":"2025-11-06T20:08:31","slug":"vehiculo-multiplay-pista-de-trenes-con-accesorios","status":"publish","type":"product","link":"https:\/\/aukinkochile.com\/web\/producto\/vehiculo-multiplay-pista-de-trenes-con-accesorios\/","title":{"rendered":"Pista de Trenes con Accesorios Madera"},"content":{"rendered":"<p>Hermosa pista de trenes para pasar horas de diversi\u00f3n. Incluye 90 piezas: un tren moderno, un tren de carga, bloques de campo, animales, arboles, ciudad, estaci\u00f3n de polic\u00eda, escuela, tienda, autom\u00f3viles, figuras, se\u00f1ales de trafico y rieles de madera de haya de alta calidad. Los juegos de imitaci\u00f3n son ideales para estimular la imaginaci\u00f3n, desarrollar habilidades sociales y f\u00edsicas y mucho m\u00e1s, de una forma muy entretenida. Promueven la interacci\u00f3n entre ni\u00f1os y adultos. Fabricado en material suave y resistente. <\/p>\n<p><p><strong>Material : <\/strong> Madera<\/p>\n<p><strong>C\u00f3digo Aukinko : <\/strong> 18-250998<\/p>\n<p><strong>C\u00f3digo Convenio Marco : <\/strong> x<\/p>\n","protected":false},"excerpt":{"rendered":"<p>Hermosa pista de trenes para pasar horas de diversi\u00f3n. Incluye 90 piezas: un tren moderno, un tren de carga, bloques de campo, animales, arboles, ciudad, estaci\u00f3n de polic\u00eda, escuela, tienda, autom\u00f3viles, figuras, se\u00f1ales de trafico y rieles de madera de haya de alta calidad. Los juegos de imitaci\u00f3n son ideales para estimular la imaginaci\u00f3n, desarrollar [&hellip;]<\/p>\n","protected":false},"featured_media":625052,"comment_status":"open","ping_status":"closed","template":"","meta":{"_et_pb_use_builder":"","_et_pb_old_content":"","_et_gb_content_width":""},"product_brand":[],"product_cat":[91,17],"product_tag":[],"class_list":{"0":"post-572884","1":"product","2":"type-product","3":"status-publish","4":"has-post-thumbnail","6":"product_cat-accesorios-sala","7":"product_cat-juegos-de-rol","8":"pa_edad-3-a-4-anos","9":"pa_edad-4-a-5-anos","10":"pa_edad-5-a-6-anos","11":"pa_marca-viga","12":"pa_medidas-5010","13":"pa_medidas-5-x-48-x-9-cm-caja","15":"first","16":"instock","17":"shipping-taxable","18":"purchasable","19":"product-type-simple"},"aioseo_notices":[],"_links":{"self":[{"href":"https:\/\/aukinkochile.com\/web\/wp-json\/wp\/v2\/product\/572884","targetHints":{"allow":["GET"]}}],"collection":[{"href":"https:\/\/aukinkochile.com\/web\/wp-json\/wp\/v2\/product"}],"about":[{"href":"https:\/\/aukinkochile.com\/web\/wp-json\/wp\/v2\/types\/product"}],"replies":[{"embeddable":true,"href":"https:\/\/aukinkochile.com\/web\/wp-json\/wp\/v2\/comments?post=572884"}],"wp:featuredmedia":[{"embeddable":true,"href":"https:\/\/aukinkochile.com\/web\/wp-json\/wp\/v2\/media\/625052"}],"wp:attachment":[{"href":"https:\/\/aukinkochile.com\/web\/wp-json\/wp\/v2\/media?parent=572884"}],"wp:term":[{"taxonomy":"product_brand","embeddable":true,"href":"https:\/\/aukinkochile.com\/web\/wp-json\/wp\/v2\/product_brand?post=572884"},{"taxonomy":"product_cat","embeddable":true,"href":"https:\/\/aukinkochile.com\/web\/wp-json\/wp\/v2\/product_cat?post=572884"},{"taxonomy":"product_tag","embeddable":true,"href":"https:\/\/aukinkochile.com\/web\/wp-json\/wp\/v2\/product_tag?post=572884"}],"curies":[{"name":"wp","href":"https:\/\/api.w.org\/{rel}","templated":true}]}}