{"id":572880,"date":"2021-09-22T04:45:41","date_gmt":"2021-09-22T04:45:41","guid":{"rendered":"https:\/\/aukinkochile.com\/web\/producto\/instrumento-piano-madera-negro\/"},"modified":"2025-11-06T20:08:29","modified_gmt":"2025-11-06T20:08:29","slug":"instrumento-piano-madera-negro","status":"publish","type":"product","link":"https:\/\/aukinkochile.com\/web\/producto\/instrumento-piano-madera-negro\/","title":{"rendered":"Instrumento Piano Madera Negro"},"content":{"rendered":"<p>Hermoso piano de madera para iniciar a los m\u00e1s peque\u00f1os en el gusto por la m\u00fasica y por este maravilloso instrumento en edades tempranas. Incluye 15 teclas blancas y 10 negras. Ideal para cultivar el gusto por la m\u00fasica y la flexibilidad de los dedos en los ni\u00f1os y ni\u00f1as. De material suave y resistente.<\/p>\n<p><p><strong>Material : <\/strong> Madera<\/p>\n<p><strong>C\u00f3digo Aukinko : <\/strong> 18-250996<\/p>\n<p><strong>C\u00f3digo Convenio Marco : <\/strong> x<\/p>\n","protected":false},"excerpt":{"rendered":"<p>Hermoso piano de madera para iniciar a los m\u00e1s peque\u00f1os en el gusto por la m\u00fasica y por este maravilloso instrumento en edades tempranas. Incluye 15 teclas blancas y 10 negras. Ideal para cultivar el gusto por la m\u00fasica y la flexibilidad de los dedos en los ni\u00f1os y ni\u00f1as. De material suave y resistente. [&hellip;]<\/p>\n","protected":false},"featured_media":625050,"comment_status":"open","ping_status":"closed","template":"","meta":{"_et_pb_use_builder":"","_et_pb_old_content":"","_et_gb_content_width":""},"product_brand":[],"product_cat":[392],"product_tag":[],"class_list":{"0":"post-572880","1":"product","2":"type-product","3":"status-publish","4":"has-post-thumbnail","6":"product_cat-musica","7":"pa_edad-1-a-2-anos","8":"pa_edad-2-a-3-anos","9":"pa_edad-3-a-4-anos","10":"pa_edad-4-a-5-anos","11":"pa_edad-5-a-6-anos","12":"pa_marca-viga","13":"pa_medidas-40-x-30-x-25","14":"pa_medidas-5-cm","16":"first","17":"instock","18":"shipping-taxable","19":"purchasable","20":"product-type-simple"},"aioseo_notices":[],"_links":{"self":[{"href":"https:\/\/aukinkochile.com\/web\/wp-json\/wp\/v2\/product\/572880","targetHints":{"allow":["GET"]}}],"collection":[{"href":"https:\/\/aukinkochile.com\/web\/wp-json\/wp\/v2\/product"}],"about":[{"href":"https:\/\/aukinkochile.com\/web\/wp-json\/wp\/v2\/types\/product"}],"replies":[{"embeddable":true,"href":"https:\/\/aukinkochile.com\/web\/wp-json\/wp\/v2\/comments?post=572880"}],"wp:featuredmedia":[{"embeddable":true,"href":"https:\/\/aukinkochile.com\/web\/wp-json\/wp\/v2\/media\/625050"}],"wp:attachment":[{"href":"https:\/\/aukinkochile.com\/web\/wp-json\/wp\/v2\/media?parent=572880"}],"wp:term":[{"taxonomy":"product_brand","embeddable":true,"href":"https:\/\/aukinkochile.com\/web\/wp-json\/wp\/v2\/product_brand?post=572880"},{"taxonomy":"product_cat","embeddable":true,"href":"https:\/\/aukinkochile.com\/web\/wp-json\/wp\/v2\/product_cat?post=572880"},{"taxonomy":"product_tag","embeddable":true,"href":"https:\/\/aukinkochile.com\/web\/wp-json\/wp\/v2\/product_tag?post=572880"}],"curies":[{"name":"wp","href":"https:\/\/api.w.org\/{rel}","templated":true}]}}