{"id":572826,"date":"2021-09-22T04:45:29","date_gmt":"2021-09-22T04:45:29","guid":{"rendered":"https:\/\/aukinkochile.com\/web\/producto\/pizarra-magneticas-castillo-4-pz-set\/"},"modified":"2025-11-06T20:08:10","modified_gmt":"2025-11-06T20:08:10","slug":"pizarra-magneticas-castillo-4-pz-set","status":"publish","type":"product","link":"https:\/\/aukinkochile.com\/web\/producto\/pizarra-magneticas-castillo-4-pz-set\/","title":{"rendered":"Pizarra Magn\u00e9tica Madera Castillo set 4 pz"},"content":{"rendered":"<p>Divertido set de 4 pizarras con formas de castillo y apoyo de madera para las piezas magn\u00e9ticas, con un dise\u00f1o muy bonito que ser\u00e1 un espacio en la pared para desarrollar la creatividad y a la vez estimular las habilidades cognitivas desde los primeros a\u00f1os. Es ideal para salas de centros educativos, por su tama\u00f1o permite que varios ni\u00f1os y ni\u00f1as puedan jugar a la vez. La base blanca tambi\u00e9n permite que escriban y dibujen con plumones de pizarra. Todo el dise\u00f1o esta especialmente pensado para ser seguro para los mas peque\u00f1os. 60 x 40 cm cada pizarra aprox. Fabricado en material suave y resistente. <\/p>\n<p><p><strong>Material : <\/strong> Madera<\/p>\n<p><strong>C\u00f3digo Aukinko : <\/strong> 18-250775<\/p>\n<p><strong>C\u00f3digo Convenio Marco : <\/strong> x<\/p>\n","protected":false},"excerpt":{"rendered":"<p>Divertido set de 4 pizarras con formas de castillo y apoyo de madera para las piezas magn\u00e9ticas, con un dise\u00f1o muy bonito que ser\u00e1 un espacio en la pared para desarrollar la creatividad y a la vez estimular las habilidades cognitivas desde los primeros a\u00f1os. Es ideal para salas de centros educativos, por su tama\u00f1o [&hellip;]<\/p>\n","protected":false},"featured_media":625020,"comment_status":"open","ping_status":"closed","template":"","meta":{"_et_pb_use_builder":"","_et_pb_old_content":"","_et_gb_content_width":""},"product_brand":[],"product_cat":[91,21],"product_tag":[],"class_list":{"0":"post-572826","1":"product","2":"type-product","3":"status-publish","4":"has-post-thumbnail","6":"product_cat-accesorios-sala","7":"product_cat-arte-y-manipulacion","8":"pa_edad-2-a-3-anos","9":"pa_edad-3-a-4-anos","10":"pa_edad-4-a-5-anos","11":"pa_edad-5-a-6-anos","12":"pa_marca-viga","13":"pa_medidas-154-x-60-x-9-cm","15":"first","16":"instock","17":"shipping-taxable","18":"purchasable","19":"product-type-simple"},"aioseo_notices":[],"_links":{"self":[{"href":"https:\/\/aukinkochile.com\/web\/wp-json\/wp\/v2\/product\/572826","targetHints":{"allow":["GET"]}}],"collection":[{"href":"https:\/\/aukinkochile.com\/web\/wp-json\/wp\/v2\/product"}],"about":[{"href":"https:\/\/aukinkochile.com\/web\/wp-json\/wp\/v2\/types\/product"}],"replies":[{"embeddable":true,"href":"https:\/\/aukinkochile.com\/web\/wp-json\/wp\/v2\/comments?post=572826"}],"wp:featuredmedia":[{"embeddable":true,"href":"https:\/\/aukinkochile.com\/web\/wp-json\/wp\/v2\/media\/625020"}],"wp:attachment":[{"href":"https:\/\/aukinkochile.com\/web\/wp-json\/wp\/v2\/media?parent=572826"}],"wp:term":[{"taxonomy":"product_brand","embeddable":true,"href":"https:\/\/aukinkochile.com\/web\/wp-json\/wp\/v2\/product_brand?post=572826"},{"taxonomy":"product_cat","embeddable":true,"href":"https:\/\/aukinkochile.com\/web\/wp-json\/wp\/v2\/product_cat?post=572826"},{"taxonomy":"product_tag","embeddable":true,"href":"https:\/\/aukinkochile.com\/web\/wp-json\/wp\/v2\/product_tag?post=572826"}],"curies":[{"name":"wp","href":"https:\/\/api.w.org\/{rel}","templated":true}]}}