{"id":572820,"date":"2021-09-22T04:45:28","date_gmt":"2021-09-22T04:45:28","guid":{"rendered":"https:\/\/aukinkochile.com\/web\/producto\/arrastre-auto-ambulancia\/"},"modified":"2025-11-06T20:08:09","modified_gmt":"2025-11-06T20:08:09","slug":"arrastre-auto-ambulancia","status":"publish","type":"product","link":"https:\/\/aukinkochile.com\/web\/producto\/arrastre-auto-ambulancia\/","title":{"rendered":"Arrastre Auto Ambulancia Madera"},"content":{"rendered":"<p>Hermoso auto construido con madera solida, del tama\u00f1o ideal para las peque\u00f1as manos de los ni\u00f1os.  Ideal para el juego de simulaci\u00f3n, promoviendo la imaginaci\u00f3n. Un juego de madera que estimula las habilidades motoras de los m\u00e1s peque\u00f1os y los acompa\u00f1a en su desarrollo. De material suave y resistente y colores vivos. Fabricado en material suave y resistente. <\/p>\n<p><p><strong>Material : <\/strong> Madera<\/p>\n<p><strong>C\u00f3digo Aukinko : <\/strong> 18-250695<\/p>\n<p><strong>C\u00f3digo Convenio Marco : <\/strong> x<\/p>\n","protected":false},"excerpt":{"rendered":"<p>Hermoso auto construido con madera solida, del tama\u00f1o ideal para las peque\u00f1as manos de los ni\u00f1os. Ideal para el juego de simulaci\u00f3n, promoviendo la imaginaci\u00f3n. Un juego de madera que estimula las habilidades motoras de los m\u00e1s peque\u00f1os y los acompa\u00f1a en su desarrollo. De material suave y resistente y colores vivos. Fabricado en material [&hellip;]<\/p>\n","protected":false},"featured_media":625014,"comment_status":"open","ping_status":"closed","template":"","meta":{"_et_pb_use_builder":"","_et_pb_old_content":"","_et_gb_content_width":""},"product_brand":[],"product_cat":[91,17,18],"product_tag":[],"class_list":{"0":"post-572820","1":"product","2":"type-product","3":"status-publish","4":"has-post-thumbnail","6":"product_cat-accesorios-sala","7":"product_cat-juegos-de-rol","8":"product_cat-motricidad-gruesa","9":"pa_edad-1-a-2-anos","10":"pa_edad-2-a-3-anos","11":"pa_edad-3-a-4-anos","12":"pa_marca-viga","13":"pa_medidas-3-cm","14":"pa_medidas-5-x-4","15":"pa_medidas-9-x-7","17":"first","18":"instock","19":"shipping-taxable","20":"purchasable","21":"product-type-simple"},"aioseo_notices":[],"_links":{"self":[{"href":"https:\/\/aukinkochile.com\/web\/wp-json\/wp\/v2\/product\/572820","targetHints":{"allow":["GET"]}}],"collection":[{"href":"https:\/\/aukinkochile.com\/web\/wp-json\/wp\/v2\/product"}],"about":[{"href":"https:\/\/aukinkochile.com\/web\/wp-json\/wp\/v2\/types\/product"}],"replies":[{"embeddable":true,"href":"https:\/\/aukinkochile.com\/web\/wp-json\/wp\/v2\/comments?post=572820"}],"wp:featuredmedia":[{"embeddable":true,"href":"https:\/\/aukinkochile.com\/web\/wp-json\/wp\/v2\/media\/625014"}],"wp:attachment":[{"href":"https:\/\/aukinkochile.com\/web\/wp-json\/wp\/v2\/media?parent=572820"}],"wp:term":[{"taxonomy":"product_brand","embeddable":true,"href":"https:\/\/aukinkochile.com\/web\/wp-json\/wp\/v2\/product_brand?post=572820"},{"taxonomy":"product_cat","embeddable":true,"href":"https:\/\/aukinkochile.com\/web\/wp-json\/wp\/v2\/product_cat?post=572820"},{"taxonomy":"product_tag","embeddable":true,"href":"https:\/\/aukinkochile.com\/web\/wp-json\/wp\/v2\/product_tag?post=572820"}],"curies":[{"name":"wp","href":"https:\/\/api.w.org\/{rel}","templated":true}]}}