{"id":572730,"date":"2021-09-22T04:45:07","date_gmt":"2021-09-22T04:45:07","guid":{"rendered":"https:\/\/aukinkochile.com\/web\/producto\/juego-pared-cocodrilo\/"},"modified":"2025-11-06T20:07:41","modified_gmt":"2025-11-06T20:07:41","slug":"juego-pared-cocodrilo","status":"publish","type":"product","link":"https:\/\/aukinkochile.com\/web\/producto\/juego-pared-cocodrilo\/","title":{"rendered":"Juego Pared Madera Cocodrilo"},"content":{"rendered":"<p>Divertido juego de pared con muchas actividades variadas para pasar horas de diversi\u00f3n. Incluye 5 piezas que unidas forman un amigable cocodrilo. Cada pieza tiene actividades para desarrollar la motricidad fina, la percepci\u00f3n musical, la manipulaci\u00f3n de engranajes, aprender los n\u00fameros y los colores. Adem\u00e1s contiene un espejo y muchas actividades mas. Ideal para salas de clase y espacios educativos. De excelente calidad y dise\u00f1o. Fabricado en material suave y resistente. <\/p>\n<p><p><strong>Material : <\/strong> Madera<\/p>\n<p><strong>C\u00f3digo Aukinko : <\/strong> 18-250346<\/p>\n<p><strong>C\u00f3digo Convenio Marco : <\/strong> x<\/p>\n","protected":false},"excerpt":{"rendered":"<p>Divertido juego de pared con muchas actividades variadas para pasar horas de diversi\u00f3n. Incluye 5 piezas que unidas forman un amigable cocodrilo. Cada pieza tiene actividades para desarrollar la motricidad fina, la percepci\u00f3n musical, la manipulaci\u00f3n de engranajes, aprender los n\u00fameros y los colores. Adem\u00e1s contiene un espejo y muchas actividades mas. Ideal para salas [&hellip;]<\/p>\n","protected":false},"featured_media":624968,"comment_status":"open","ping_status":"closed","template":"","meta":{"_et_pb_use_builder":"","_et_pb_old_content":"","_et_gb_content_width":""},"product_brand":[],"product_cat":[91,20],"product_tag":[],"class_list":{"0":"post-572730","1":"product","2":"type-product","3":"status-publish","4":"has-post-thumbnail","6":"product_cat-accesorios-sala","7":"product_cat-motricidad-fina","8":"pa_edad-1-a-2-anos","9":"pa_edad-2-a-3-anos","10":"pa_edad-3-a-4-anos","11":"pa_marca-viga","12":"pa_medidas-4364","13":"pa_medidas-46-x-32-x-1","14":"pa_medidas-47-x-35-x-1","15":"pa_medidas-49-x-33-x-1","16":"pa_medidas-5-cm-cabeza-pz-1","17":"pa_medidas-5-cm-pieza-2-y-4","18":"pa_medidas-5-cm-pieza-3","19":"pa_medidas-5-cola-pz-5","20":"pa_medidas-5-x-35-x-1","22":"first","23":"instock","24":"shipping-taxable","25":"purchasable","26":"product-type-simple"},"aioseo_notices":[],"_links":{"self":[{"href":"https:\/\/aukinkochile.com\/web\/wp-json\/wp\/v2\/product\/572730","targetHints":{"allow":["GET"]}}],"collection":[{"href":"https:\/\/aukinkochile.com\/web\/wp-json\/wp\/v2\/product"}],"about":[{"href":"https:\/\/aukinkochile.com\/web\/wp-json\/wp\/v2\/types\/product"}],"replies":[{"embeddable":true,"href":"https:\/\/aukinkochile.com\/web\/wp-json\/wp\/v2\/comments?post=572730"}],"wp:featuredmedia":[{"embeddable":true,"href":"https:\/\/aukinkochile.com\/web\/wp-json\/wp\/v2\/media\/624968"}],"wp:attachment":[{"href":"https:\/\/aukinkochile.com\/web\/wp-json\/wp\/v2\/media?parent=572730"}],"wp:term":[{"taxonomy":"product_brand","embeddable":true,"href":"https:\/\/aukinkochile.com\/web\/wp-json\/wp\/v2\/product_brand?post=572730"},{"taxonomy":"product_cat","embeddable":true,"href":"https:\/\/aukinkochile.com\/web\/wp-json\/wp\/v2\/product_cat?post=572730"},{"taxonomy":"product_tag","embeddable":true,"href":"https:\/\/aukinkochile.com\/web\/wp-json\/wp\/v2\/product_tag?post=572730"}],"curies":[{"name":"wp","href":"https:\/\/api.w.org\/{rel}","templated":true}]}}