{"id":572708,"date":"2021-09-22T04:44:56","date_gmt":"2021-09-22T04:44:56","guid":{"rendered":"https:\/\/aukinkochile.com\/web\/producto\/bloques-alfabetico-y-numero-100-pz\/"},"modified":"2025-11-06T20:07:30","modified_gmt":"2025-11-06T20:07:30","slug":"bloques-alfabetico-y-numero-100-pz","status":"publish","type":"product","link":"https:\/\/aukinkochile.com\/web\/producto\/bloques-alfabetico-y-numero-100-pz\/","title":{"rendered":"Bloques Madera Alfab\u00e9tico y Numero 100 pz"},"content":{"rendered":"<p>Divertido juego de construcci\u00f3n para pasar horas de diversi\u00f3n. Incluye 100 bloques cl\u00e1sicos de madera de alta calidad, bien pintadas con colores brillantes e impresos a mano con n\u00fameros y el alfabeto. Dise\u00f1ado para que los ni\u00f1os usen su imaginaci\u00f3n para armar diferentes escenas. Fabricado en material suave y resistente. <\/p>\n<p><p><strong>Material : <\/strong> Madera<\/p>\n<p><strong>C\u00f3digo Aukinko : <\/strong> 18-250288<\/p>\n<p><strong>C\u00f3digo Convenio Marco : <\/strong> x<\/p>\n","protected":false},"excerpt":{"rendered":"<p>Divertido juego de construcci\u00f3n para pasar horas de diversi\u00f3n. Incluye 100 bloques cl\u00e1sicos de madera de alta calidad, bien pintadas con colores brillantes e impresos a mano con n\u00fameros y el alfabeto. Dise\u00f1ado para que los ni\u00f1os usen su imaginaci\u00f3n para armar diferentes escenas. Fabricado en material suave y resistente. Material : Madera C\u00f3digo Aukinko [&hellip;]<\/p>\n","protected":false},"featured_media":624957,"comment_status":"open","ping_status":"closed","template":"","meta":{"_et_pb_use_builder":"","_et_pb_old_content":"","_et_gb_content_width":""},"product_brand":[],"product_cat":[91,19,151,90,20],"product_tag":[],"class_list":{"0":"post-572708","1":"product","2":"type-product","3":"status-publish","4":"has-post-thumbnail","6":"product_cat-accesorios-sala","7":"product_cat-construccion","8":"product_cat-lenguaje","9":"product_cat-matematicas","10":"product_cat-motricidad-fina","11":"pa_edad-2-a-3-anos","12":"pa_edad-3-a-4-anos","13":"pa_edad-4-a-5-anos","14":"pa_edad-5-a-6-anos","15":"pa_marca-viga","16":"pa_medidas-22-x-22-cm-diametro-tonel","18":"first","19":"instock","20":"shipping-taxable","21":"purchasable","22":"product-type-simple"},"aioseo_notices":[],"_links":{"self":[{"href":"https:\/\/aukinkochile.com\/web\/wp-json\/wp\/v2\/product\/572708","targetHints":{"allow":["GET"]}}],"collection":[{"href":"https:\/\/aukinkochile.com\/web\/wp-json\/wp\/v2\/product"}],"about":[{"href":"https:\/\/aukinkochile.com\/web\/wp-json\/wp\/v2\/types\/product"}],"replies":[{"embeddable":true,"href":"https:\/\/aukinkochile.com\/web\/wp-json\/wp\/v2\/comments?post=572708"}],"wp:featuredmedia":[{"embeddable":true,"href":"https:\/\/aukinkochile.com\/web\/wp-json\/wp\/v2\/media\/624957"}],"wp:attachment":[{"href":"https:\/\/aukinkochile.com\/web\/wp-json\/wp\/v2\/media?parent=572708"}],"wp:term":[{"taxonomy":"product_brand","embeddable":true,"href":"https:\/\/aukinkochile.com\/web\/wp-json\/wp\/v2\/product_brand?post=572708"},{"taxonomy":"product_cat","embeddable":true,"href":"https:\/\/aukinkochile.com\/web\/wp-json\/wp\/v2\/product_cat?post=572708"},{"taxonomy":"product_tag","embeddable":true,"href":"https:\/\/aukinkochile.com\/web\/wp-json\/wp\/v2\/product_tag?post=572708"}],"curies":[{"name":"wp","href":"https:\/\/api.w.org\/{rel}","templated":true}]}}