{"id":572636,"date":"2021-09-22T04:44:40","date_gmt":"2021-09-22T04:44:40","guid":{"rendered":"https:\/\/aukinkochile.com\/web\/producto\/bloques-con-ventanas-color-16-pz\/"},"modified":"2025-11-06T19:02:15","modified_gmt":"2025-11-06T19:02:15","slug":"bloques-con-ventanas-color-16-pz","status":"publish","type":"product","link":"https:\/\/aukinkochile.com\/web\/producto\/bloques-con-ventanas-color-16-pz\/","title":{"rendered":"Bloques Madera Ventanas Color 16 pz"},"content":{"rendered":"<p>Este divertido juego incluye 16 bloques de construcci\u00f3n de 4 colores diferentes y 4 formas variadas para hacer infinitas construcciones. Con estas ventanas de colores los m\u00e1s peque\u00f1os podr\u00e1n experimentar con la mezcla de colores superponi\u00e9ndolos en variadas combinaciones y viendo los colores resultantes de cada mezcla. Este divertido juego le dar\u00e1 infinitas posibilidades a los m\u00e1s peque\u00f1os para construir y dejar volar su imaginaci\u00f3n. Los colores y las formas variadas de las piezas estimular\u00e1n las habilidades cognitivas de los ni\u00f1os y ni\u00f1as y sus habilidades visuales, as\u00ed como tambi\u00e9n la coordinaci\u00f3n mano-ojo, la imaginaci\u00f3n y la creatividad. Fabricado en material suave y resistente.<\/p>\n<p><p><strong>Material : <\/strong> Madera<\/p>\n<p><strong>C\u00f3digo Aukinko : <\/strong> 18-244565<\/p>\n<p><strong>C\u00f3digo Convenio Marco : <\/strong> x<\/p>\n","protected":false},"excerpt":{"rendered":"<p>Este divertido juego incluye 16 bloques de construcci\u00f3n de 4 colores diferentes y 4 formas variadas para hacer infinitas construcciones. Con estas ventanas de colores los m\u00e1s peque\u00f1os podr\u00e1n experimentar con la mezcla de colores superponi\u00e9ndolos en variadas combinaciones y viendo los colores resultantes de cada mezcla. Este divertido juego le dar\u00e1 infinitas posibilidades a [&hellip;]<\/p>\n","protected":false},"featured_media":624868,"comment_status":"open","ping_status":"closed","template":"","meta":{"_et_pb_use_builder":"","_et_pb_old_content":"","_et_gb_content_width":""},"product_brand":[],"product_cat":[91,19,20],"product_tag":[],"class_list":{"0":"post-572636","1":"product","2":"type-product","3":"status-publish","4":"has-post-thumbnail","6":"product_cat-accesorios-sala","7":"product_cat-construccion","8":"product_cat-motricidad-fina","9":"pa_edad-3-a-4-anos","10":"pa_edad-4-a-5-anos","11":"pa_edad-5-a-6-anos","12":"pa_edad-6-a-8-anos","13":"pa_marca-viga","14":"pa_medidas-4563","15":"pa_medidas-5-x-28","16":"pa_medidas-5-x-6","17":"pa_medidas-6-cm","19":"first","20":"instock","21":"shipping-taxable","22":"purchasable","23":"product-type-simple"},"aioseo_notices":[],"_links":{"self":[{"href":"https:\/\/aukinkochile.com\/web\/wp-json\/wp\/v2\/product\/572636","targetHints":{"allow":["GET"]}}],"collection":[{"href":"https:\/\/aukinkochile.com\/web\/wp-json\/wp\/v2\/product"}],"about":[{"href":"https:\/\/aukinkochile.com\/web\/wp-json\/wp\/v2\/types\/product"}],"replies":[{"embeddable":true,"href":"https:\/\/aukinkochile.com\/web\/wp-json\/wp\/v2\/comments?post=572636"}],"wp:featuredmedia":[{"embeddable":true,"href":"https:\/\/aukinkochile.com\/web\/wp-json\/wp\/v2\/media\/624868"}],"wp:attachment":[{"href":"https:\/\/aukinkochile.com\/web\/wp-json\/wp\/v2\/media?parent=572636"}],"wp:term":[{"taxonomy":"product_brand","embeddable":true,"href":"https:\/\/aukinkochile.com\/web\/wp-json\/wp\/v2\/product_brand?post=572636"},{"taxonomy":"product_cat","embeddable":true,"href":"https:\/\/aukinkochile.com\/web\/wp-json\/wp\/v2\/product_cat?post=572636"},{"taxonomy":"product_tag","embeddable":true,"href":"https:\/\/aukinkochile.com\/web\/wp-json\/wp\/v2\/product_tag?post=572636"}],"curies":[{"name":"wp","href":"https:\/\/api.w.org\/{rel}","templated":true}]}}