{"id":572634,"date":"2021-09-22T04:44:39","date_gmt":"2021-09-22T04:44:39","guid":{"rendered":"https:\/\/aukinkochile.com\/web\/producto\/bloques-con-ventanas-16-pz\/"},"modified":"2025-11-06T19:02:11","modified_gmt":"2025-11-06T19:02:11","slug":"bloques-con-ventanas-16-pz","status":"publish","type":"product","link":"https:\/\/aukinkochile.com\/web\/producto\/bloques-con-ventanas-16-pz\/","title":{"rendered":"Bloques Madera Ventanas 16 pz"},"content":{"rendered":"<p>Este divertido juego incluye 16 bloques de Construcci\u00f3n de 4 formas diferentes (rect\u00e1ngulo 8 x 5 cm, cuadrado 5 x 5 cm, triangulo 8 cm y semic\u00edrculo 8 cm) con espejos de los dos lados para hacer infinitas construcciones. Este divertido juego le dar\u00e1 infinitas posibilidades a los m\u00e1s peque\u00f1os para construir y dejar volar su imaginaci\u00f3n. Los espejos estimulan el reconocimiento de uno mismo por parte de ni\u00f1os y ni\u00f1as y las formas variadas de las piezas acompa\u00f1an el desarrollo de las habilidades cognitivas de los ni\u00f1os y ni\u00f1as y sus habilidades visuales, as\u00ed como tambi\u00e9n la coordinaci\u00f3n mano-ojo, la imaginaci\u00f3n y la creatividad. Fabricado en material suave y resistente.<\/p>\n<p><p><strong>Material : <\/strong> Madera<\/p>\n<p><strong>C\u00f3digo Aukinko : <\/strong> 18-244564<\/p>\n<p><strong>C\u00f3digo Convenio Marco : <\/strong> x<\/p>\n","protected":false},"excerpt":{"rendered":"<p>Este divertido juego incluye 16 bloques de Construcci\u00f3n de 4 formas diferentes (rect\u00e1ngulo 8 x 5 cm, cuadrado 5 x 5 cm, triangulo 8 cm y semic\u00edrculo 8 cm) con espejos de los dos lados para hacer infinitas construcciones. Este divertido juego le dar\u00e1 infinitas posibilidades a los m\u00e1s peque\u00f1os para construir y dejar volar [&hellip;]<\/p>\n","protected":false},"featured_media":624867,"comment_status":"open","ping_status":"closed","template":"","meta":{"_et_pb_use_builder":"","_et_pb_old_content":"","_et_gb_content_width":""},"product_brand":[],"product_cat":[91,19,20],"product_tag":[],"class_list":{"0":"post-572634","1":"product","2":"type-product","3":"status-publish","4":"has-post-thumbnail","6":"product_cat-accesorios-sala","7":"product_cat-construccion","8":"product_cat-motricidad-fina","9":"pa_edad-3-a-4-anos","10":"pa_edad-4-a-5-anos","11":"pa_edad-5-a-6-anos","12":"pa_edad-6-a-8-anos","13":"pa_marca-viga","14":"pa_medidas-4563","15":"pa_medidas-5-x-28","16":"pa_medidas-5-x-6","17":"pa_medidas-6-cm","19":"first","20":"instock","21":"shipping-taxable","22":"purchasable","23":"product-type-simple"},"aioseo_notices":[],"_links":{"self":[{"href":"https:\/\/aukinkochile.com\/web\/wp-json\/wp\/v2\/product\/572634","targetHints":{"allow":["GET"]}}],"collection":[{"href":"https:\/\/aukinkochile.com\/web\/wp-json\/wp\/v2\/product"}],"about":[{"href":"https:\/\/aukinkochile.com\/web\/wp-json\/wp\/v2\/types\/product"}],"replies":[{"embeddable":true,"href":"https:\/\/aukinkochile.com\/web\/wp-json\/wp\/v2\/comments?post=572634"}],"wp:featuredmedia":[{"embeddable":true,"href":"https:\/\/aukinkochile.com\/web\/wp-json\/wp\/v2\/media\/624867"}],"wp:attachment":[{"href":"https:\/\/aukinkochile.com\/web\/wp-json\/wp\/v2\/media?parent=572634"}],"wp:term":[{"taxonomy":"product_brand","embeddable":true,"href":"https:\/\/aukinkochile.com\/web\/wp-json\/wp\/v2\/product_brand?post=572634"},{"taxonomy":"product_cat","embeddable":true,"href":"https:\/\/aukinkochile.com\/web\/wp-json\/wp\/v2\/product_cat?post=572634"},{"taxonomy":"product_tag","embeddable":true,"href":"https:\/\/aukinkochile.com\/web\/wp-json\/wp\/v2\/product_tag?post=572634"}],"curies":[{"name":"wp","href":"https:\/\/api.w.org\/{rel}","templated":true}]}}