{"id":572620,"date":"2021-09-22T04:44:37","date_gmt":"2021-09-22T04:44:37","guid":{"rendered":"https:\/\/aukinkochile.com\/web\/producto\/juego-pared-oso-numeros\/"},"modified":"2025-11-06T19:01:50","modified_gmt":"2025-11-06T19:01:50","slug":"juego-pared-oso-numeros","status":"publish","type":"product","link":"https:\/\/aukinkochile.com\/web\/producto\/juego-pared-oso-numeros\/","title":{"rendered":"Juego Pared Madera Oso N\u00fameros"},"content":{"rendered":"<p>Con este hermoso juego de pared los ni\u00f1os y ni\u00f1as tendr\u00e1n que lograr colocar las piezas seg\u00fan la cantidad de puntos que tienen con el n\u00famero que les corresponde. Hecho en material suave y resistente. Juego desarrollado para estimular el reconocimiento de colores y de n\u00fameros, el conteo, la coordinaci\u00f3n mano-ojo y el pensamiento l\u00f3gico. Fabricado en material suave y resistente.<\/p>\n<p><p><strong>Material : <\/strong> Madera<\/p>\n<p><strong>C\u00f3digo Aukinko : <\/strong> 18-244554<\/p>\n<p><strong>C\u00f3digo Convenio Marco : <\/strong> x<\/p>\n","protected":false},"excerpt":{"rendered":"<p>Con este hermoso juego de pared los ni\u00f1os y ni\u00f1as tendr\u00e1n que lograr colocar las piezas seg\u00fan la cantidad de puntos que tienen con el n\u00famero que les corresponde. Hecho en material suave y resistente. Juego desarrollado para estimular el reconocimiento de colores y de n\u00fameros, el conteo, la coordinaci\u00f3n mano-ojo y el pensamiento l\u00f3gico. [&hellip;]<\/p>\n","protected":false},"featured_media":624858,"comment_status":"open","ping_status":"closed","template":"","meta":{"_et_pb_use_builder":"","_et_pb_old_content":"","_et_gb_content_width":""},"product_brand":[],"product_cat":[91,20],"product_tag":[],"class_list":{"0":"post-572620","1":"product","2":"type-product","3":"status-publish","4":"has-post-thumbnail","6":"product_cat-accesorios-sala","7":"product_cat-motricidad-fina","8":"pa_edad-3-a-4-anos","9":"pa_edad-4-a-5-anos","10":"pa_edad-5-a-6-anos","11":"pa_edad-6-a-8-anos","12":"pa_marca-viga","13":"pa_medidas-30-x-30-x-2","14":"pa_medidas-4-cm","16":"first","17":"instock","18":"shipping-taxable","19":"purchasable","20":"product-type-simple"},"aioseo_notices":[],"_links":{"self":[{"href":"https:\/\/aukinkochile.com\/web\/wp-json\/wp\/v2\/product\/572620","targetHints":{"allow":["GET"]}}],"collection":[{"href":"https:\/\/aukinkochile.com\/web\/wp-json\/wp\/v2\/product"}],"about":[{"href":"https:\/\/aukinkochile.com\/web\/wp-json\/wp\/v2\/types\/product"}],"replies":[{"embeddable":true,"href":"https:\/\/aukinkochile.com\/web\/wp-json\/wp\/v2\/comments?post=572620"}],"wp:featuredmedia":[{"embeddable":true,"href":"https:\/\/aukinkochile.com\/web\/wp-json\/wp\/v2\/media\/624858"}],"wp:attachment":[{"href":"https:\/\/aukinkochile.com\/web\/wp-json\/wp\/v2\/media?parent=572620"}],"wp:term":[{"taxonomy":"product_brand","embeddable":true,"href":"https:\/\/aukinkochile.com\/web\/wp-json\/wp\/v2\/product_brand?post=572620"},{"taxonomy":"product_cat","embeddable":true,"href":"https:\/\/aukinkochile.com\/web\/wp-json\/wp\/v2\/product_cat?post=572620"},{"taxonomy":"product_tag","embeddable":true,"href":"https:\/\/aukinkochile.com\/web\/wp-json\/wp\/v2\/product_tag?post=572620"}],"curies":[{"name":"wp","href":"https:\/\/api.w.org\/{rel}","templated":true}]}}