{"id":572586,"date":"2021-09-22T04:44:29","date_gmt":"2021-09-22T04:44:29","guid":{"rendered":"https:\/\/aukinkochile.com\/web\/producto\/cocina-pesa-madera\/"},"modified":"2025-11-06T19:00:49","modified_gmt":"2025-11-06T19:00:49","slug":"cocina-pesa-madera","status":"publish","type":"product","link":"https:\/\/aukinkochile.com\/web\/producto\/cocina-pesa-madera\/","title":{"rendered":"Cocina Pesa Madera"},"content":{"rendered":"<p>Hermosa pesa de madera para juegos de rol y de aprendizaje. Un juguete ideal para introducir a los mas peque\u00f1os al concepto de peso y a las matem\u00e1ticas en general. Excelente para el desarrollo del pensamiento critico as\u00ed como juegos de roles. Los juegos de roles estimulan el desarrollo de las habilidades y sociales y la lengua de una forma muy entretenida. Fabricado en material suave y resistente.<\/p>\n<p><p><strong>Material : <\/strong> Madera<\/p>\n<p><strong>C\u00f3digo Aukinko : <\/strong> 18-244526<\/p>\n<p><strong>C\u00f3digo Convenio Marco : <\/strong> x<\/p>\n","protected":false},"excerpt":{"rendered":"<p>Hermosa pesa de madera para juegos de rol y de aprendizaje. Un juguete ideal para introducir a los mas peque\u00f1os al concepto de peso y a las matem\u00e1ticas en general. Excelente para el desarrollo del pensamiento critico as\u00ed como juegos de roles. Los juegos de roles estimulan el desarrollo de las habilidades y sociales y [&hellip;]<\/p>\n","protected":false},"featured_media":624841,"comment_status":"open","ping_status":"closed","template":"","meta":{"_et_pb_use_builder":"","_et_pb_old_content":"","_et_gb_content_width":""},"product_brand":[],"product_cat":[91,17],"product_tag":[],"class_list":{"0":"post-572586","1":"product","2":"type-product","3":"status-publish","4":"has-post-thumbnail","6":"product_cat-accesorios-sala","7":"product_cat-juegos-de-rol","8":"pa_edad-3-a-4-anos","9":"pa_edad-4-a-5-anos","10":"pa_edad-5-a-6-anos","11":"pa_marca-viga","12":"pa_medidas-4379","13":"pa_medidas-5-cm","14":"pa_medidas-5-x-20-x-8","16":"first","17":"instock","18":"shipping-taxable","19":"purchasable","20":"product-type-simple"},"aioseo_notices":[],"_links":{"self":[{"href":"https:\/\/aukinkochile.com\/web\/wp-json\/wp\/v2\/product\/572586","targetHints":{"allow":["GET"]}}],"collection":[{"href":"https:\/\/aukinkochile.com\/web\/wp-json\/wp\/v2\/product"}],"about":[{"href":"https:\/\/aukinkochile.com\/web\/wp-json\/wp\/v2\/types\/product"}],"replies":[{"embeddable":true,"href":"https:\/\/aukinkochile.com\/web\/wp-json\/wp\/v2\/comments?post=572586"}],"wp:featuredmedia":[{"embeddable":true,"href":"https:\/\/aukinkochile.com\/web\/wp-json\/wp\/v2\/media\/624841"}],"wp:attachment":[{"href":"https:\/\/aukinkochile.com\/web\/wp-json\/wp\/v2\/media?parent=572586"}],"wp:term":[{"taxonomy":"product_brand","embeddable":true,"href":"https:\/\/aukinkochile.com\/web\/wp-json\/wp\/v2\/product_brand?post=572586"},{"taxonomy":"product_cat","embeddable":true,"href":"https:\/\/aukinkochile.com\/web\/wp-json\/wp\/v2\/product_cat?post=572586"},{"taxonomy":"product_tag","embeddable":true,"href":"https:\/\/aukinkochile.com\/web\/wp-json\/wp\/v2\/product_tag?post=572586"}],"curies":[{"name":"wp","href":"https:\/\/api.w.org\/{rel}","templated":true}]}}