{"id":572584,"date":"2021-09-22T04:44:29","date_gmt":"2021-09-22T04:44:29","guid":{"rendered":"https:\/\/aukinkochile.com\/web\/producto\/comida-refrigerador-set-20-pz\/"},"modified":"2025-11-06T19:00:45","modified_gmt":"2025-11-06T19:00:45","slug":"comida-refrigerador-set-20-pz","status":"publish","type":"product","link":"https:\/\/aukinkochile.com\/web\/producto\/comida-refrigerador-set-20-pz\/","title":{"rendered":"Comida Madera Refrigerador set 20 pz"},"content":{"rendered":"<p>Divertido set de alimentos de refrigerador de madera, material resistente, con colores vivos y un hermoso dise\u00f1o. Contiene 1 caja de madera (19,6 x 14,2 x 5,4 cm) con 2 rebanadas de pan de molde (8 cm), 2 mitades de pan de hamburguesa, mantequilla, 1 salame, 1 mortadela, 1 yogurt (8 cm x 6 cm di\u00e1metro), 1 trozo queso Edam, 1 trozo queso gruyere. Mas una caja de madera con 1 cangrejo, 1 camar\u00f3n, 1 pescado, 1 trozo de pollo, 1 salchicha, 1 hamburguesa (8 cm di\u00e1metro), 1 trozo de carne 1 trozo de chuleta. Fabricado en material suave y resistente.<\/p>\n<p><p><strong>Material : <\/strong> Madera<\/p>\n<p><strong>C\u00f3digo Aukinko : <\/strong> 18-244525<\/p>\n<p><strong>C\u00f3digo Convenio Marco : <\/strong> x<\/p>\n","protected":false},"excerpt":{"rendered":"<p>Divertido set de alimentos de refrigerador de madera, material resistente, con colores vivos y un hermoso dise\u00f1o. Contiene 1 caja de madera (19,6 x 14,2 x 5,4 cm) con 2 rebanadas de pan de molde (8 cm), 2 mitades de pan de hamburguesa, mantequilla, 1 salame, 1 mortadela, 1 yogurt (8 cm x 6 cm [&hellip;]<\/p>\n","protected":false},"featured_media":624840,"comment_status":"open","ping_status":"closed","template":"","meta":{"_et_pb_use_builder":"","_et_pb_old_content":"","_et_gb_content_width":""},"product_brand":[],"product_cat":[91,17],"product_tag":[],"class_list":{"0":"post-572584","1":"product","2":"type-product","3":"status-publish","4":"has-post-thumbnail","6":"product_cat-accesorios-sala","7":"product_cat-juegos-de-rol","8":"pa_edad-3-a-4-anos","9":"pa_edad-4-a-5-anos","10":"pa_edad-5-a-6-anos","11":"pa_edad-6-a-8-anos","12":"pa_marca-viga","13":"pa_medidas-29-x-6-x-20-cm-caja","15":"first","16":"instock","17":"shipping-taxable","18":"purchasable","19":"product-type-simple"},"aioseo_notices":[],"_links":{"self":[{"href":"https:\/\/aukinkochile.com\/web\/wp-json\/wp\/v2\/product\/572584","targetHints":{"allow":["GET"]}}],"collection":[{"href":"https:\/\/aukinkochile.com\/web\/wp-json\/wp\/v2\/product"}],"about":[{"href":"https:\/\/aukinkochile.com\/web\/wp-json\/wp\/v2\/types\/product"}],"replies":[{"embeddable":true,"href":"https:\/\/aukinkochile.com\/web\/wp-json\/wp\/v2\/comments?post=572584"}],"wp:featuredmedia":[{"embeddable":true,"href":"https:\/\/aukinkochile.com\/web\/wp-json\/wp\/v2\/media\/624840"}],"wp:attachment":[{"href":"https:\/\/aukinkochile.com\/web\/wp-json\/wp\/v2\/media?parent=572584"}],"wp:term":[{"taxonomy":"product_brand","embeddable":true,"href":"https:\/\/aukinkochile.com\/web\/wp-json\/wp\/v2\/product_brand?post=572584"},{"taxonomy":"product_cat","embeddable":true,"href":"https:\/\/aukinkochile.com\/web\/wp-json\/wp\/v2\/product_cat?post=572584"},{"taxonomy":"product_tag","embeddable":true,"href":"https:\/\/aukinkochile.com\/web\/wp-json\/wp\/v2\/product_tag?post=572584"}],"curies":[{"name":"wp","href":"https:\/\/api.w.org\/{rel}","templated":true}]}}