{"id":572580,"date":"2021-09-22T04:44:28","date_gmt":"2021-09-22T04:44:28","guid":{"rendered":"https:\/\/aukinkochile.com\/web\/producto\/comida-frutas-y-verduras-set-10-pz\/"},"modified":"2025-11-06T19:00:37","modified_gmt":"2025-11-06T19:00:37","slug":"comida-frutas-y-verduras-set-10-pz","status":"publish","type":"product","link":"https:\/\/aukinkochile.com\/web\/producto\/comida-frutas-y-verduras-set-10-pz\/","title":{"rendered":"Comida Madera Frutas y Verduras set 10 pz"},"content":{"rendered":"<p>Divertido juego de frutas y verduras de madera que parecen reales ideales para simular juegos de cocina, compras o restaurantes. Incluye 10 frutas y verduras de madera (1 naranja, 1 manzana, 1 pera, 1 kiwi, 1 zanahoria, 1 lim\u00f3n, 1 champi\u00f1\u00f3n, 1 cebolla, 1 berenjena y 1 pl\u00e1tano) diferentes en una hermosa caja de madera. Fabricado en material suave y resistente. <\/p>\n<p><p><strong>Material : <\/strong> Madera<\/p>\n<p><strong>C\u00f3digo Aukinko : <\/strong> 18-244523<\/p>\n<p><strong>C\u00f3digo Convenio Marco : <\/strong> x<\/p>\n","protected":false},"excerpt":{"rendered":"<p>Divertido juego de frutas y verduras de madera que parecen reales ideales para simular juegos de cocina, compras o restaurantes. Incluye 10 frutas y verduras de madera (1 naranja, 1 manzana, 1 pera, 1 kiwi, 1 zanahoria, 1 lim\u00f3n, 1 champi\u00f1\u00f3n, 1 cebolla, 1 berenjena y 1 pl\u00e1tano) diferentes en una hermosa caja de madera. [&hellip;]<\/p>\n","protected":false},"featured_media":624838,"comment_status":"open","ping_status":"closed","template":"","meta":{"_et_pb_use_builder":"","_et_pb_old_content":"","_et_gb_content_width":""},"product_brand":[],"product_cat":[91,17],"product_tag":[],"class_list":{"0":"post-572580","1":"product","2":"type-product","3":"status-publish","4":"has-post-thumbnail","6":"product_cat-accesorios-sala","7":"product_cat-juegos-de-rol","8":"pa_edad-2-a-3-anos","9":"pa_edad-3-a-4-anos","10":"pa_edad-4-a-5-anos","11":"pa_edad-5-a-6-anos","12":"pa_edad-6-a-8-anos","13":"pa_marca-viga","14":"pa_medidas-20-x-14-x-5","15":"pa_medidas-5-cm","17":"first","18":"instock","19":"shipping-taxable","20":"purchasable","21":"product-type-simple"},"aioseo_notices":[],"_links":{"self":[{"href":"https:\/\/aukinkochile.com\/web\/wp-json\/wp\/v2\/product\/572580","targetHints":{"allow":["GET"]}}],"collection":[{"href":"https:\/\/aukinkochile.com\/web\/wp-json\/wp\/v2\/product"}],"about":[{"href":"https:\/\/aukinkochile.com\/web\/wp-json\/wp\/v2\/types\/product"}],"replies":[{"embeddable":true,"href":"https:\/\/aukinkochile.com\/web\/wp-json\/wp\/v2\/comments?post=572580"}],"wp:featuredmedia":[{"embeddable":true,"href":"https:\/\/aukinkochile.com\/web\/wp-json\/wp\/v2\/media\/624838"}],"wp:attachment":[{"href":"https:\/\/aukinkochile.com\/web\/wp-json\/wp\/v2\/media?parent=572580"}],"wp:term":[{"taxonomy":"product_brand","embeddable":true,"href":"https:\/\/aukinkochile.com\/web\/wp-json\/wp\/v2\/product_brand?post=572580"},{"taxonomy":"product_cat","embeddable":true,"href":"https:\/\/aukinkochile.com\/web\/wp-json\/wp\/v2\/product_cat?post=572580"},{"taxonomy":"product_tag","embeddable":true,"href":"https:\/\/aukinkochile.com\/web\/wp-json\/wp\/v2\/product_tag?post=572580"}],"curies":[{"name":"wp","href":"https:\/\/api.w.org\/{rel}","templated":true}]}}