{"id":572554,"date":"2021-09-22T04:44:23","date_gmt":"2021-09-22T04:44:23","guid":{"rendered":"https:\/\/aukinkochile.com\/web\/producto\/clasificar-reciclaje-55-pz\/"},"modified":"2025-11-06T19:00:08","modified_gmt":"2025-11-06T19:00:08","slug":"clasificar-reciclaje-55-pz","status":"publish","type":"product","link":"https:\/\/aukinkochile.com\/web\/producto\/clasificar-reciclaje-55-pz\/","title":{"rendered":"Clasificar Reciclaje Madera 55 pz"},"content":{"rendered":"<p>Divertido juego para ense\u00f1ar a los m\u00e1s peque\u00f1os y las m\u00e1s peque\u00f1as a clasificar los desechos. Ayuda a desarrollar la capacidad de diferenciaci\u00f3n y clasificaci\u00f3n por colores y otros conceptos. Adem\u00e1s de educar a los m\u00e1s peque\u00f1os en el cuidado del medio ambiente y el reciclaje. Contiene una caja con tapas con 4 agujeros y soporte para una tarjeta de 28 x 6 cm con los 4 contenedores de colores, 50 fichas cuadradas de madera (5 x 5 cm aprox) que combinan con los contenedores de basura, 2 dados con puntos de colores para diferentes formas de jugar e instrucciones. Se puede jugar con 1 jugador o en equipo.<\/p>\n<p><p><strong>Material : <\/strong> Madera<\/p>\n<p><strong>C\u00f3digo Aukinko : <\/strong> 18-244504<\/p>\n<p><strong>C\u00f3digo Convenio Marco : <\/strong> x<\/p>\n","protected":false},"excerpt":{"rendered":"<p>Divertido juego para ense\u00f1ar a los m\u00e1s peque\u00f1os y las m\u00e1s peque\u00f1as a clasificar los desechos. Ayuda a desarrollar la capacidad de diferenciaci\u00f3n y clasificaci\u00f3n por colores y otros conceptos. Adem\u00e1s de educar a los m\u00e1s peque\u00f1os en el cuidado del medio ambiente y el reciclaje. Contiene una caja con tapas con 4 agujeros y [&hellip;]<\/p>\n","protected":false},"featured_media":624829,"comment_status":"open","ping_status":"closed","template":"","meta":{"_et_pb_use_builder":"","_et_pb_old_content":"","_et_gb_content_width":""},"product_brand":[],"product_cat":[91,150,92,17,20],"product_tag":[],"class_list":{"0":"post-572554","1":"product","2":"type-product","3":"status-publish","4":"has-post-thumbnail","6":"product_cat-accesorios-sala","7":"product_cat-asociacion-y-logica","8":"product_cat-ciencias","9":"product_cat-juegos-de-rol","10":"product_cat-motricidad-fina","11":"pa_edad-4-a-5-anos","12":"pa_edad-5-a-6-anos","13":"pa_edad-6-a-8-anos","14":"pa_edad-8-a-10-anos","15":"pa_marca-viga","16":"pa_medidas-12-x-8","17":"pa_medidas-3-x-29","18":"pa_medidas-5-cm","20":"first","21":"instock","22":"shipping-taxable","23":"purchasable","24":"product-type-simple"},"aioseo_notices":[],"_links":{"self":[{"href":"https:\/\/aukinkochile.com\/web\/wp-json\/wp\/v2\/product\/572554","targetHints":{"allow":["GET"]}}],"collection":[{"href":"https:\/\/aukinkochile.com\/web\/wp-json\/wp\/v2\/product"}],"about":[{"href":"https:\/\/aukinkochile.com\/web\/wp-json\/wp\/v2\/types\/product"}],"replies":[{"embeddable":true,"href":"https:\/\/aukinkochile.com\/web\/wp-json\/wp\/v2\/comments?post=572554"}],"wp:featuredmedia":[{"embeddable":true,"href":"https:\/\/aukinkochile.com\/web\/wp-json\/wp\/v2\/media\/624829"}],"wp:attachment":[{"href":"https:\/\/aukinkochile.com\/web\/wp-json\/wp\/v2\/media?parent=572554"}],"wp:term":[{"taxonomy":"product_brand","embeddable":true,"href":"https:\/\/aukinkochile.com\/web\/wp-json\/wp\/v2\/product_brand?post=572554"},{"taxonomy":"product_cat","embeddable":true,"href":"https:\/\/aukinkochile.com\/web\/wp-json\/wp\/v2\/product_cat?post=572554"},{"taxonomy":"product_tag","embeddable":true,"href":"https:\/\/aukinkochile.com\/web\/wp-json\/wp\/v2\/product_tag?post=572554"}],"curies":[{"name":"wp","href":"https:\/\/api.w.org\/{rel}","templated":true}]}}