{"id":572552,"date":"2021-09-22T04:44:22","date_gmt":"2021-09-22T04:44:22","guid":{"rendered":"https:\/\/aukinkochile.com\/web\/producto\/teatro-y-mercado\/"},"modified":"2025-11-06T19:00:08","modified_gmt":"2025-11-06T19:00:08","slug":"teatro-y-mercado","status":"publish","type":"product","link":"https:\/\/aukinkochile.com\/web\/producto\/teatro-y-mercado\/","title":{"rendered":"Teatro y Mercado Madera"},"content":{"rendered":"<p>Este divertido juego que combina una tienda de comestibles y un teatro es ideal para estimular los juegos de rol en la primera infancia. Los ni\u00f1os y ni\u00f1as pueden jugar al teatro y al almac\u00e9n. Los juegos de rol son importantes para el desarrollo del lenguaje y la socializaci\u00f3n de los mas peque\u00f1os. Tiene una pizarra negra incluida. De gran calidad y dise\u00f1o. <\/p>\n<p><p><strong>Material : <\/strong> Madera<\/p>\n<p><strong>C\u00f3digo Aukinko : <\/strong> 18-244501<\/p>\n<p><strong>C\u00f3digo Convenio Marco : <\/strong> x<\/p>\n","protected":false},"excerpt":{"rendered":"<p>Este divertido juego que combina una tienda de comestibles y un teatro es ideal para estimular los juegos de rol en la primera infancia. Los ni\u00f1os y ni\u00f1as pueden jugar al teatro y al almac\u00e9n. Los juegos de rol son importantes para el desarrollo del lenguaje y la socializaci\u00f3n de los mas peque\u00f1os. Tiene una [&hellip;]<\/p>\n","protected":false},"featured_media":624828,"comment_status":"open","ping_status":"closed","template":"","meta":{"_et_pb_use_builder":"","_et_pb_old_content":"","_et_gb_content_width":""},"product_brand":[],"product_cat":[91,17],"product_tag":[],"class_list":{"0":"post-572552","1":"product","2":"type-product","3":"status-publish","4":"has-post-thumbnail","6":"product_cat-accesorios-sala","7":"product_cat-juegos-de-rol","8":"pa_edad-2-a-3-anos","9":"pa_edad-3-a-4-anos","10":"pa_edad-4-a-5-anos","11":"pa_edad-5-a-6-anos","12":"pa_marca-viga","13":"pa_medidas-4481","14":"pa_medidas-5-x-66-x-29-cm-teatro-armado","16":"first","17":"instock","18":"shipping-taxable","19":"purchasable","20":"product-type-simple"},"aioseo_notices":[],"_links":{"self":[{"href":"https:\/\/aukinkochile.com\/web\/wp-json\/wp\/v2\/product\/572552","targetHints":{"allow":["GET"]}}],"collection":[{"href":"https:\/\/aukinkochile.com\/web\/wp-json\/wp\/v2\/product"}],"about":[{"href":"https:\/\/aukinkochile.com\/web\/wp-json\/wp\/v2\/types\/product"}],"replies":[{"embeddable":true,"href":"https:\/\/aukinkochile.com\/web\/wp-json\/wp\/v2\/comments?post=572552"}],"wp:featuredmedia":[{"embeddable":true,"href":"https:\/\/aukinkochile.com\/web\/wp-json\/wp\/v2\/media\/624828"}],"wp:attachment":[{"href":"https:\/\/aukinkochile.com\/web\/wp-json\/wp\/v2\/media?parent=572552"}],"wp:term":[{"taxonomy":"product_brand","embeddable":true,"href":"https:\/\/aukinkochile.com\/web\/wp-json\/wp\/v2\/product_brand?post=572552"},{"taxonomy":"product_cat","embeddable":true,"href":"https:\/\/aukinkochile.com\/web\/wp-json\/wp\/v2\/product_cat?post=572552"},{"taxonomy":"product_tag","embeddable":true,"href":"https:\/\/aukinkochile.com\/web\/wp-json\/wp\/v2\/product_tag?post=572552"}],"curies":[{"name":"wp","href":"https:\/\/api.w.org\/{rel}","templated":true}]}}